{"id":13256,"date":"2026-02-16T14:32:18","date_gmt":"2026-02-16T12:32:18","guid":{"rendered":"https:\/\/wireless.md\/?post_type=product&#038;p=13256"},"modified":"2026-02-16T14:35:11","modified_gmt":"2026-02-16T12:35:11","slug":"hollyland-lark-m2s-ultimate-combo-white","status":"publish","type":"product","link":"https:\/\/wireless.md\/ro\/produs\/hollyland-lark-m2s-ultimate-combo-white\/","title":{"rendered":"Hollyland LARK M2S Ultimate Combo (White)"},"content":{"rendered":"<table width=\"1039\">\n<tbody>\n<tr>\n<td width=\"207\">Tehnologie f\u0103r\u0103 fir<\/td>\n<td width=\"832\">2.4GHz AFH<\/td>\n<\/tr>\n<tr>\n<td width=\"207\">Intervalul LOS<\/td>\n<td width=\"832\">300m (1,000ft)<\/td>\n<\/tr>\n<tr>\n<td width=\"207\">Mic model polar<\/td>\n<td width=\"832\">Omnidirec\u021bional<\/td>\n<\/tr>\n<tr>\n<td width=\"207\">Gama de frecven\u021be<\/td>\n<td width=\"832\">20 Hz - 20 kHz<\/td>\n<\/tr>\n<tr>\n<td width=\"207\">Rata de e\u0219antionare \/ ad\u00e2ncimea de bi\u021bi<\/td>\n<td width=\"832\">48 kHz \/ 24 bi\u021bi<\/td>\n<\/tr>\n<tr>\n<td width=\"207\">SPL maxim<\/td>\n<td width=\"832\">116dB SPL<\/td>\n<\/tr>\n<tr>\n<td width=\"207\">Gama dinamic\u0103 implicit\u0103<\/td>\n<td width=\"832\">80dB (versiune mobil\u0103)<br \/>\n94dB (versiunea cu camer\u0103)<\/td>\n<\/tr>\n<tr>\n<td width=\"207\">Capacitatea bateriei<\/td>\n<td width=\"832\">TX: 85 mAh;<br \/>\nVersiunea camerei RX: 145 mAh;<br \/>\nVersiune mobil\u0103 carcas\u0103 de \u00eenc\u0103rcare: 680 mAh<br \/>\nVersiune Combo Carcas\u0103 de \u00eenc\u0103rcare: 1300 mAh<\/td>\n<\/tr>\n<tr>\n<td width=\"207\">Anularea zgomotului<\/td>\n<td width=\"832\">+ (ENC)<\/td>\n<\/tr>\n<tr>\n<td width=\"207\">\u00cenregistrare intern\u0103<\/td>\n<td width=\"832\">&#8212;<\/td>\n<\/tr>\n<tr>\n<td width=\"207\">Ie\u0219ire audio digital\u0103 USB<\/td>\n<td width=\"832\">+<\/td>\n<\/tr>\n<tr>\n<td width=\"207\">Mod mono<\/td>\n<td width=\"832\">+<\/td>\n<\/tr>\n<tr>\n<td width=\"207\">Mod stereo<\/td>\n<td width=\"832\">+<\/td>\n<\/tr>\n<tr>\n<td width=\"207\">Pist\u0103 de siguran\u021b\u0103<\/td>\n<td width=\"832\">&#8212;<\/td>\n<\/tr>\n<tr>\n<td width=\"207\">Set\u0103ri EQ<\/td>\n<td width=\"832\">&#8212;<\/td>\n<\/tr>\n<tr>\n<td width=\"207\">Set\u0103ri c\u00e2\u0219tig microfon<\/td>\n<td width=\"832\">+<\/td>\n<\/tr>\n<tr>\n<td width=\"207\">Certificare MFi<\/td>\n<td width=\"832\">+<\/td>\n<\/tr>\n<tr>\n<td width=\"207\">Suport pentru aplica\u021bii<\/td>\n<td width=\"832\">+<\/td>\n<\/tr>\n<tr>\n<td width=\"207\">Ecran de afi\u0219are<\/td>\n<td width=\"832\">&#8212;<\/td>\n<\/tr>\n<tr>\n<td width=\"207\">Indicator\/ecran<br \/>\nReglarea luminozit\u0103\u021bii<\/td>\n<td width=\"832\">&#8212;<\/td>\n<\/tr>\n<tr>\n<td width=\"207\">Monitorizare \u00een timp real<\/td>\n<td width=\"832\">&#8212;<\/td>\n<\/tr>\n<tr>\n<td width=\"207\">Ata\u0219ament magnetic<\/td>\n<td width=\"832\">&#8212;<\/td>\n<\/tr>\n<tr>\n<td width=\"207\">Conexiune microfon Lavalier cu fir<\/td>\n<td width=\"832\">&#8212;<\/td>\n<\/tr>\n<tr>\n<td width=\"207\">Timp de func\u021bionare (Aprox.)<\/td>\n<td width=\"832\">TX: Aproximativ 9 ore<br \/>\nVersiunea camerei RX: Aprox. 8,5 ore<br \/>\nCarcas\u0103 pentru \u00eenc\u0103rcarea versiunii mobile: &gt; \u00eenc\u0103rcare de 2 ori pentru 2 TX \u00een acela\u0219i timp<br \/>\nCombo Version Charging Case: &gt; 2,5 ori \u00eenc\u0103rcare pentru toate TX \u0219i RX \u00een acela\u0219i timp<\/td>\n<\/tr>\n<tr>\n<td width=\"207\">Timp de \u00eenc\u0103rcare (Aprox.)<\/td>\n<td width=\"832\">TX: Aproximativ 1 or\u0103<br \/>\nVersiunea camerei RX: Aproximativ 1 or\u0103<br \/>\nVersiunea mobil\u0103 a carcasei de \u00eenc\u0103rcare: &lt; 1,5 ore<br \/>\nVersiunea Combo Carcas\u0103 de \u00eenc\u0103rcare: &lt; 1,5 ore<\/td>\n<\/tr>\n<tr>\n<td width=\"207\">Dimensiuni (aprox.)<\/td>\n<td width=\"832\">TX: (corp principal - fa\u021b\u0103) \u03c613*6.3mm (0.5\" * 0.2\") (corp principal - spate) \u03c624*9mm (0.9\" * 0.4\")<br \/>\nVersiune mobil\u0103 RX: Aprox. 40*16.7*9mm (1.6\" * 0.7\" * 0.4\")<br \/>\nVersiunea camerei RX: Aprox. 40.5*25.5*13mm (1.6\" * 1.0\" * 0.5\") (excluz\u00e2nd pantoful rece)<br \/>\nCarcas\u0103 pentru \u00eenc\u0103rcarea versiunii mobile: Aprox. 55.2*75*36.5mm (2.2\" * 3.0\" * 1.4\")<br \/>\nVersiune Combo Carcas\u0103 de \u00eenc\u0103rcare: Aprox. 86*39*60.5mm (3.4\" * 1.5\" * 2.4\")<\/td>\n<\/tr>\n<tr>\n<td width=\"207\">Greutate (Aprox.)<\/td>\n<td width=\"832\">TX: Aprox. 7g (0,25oz)<br \/>\nVersiunea mobil\u0103 RX: Aprox. 6g (0.21oz)<br \/>\nVersiune aparat foto RX: Aprox. 12g (0.42oz)<br \/>\nCarcas\u0103 pentru \u00eenc\u0103rcarea versiunii mobile: Aprox. 80g (2.82oz)<br \/>\nCarcas\u0103 de \u00eenc\u0103rcare pentru versiunea Combo: Aproximativ 110 g (3,88 oz)<\/td>\n<\/tr>\n<\/tbody>\n<\/table>","protected":false},"excerpt":{"rendered":"<p>Acum pute\u021bi experimenta purtarea discret\u0103 \u0219i confortabil\u0103 cu microfonul nostru LARK M2S de dimensiunea unei perle, de doar 7 g, conceput pentru a oferi un sunet echilibrat \u0219i detaliat pentru blogurile dvs. video, interviuri, transmisiuni live \u0219i multe altele. Pur \u0219i simplu ata\u0219a\u021bi-l la guler cu clema noastr\u0103 din titan lider \u00een industrie \u0219i r\u0103m\u00e2ne discret \u0219i elegant peste hainele dvs. Bucura\u021bi-v\u0103 de \u00eenregistrarea audio f\u0103r\u0103 \u00eentreruperi, f\u0103r\u0103 a sacrifica stilul sau confortul.<\/p>\n<p><span style=\"color: #339966;\"><strong><a style=\"color: #339966;\" href=\"https:\/\/www.hollyland.com\/product\/lark-m2s\" target=\"_blank\" rel=\"noopener\">Mai multe despre model &gt;&gt;&gt;<\/a><\/strong><\/span><\/p>","protected":false},"featured_media":13261,"comment_status":"open","ping_status":"closed","template":"","meta":[],"product_brand":[129],"product_cat":[128],"product_tag":[243,178,216,217,247,207,242,241,231,240,233,237,238,235,239,234,236,232,244,230,245,177,205,227,226,222,219,225,218,211,223,228,224,221,220,212,210,206,229,213,208,209],"class_list":{"0":"post-13256","1":"product","2":"type-product","3":"status-publish","4":"has-post-thumbnail","6":"product_brand-hollyland","7":"product_cat-wireless-microphone","8":"product_tag-cumpara-microfon-chisinau","9":"product_tag-hollyland","10":"product_tag-hollyland-microphone","11":"product_tag-hollyland-moldova","12":"product_tag-lark-m2s","13":"product_tag-lavalier-mic","14":"product_tag-microfon-cu-husa-de-incarcare","15":"product_tag-microfon-cu-reducerea-zgomotului","16":"product_tag-microfon-lavalier","17":"product_tag-microfon-pentru-bloggeri","18":"product_tag-microfon-pentru-camera","19":"product_tag-microfon-pentru-conferinte","20":"product_tag-microfon-pentru-interviuri","21":"product_tag-microfon-pentru-podcast","22":"product_tag-microfon-pentru-streaming","23":"product_tag-microfon-pentru-telefon","24":"product_tag-microfon-pentru-youtube","25":"product_tag-microfon-profesional","26":"product_tag-microfon-profesional-moldova","27":"product_tag-microfon-wireless","28":"product_tag-solutii-audio-profesionale-moldova","29":"product_tag-wireless-microphone","30":"product_tag-besprovodnoj-mikrofon","31":"product_tag-kupit-hollyland-moldova","32":"product_tag-kupit-mikrofon-kishinyov","33":"product_tag-mikrofon-dlya-youtube","34":"product_tag-mikrofon-dlya-blogerov","35":"product_tag-mikrofon-dlya-zhurnalistov","36":"product_tag-mikrofon-dlya-intervyu","37":"product_tag-mikrofon-dlya-kamery","38":"product_tag-mikrofon-dlya-konferenczij","39":"product_tag-mikrofon-dlya-meropriyatij","40":"product_tag-mikrofon-dlya-onlajn-urokov","41":"product_tag-mikrofon-dlya-podkasta","42":"product_tag-mikrofon-dlya-striminga","43":"product_tag-mikrofon-dlya-telefona","44":"product_tag-mikrofon-s-zaryadnym-kejsom","45":"product_tag-petlichnyj-mikrofon","46":"product_tag-professionalnoe-audio-moldova","47":"product_tag-professionalnyj-mikrofon","48":"product_tag-czifrovaya-peredacha-zvuka","49":"product_tag-shumopodavlenie","51":"first","52":"instock","53":"featured","54":"shipping-taxable","55":"purchasable","56":"product-type-simple"},"_links":{"self":[{"href":"https:\/\/wireless.md\/ro\/wp-json\/wp\/v2\/product\/13256","targetHints":{"allow":["GET"]}}],"collection":[{"href":"https:\/\/wireless.md\/ro\/wp-json\/wp\/v2\/product"}],"about":[{"href":"https:\/\/wireless.md\/ro\/wp-json\/wp\/v2\/types\/product"}],"replies":[{"embeddable":true,"href":"https:\/\/wireless.md\/ro\/wp-json\/wp\/v2\/comments?post=13256"}],"version-history":[{"count":1,"href":"https:\/\/wireless.md\/ro\/wp-json\/wp\/v2\/product\/13256\/revisions"}],"predecessor-version":[{"id":13268,"href":"https:\/\/wireless.md\/ro\/wp-json\/wp\/v2\/product\/13256\/revisions\/13268"}],"wp:featuredmedia":[{"embeddable":true,"href":"https:\/\/wireless.md\/ro\/wp-json\/wp\/v2\/media\/13261"}],"wp:attachment":[{"href":"https:\/\/wireless.md\/ro\/wp-json\/wp\/v2\/media?parent=13256"}],"wp:term":[{"taxonomy":"product_brand","embeddable":true,"href":"https:\/\/wireless.md\/ro\/wp-json\/wp\/v2\/product_brand?post=13256"},{"taxonomy":"product_cat","embeddable":true,"href":"https:\/\/wireless.md\/ro\/wp-json\/wp\/v2\/product_cat?post=13256"},{"taxonomy":"product_tag","embeddable":true,"href":"https:\/\/wireless.md\/ro\/wp-json\/wp\/v2\/product_tag?post=13256"}],"curies":[{"name":"wp","href":"https:\/\/api.w.org\/{rel}","templated":true}]}}