{"id":13243,"date":"2026-02-16T12:32:47","date_gmt":"2026-02-16T10:32:47","guid":{"rendered":"https:\/\/wireless.md\/?post_type=product&#038;p=13243"},"modified":"2026-02-16T14:04:30","modified_gmt":"2026-02-16T12:04:30","slug":"hollyland-lark-m2-combo-ivory-white","status":"publish","type":"product","link":"https:\/\/wireless.md\/ro\/produs\/hollyland-lark-m2-combo-ivory-white\/","title":{"rendered":"Hollyland Lark M2 Combo Ivory White"},"content":{"rendered":"<table width=\"819\">\n<tbody>\n<tr>\n<td width=\"207\">Interfa\u021b\u0103<\/td>\n<td width=\"612\">TX: \/<br \/>\nRX: Mobil: Lightning \/ USB-C<br \/>\nCamer\u0103: USB-C, muf\u0103 de ie\u0219ire audio de 3,5 mm<br \/>\nCarcas\u0103 de \u00eenc\u0103rcare: USB-C<\/td>\n<\/tr>\n<tr>\n<td width=\"207\">Tehnologie f\u0103r\u0103 fir<\/td>\n<td width=\"612\">2.4GHz AFH<\/td>\n<\/tr>\n<tr>\n<td width=\"207\">Intervalul LOS<\/td>\n<td width=\"612\">300m (1,000ft)<\/td>\n<\/tr>\n<tr>\n<td width=\"207\">Mic model polar<\/td>\n<td width=\"612\">Omnidirec\u021bional<\/td>\n<\/tr>\n<tr>\n<td width=\"207\">Gama de frecven\u021be<\/td>\n<td width=\"612\">20 Hz - 20 kHz<\/td>\n<\/tr>\n<tr>\n<td width=\"207\">Rata de e\u0219antionare \/ ad\u00e2ncimea de bi\u021bi<\/td>\n<td width=\"612\">48 kHz \/ 24 bi\u021bi<\/td>\n<\/tr>\n<tr>\n<td width=\"207\">SPL maxim<\/td>\n<td width=\"612\">115dB SPL<\/td>\n<\/tr>\n<tr>\n<td width=\"207\">Gama dinamic\u0103 implicit\u0103<\/td>\n<td width=\"612\">80dB (versiune mobil\u0103)<br \/>\n94dB (versiunea cu camer\u0103)<\/td>\n<\/tr>\n<tr>\n<td width=\"207\">Capacitatea bateriei<\/td>\n<td width=\"612\">TX: 97 mAh<br \/>\nVersiunea camerei RX: 145 mAh<br \/>\nVersiune mobil\u0103 carcas\u0103 de \u00eenc\u0103rcare: 750 mAh<br \/>\nVersiune camer\u0103 Carcas\u0103 de \u00eenc\u0103rcare: 1950 mAh<\/td>\n<\/tr>\n<tr>\n<td width=\"207\">Anularea zgomotului<\/td>\n<td width=\"612\">Y<br \/>\n(ENC)<\/td>\n<\/tr>\n<tr>\n<td width=\"207\">\u00cenregistrare intern\u0103<\/td>\n<td width=\"612\">N<\/td>\n<\/tr>\n<tr>\n<td width=\"207\">Ie\u0219ire audio digital\u0103 USB<\/td>\n<td width=\"612\">Y<\/td>\n<\/tr>\n<tr>\n<td width=\"207\">Mod stereo<\/td>\n<td width=\"612\">Y<\/td>\n<\/tr>\n<tr>\n<td width=\"207\">Pist\u0103 de siguran\u021b\u0103<\/td>\n<td width=\"612\">N<\/td>\n<\/tr>\n<tr>\n<td width=\"207\">Set\u0103ri EQ<\/td>\n<td width=\"612\">N<\/td>\n<\/tr>\n<tr>\n<td width=\"207\">Set\u0103ri c\u00e2\u0219tig microfon<\/td>\n<td width=\"612\">N<\/td>\n<\/tr>\n<tr>\n<td width=\"207\">Certificare MFi<\/td>\n<td width=\"612\">Y<\/td>\n<\/tr>\n<tr>\n<td width=\"207\">Suport pentru aplica\u021bii<\/td>\n<td width=\"612\">Y<\/td>\n<\/tr>\n<tr>\n<td width=\"207\">Ecran de afi\u0219are<\/td>\n<td width=\"612\">N<\/td>\n<\/tr>\n<tr>\n<td width=\"207\">Indicator\/ecran<br \/>\nReglarea luminozit\u0103\u021bii<\/td>\n<td width=\"612\">N<\/td>\n<\/tr>\n<tr>\n<td width=\"207\">Monitorizare \u00een timp real<\/td>\n<td width=\"612\">N<\/td>\n<\/tr>\n<tr>\n<td width=\"207\">Ata\u0219ament magnetic<\/td>\n<td width=\"612\">Y<\/td>\n<\/tr>\n<tr>\n<td width=\"207\">Conexiune microfon Lavalier cu fir<\/td>\n<td width=\"612\">N<\/td>\n<\/tr>\n<tr>\n<td width=\"207\">Timp de func\u021bionare (Aprox.)<\/td>\n<td width=\"612\">TX: Aproximativ 10 ore<br \/>\nVersiunea camerei RX: Aproximativ 9 ore<br \/>\nCarcas\u0103 pentru \u00eenc\u0103rcarea versiunii mobile: &gt; \u00eenc\u0103rcare de 2 ori pentru 2 TX \u00een acela\u0219i timp<br \/>\nCarcas\u0103 pentru \u00eenc\u0103rcarea versiunii camerei: &gt; \u00eenc\u0103rcare de 3 ori pentru toate TX \u0219i RX \u00een acela\u0219i timp<\/td>\n<\/tr>\n<tr>\n<td width=\"207\">Timp de \u00eenc\u0103rcare (Aprox.)<\/td>\n<td width=\"612\">TX: aproximativ 1,5 ore<br \/>\nVersiunea camerei RX: aproximativ 1,5 ore<br \/>\nVersiunea mobil\u0103 a carcasei de \u00eenc\u0103rcare: &lt; 1,5 ore<br \/>\nVersiunea cu camer\u0103 Carcas\u0103 de \u00eenc\u0103rcare: &lt; 2 ore<\/td>\n<\/tr>\n<tr>\n<td width=\"207\">Dimensiuni (aprox.)<\/td>\n<td width=\"612\">TX: Aproximativ D26mm x 9.9mm (1.0\" x 0.4\")<br \/>\nVersiunea mobil\u0103 RX: Aprox. 40mm x 16.5mm x 9mm (1.6\" x 0.6\" x 0.4\")<br \/>\nVersiunea camerei RX: Aprox. 40mm x 25.7mm x 20.5mm (1.6\" x 1.0\" x 0.8\")<br \/>\nCarcas\u0103 pentru \u00eenc\u0103rcarea versiunii mobile: Aproximativ 75.8mm x 49.8mm x 35mm (3.0\" x 2.0\" x 1.4\")<br \/>\nCarcas\u0103 de \u00eenc\u0103rcare pentru camera foto: Aprox. 86mm x 54mm x 39mm (3.4\" x 2.1\" x 1.5\")<\/td>\n<\/tr>\n<tr>\n<td width=\"207\">Greutate (Aprox.)<\/td>\n<td width=\"612\">TX: Aprox. 9g (0.3oz)<br \/>\nVersiunea mobil\u0103 RX: Aprox. 6g (0.2oz)<br \/>\nVersiune aparat foto RX: Aprox. 14.8g (0.5oz)<br \/>\nCarcas\u0103 pentru \u00eenc\u0103rcarea versiunii mobile: Aprox. 65.6g (2.3oz)<br \/>\nCarcas\u0103 de \u00eenc\u0103rcare pentru camera foto: Aprox. 111g (3.9oz)<\/td>\n<\/tr>\n<\/tbody>\n<\/table>","protected":false},"excerpt":{"rendered":"<p>Sunet HiFi 48 kHz\/24 bi\u021bi<\/p>\n<p>Anularea zgomotului cu o singur\u0103 atingere<br \/>\nPlug and play, gata din cutie.<br \/>\nControlul obturatorului telefonului.<\/p>\n<p>Transmisie stabil\u0103 la o distan\u021b\u0103 de 300 de metri<br \/>\nLARK M2 are o anten\u0103 avansat\u0103 cu c\u00e2\u0219tig mare pentru o transmisie audio stabil\u0103 p\u00e2n\u0103 la 300 de metri (1000 de picioare). \u00cenregistrarea vocii dvs. tare \u0219i clar\u0103 \u00een medii de \u00eenregistrare dificile nu a fost niciodat\u0103 mai u\u0219oar\u0103.<\/p>\n<p>Incredibil de mic<br \/>\nC\u00e2nt\u0103rind doar 9 g, transmi\u021b\u0103torul (TX) este suficient de mic pentru a se prinde bine de hainele dvs. f\u0103r\u0103 a se \u00eenclina sau sl\u0103bi. Designul s\u0103u de dimensiunea unui buton este confortabil \u0219i nu compromite calitatea sunetului<\/p>\n<p>40 de ore de via\u021b\u0103 a bateriei<br \/>\n\u00cenregistra\u021bi p\u00e2n\u0103 la 10 ore cu o singur\u0103 \u00eenc\u0103rcare TX. Carcasa portabil\u0103 \u00eencarc\u0103 eficient \u00eentregul kit \u00een mai pu\u021bin de 1,5 ore, oferind o durat\u0103 de via\u021b\u0103 total\u0103 impresionant\u0103 a bateriei de aproximativ 40 de ore pentru versiunea cu camer\u0103 \u0219i 30 de ore pentru versiunea mobil\u0103.<\/p>\n<p>&nbsp;<\/p>\n<p><a href=\"https:\/\/www.hollyland.com\/product\/lark-m2\" target=\"_blank\" rel=\"noopener\">Mai multe despre model &gt;&gt;&gt;<\/a><\/p>","protected":false},"featured_media":13251,"comment_status":"open","ping_status":"closed","template":"","meta":[],"product_brand":[129],"product_cat":[128],"product_tag":[243,178,216,217,176,207,242,241,231,240,233,237,238,235,239,234,236,232,244,230,245,177,205,227,226,222,219,225,218,211,223,228,224,221,220,212,210,206,229,213,208,209],"class_list":{"0":"post-13243","1":"product","2":"type-product","3":"status-publish","4":"has-post-thumbnail","6":"product_brand-hollyland","7":"product_cat-wireless-microphone","8":"product_tag-cumpara-microfon-chisinau","9":"product_tag-hollyland","10":"product_tag-hollyland-microphone","11":"product_tag-hollyland-moldova","12":"product_tag-lark-m2","13":"product_tag-lavalier-mic","14":"product_tag-microfon-cu-husa-de-incarcare","15":"product_tag-microfon-cu-reducerea-zgomotului","16":"product_tag-microfon-lavalier","17":"product_tag-microfon-pentru-bloggeri","18":"product_tag-microfon-pentru-camera","19":"product_tag-microfon-pentru-conferinte","20":"product_tag-microfon-pentru-interviuri","21":"product_tag-microfon-pentru-podcast","22":"product_tag-microfon-pentru-streaming","23":"product_tag-microfon-pentru-telefon","24":"product_tag-microfon-pentru-youtube","25":"product_tag-microfon-profesional","26":"product_tag-microfon-profesional-moldova","27":"product_tag-microfon-wireless","28":"product_tag-solutii-audio-profesionale-moldova","29":"product_tag-wireless-microphone","30":"product_tag-besprovodnoj-mikrofon","31":"product_tag-kupit-hollyland-moldova","32":"product_tag-kupit-mikrofon-kishinyov","33":"product_tag-mikrofon-dlya-youtube","34":"product_tag-mikrofon-dlya-blogerov","35":"product_tag-mikrofon-dlya-zhurnalistov","36":"product_tag-mikrofon-dlya-intervyu","37":"product_tag-mikrofon-dlya-kamery","38":"product_tag-mikrofon-dlya-konferenczij","39":"product_tag-mikrofon-dlya-meropriyatij","40":"product_tag-mikrofon-dlya-onlajn-urokov","41":"product_tag-mikrofon-dlya-podkasta","42":"product_tag-mikrofon-dlya-striminga","43":"product_tag-mikrofon-dlya-telefona","44":"product_tag-mikrofon-s-zaryadnym-kejsom","45":"product_tag-petlichnyj-mikrofon","46":"product_tag-professionalnoe-audio-moldova","47":"product_tag-professionalnyj-mikrofon","48":"product_tag-czifrovaya-peredacha-zvuka","49":"product_tag-shumopodavlenie","51":"first","52":"instock","53":"featured","54":"shipping-taxable","55":"purchasable","56":"product-type-simple"},"_links":{"self":[{"href":"https:\/\/wireless.md\/ro\/wp-json\/wp\/v2\/product\/13243","targetHints":{"allow":["GET"]}}],"collection":[{"href":"https:\/\/wireless.md\/ro\/wp-json\/wp\/v2\/product"}],"about":[{"href":"https:\/\/wireless.md\/ro\/wp-json\/wp\/v2\/types\/product"}],"replies":[{"embeddable":true,"href":"https:\/\/wireless.md\/ro\/wp-json\/wp\/v2\/comments?post=13243"}],"version-history":[{"count":1,"href":"https:\/\/wireless.md\/ro\/wp-json\/wp\/v2\/product\/13243\/revisions"}],"predecessor-version":[{"id":13253,"href":"https:\/\/wireless.md\/ro\/wp-json\/wp\/v2\/product\/13243\/revisions\/13253"}],"wp:featuredmedia":[{"embeddable":true,"href":"https:\/\/wireless.md\/ro\/wp-json\/wp\/v2\/media\/13251"}],"wp:attachment":[{"href":"https:\/\/wireless.md\/ro\/wp-json\/wp\/v2\/media?parent=13243"}],"wp:term":[{"taxonomy":"product_brand","embeddable":true,"href":"https:\/\/wireless.md\/ro\/wp-json\/wp\/v2\/product_brand?post=13243"},{"taxonomy":"product_cat","embeddable":true,"href":"https:\/\/wireless.md\/ro\/wp-json\/wp\/v2\/product_cat?post=13243"},{"taxonomy":"product_tag","embeddable":true,"href":"https:\/\/wireless.md\/ro\/wp-json\/wp\/v2\/product_tag?post=13243"}],"curies":[{"name":"wp","href":"https:\/\/api.w.org\/{rel}","templated":true}]}}