{"id":13226,"date":"2026-02-16T11:36:17","date_gmt":"2026-02-16T09:36:17","guid":{"rendered":"https:\/\/wireless.md\/?post_type=product&#038;p=13226"},"modified":"2026-03-09T11:54:06","modified_gmt":"2026-03-09T09:54:06","slug":"hollyland-lark-a1-combo-blue","status":"publish","type":"product","link":"https:\/\/wireless.md\/ro\/produs\/hollyland-lark-a1-combo-blue\/","title":{"rendered":"Hollyland Lark A1 Combo Blue"},"content":{"rendered":"<table width=\"557\">\n<tbody>\n<tr>\n<td width=\"207\">Numele produsului<\/td>\n<td width=\"350\">LARK A1<\/td>\n<\/tr>\n<tr>\n<td width=\"207\">Tehnologie f\u0103r\u0103 fir<\/td>\n<td width=\"350\">2,4 GHz AFH<\/td>\n<\/tr>\n<tr>\n<td width=\"207\">Intervalul LOS<\/td>\n<td width=\"350\">200m (650ft)<\/td>\n<\/tr>\n<tr>\n<td width=\"207\">Anularea zgomotului<\/td>\n<td width=\"350\">Anularea zgomotului ambiental<\/td>\n<\/tr>\n<tr>\n<td width=\"207\">Certificare MFi<\/td>\n<td width=\"350\">Y<\/td>\n<\/tr>\n<tr>\n<td width=\"207\">Rata de e\u0219antionare \/ Ad\u00e2ncimea bitului<\/td>\n<td width=\"350\">48 kHz \/ 24 bi\u021bi<\/td>\n<\/tr>\n<tr>\n<td width=\"207\">SPL maxim<\/td>\n<td width=\"350\">120dB SPL<\/td>\n<\/tr>\n<tr>\n<td width=\"207\">Suport pentru aplica\u021bii<\/td>\n<td width=\"350\">Y<\/td>\n<\/tr>\n<tr>\n<td width=\"207\">Ata\u0219ament magnetic<\/td>\n<td width=\"350\">Y<\/td>\n<\/tr>\n<tr>\n<td width=\"207\">Conexiune microfon Lavalier cu fir<\/td>\n<td width=\"350\">N<\/td>\n<\/tr>\n<tr>\n<td width=\"207\">Mod mono<\/td>\n<td width=\"350\">Y<\/td>\n<\/tr>\n<tr>\n<td width=\"207\">Mod stereo<\/td>\n<td width=\"350\">Y<\/td>\n<\/tr>\n<tr>\n<td width=\"207\">Pist\u0103 de siguran\u021b\u0103<\/td>\n<td width=\"350\">N<\/td>\n<\/tr>\n<tr>\n<td width=\"207\">Mic model polar<\/td>\n<td width=\"350\">Omnidirec\u021bional<\/td>\n<\/tr>\n<tr>\n<td width=\"207\">Interfa\u021b\u0103<\/td>\n<td width=\"350\">TX: \/<br \/>\nRX: Mobil: Lightning \/ USB-C<br \/>\nCarcas\u0103 de \u00eenc\u0103rcare: USB-C<\/td>\n<\/tr>\n<tr>\n<td width=\"207\">Timp de func\u021bionare<\/td>\n<td width=\"350\">TX: Aproximativ 9 ore<\/td>\n<\/tr>\n<tr>\n<td width=\"207\">Timp de \u00eenc\u0103rcare<\/td>\n<td width=\"350\">TX: &lt;1,5 ore H<br \/>\nCaz de \u00eenc\u0103rcare: &lt;1,5 ore<\/td>\n<\/tr>\n<tr>\n<td width=\"207\">Capacitatea bateriei<\/td>\n<td width=\"350\">TX: 65mAh<br \/>\nCarcas\u0103 de \u00eenc\u0103rcare: 460mAh<\/td>\n<\/tr>\n<tr>\n<td width=\"207\">Dimensiuni<\/td>\n<td width=\"350\">TX: 30\u00d716.3\u00d78.8mm<br \/>\nVersiunea mobil\u0103 RX: 34\u00d716.3\u00d79mm<\/td>\n<\/tr>\n<tr>\n<td width=\"207\">Greutate<\/td>\n<td width=\"350\">TX: Aprox. 8g<br \/>\nVersiunea mobil\u0103 RX: Aprox. 5.9g<\/td>\n<\/tr>\n<tr>\n<td width=\"207\">Gama de frecven\u021be<\/td>\n<td width=\"350\">20 Hz - 20 kHz<\/td>\n<\/tr>\n<tr>\n<td width=\"207\">Gama dinamic\u0103 implicit\u0103<\/td>\n<td width=\"350\">93dB<\/td>\n<\/tr>\n<tr>\n<td width=\"207\">\u00cenregistrare intern\u0103<\/td>\n<td width=\"350\">N<\/td>\n<\/tr>\n<tr>\n<td width=\"207\">Ie\u0219ire audio digital\u0103 USB<\/td>\n<td width=\"350\">Y<\/td>\n<\/tr>\n<tr>\n<td width=\"207\">Set\u0103ri EQ<\/td>\n<td width=\"350\">Y<\/td>\n<\/tr>\n<tr>\n<td width=\"207\">Set\u0103ri c\u00e2\u0219tig microfon<\/td>\n<td width=\"350\">Y<\/td>\n<\/tr>\n<tr>\n<td width=\"207\">Ecran de afi\u0219are<\/td>\n<td width=\"350\">N<\/td>\n<\/tr>\n<tr>\n<td width=\"207\">Indicator \/ Ecran<br \/>\nReglarea luminozit\u0103\u021bii<\/td>\n<td width=\"350\">Indicator\uff1a Y<\/td>\n<\/tr>\n<tr>\n<td width=\"207\">Monitorizare \u00een timp real<\/td>\n<td width=\"350\">N<\/td>\n<\/tr>\n<\/tbody>\n<\/table>","protected":false},"excerpt":{"rendered":"<p>LARK A1 \u2014 \u044d\u0442\u043e \u0431\u0435\u0441\u043f\u0440\u043e\u0432\u043e\u0434\u043d\u043e\u0439 \u043c\u0438\u043a\u0440\u043e\u0444\u043e\u043d, \u0440\u0430\u0437\u0440\u0430\u0431\u043e\u0442\u0430\u043d\u043d\u044b\u0439 \u0434\u043b\u044f \u0431\u0435\u0441\u0448\u043e\u0432\u043d\u043e\u0433\u043e \u043f\u043e\u0434\u043a\u043b\u044e\u0447\u0435\u043d\u0438\u044f \u0441\u043c\u0430\u0440\u0442\u0444\u043e\u043d\u0430 plug-and-play. \u041e\u043d \u043e\u0431\u0435\u0441\u043f\u0435\u0447\u0438\u0432\u0430\u0435\u0442 \u0438\u0441\u043a\u043b\u044e\u0447\u0438\u0442\u0435\u043b\u044c\u043d\u044b\u0439 \u0432\u044b\u0441\u043e\u043a\u043e\u043a\u0430\u0447\u0435\u0441\u0442\u0432\u0435\u043d\u043d\u044b\u0439 \u0437\u0432\u0443\u043a 48 \u043a\u0413\u0446\/24 \u0431\u0438\u0442, \u0442\u043e\u0447\u043d\u043e \u0443\u043b\u0430\u0432\u043b\u0438\u0432\u0430\u044f \u043a\u0430\u0436\u0434\u044b\u0439 \u0442\u043e\u043d\u043a\u0438\u0439 \u043d\u044e\u0430\u043d\u0441, \u0432 \u0442\u043e \u0432\u0440\u0435\u043c\u044f \u043a\u0430\u043a \u0435\u0433\u043e 3-\u0443\u0440\u043e\u0432\u043d\u0435\u0432\u043e\u0435 \u0438\u043d\u0442\u0435\u043b\u043b\u0435\u043a\u0442\u0443\u0430\u043b\u044c\u043d\u043e\u0435 \u0448\u0443\u043c\u043e\u043f\u043e\u0434\u0430\u0432\u043b\u0435\u043d\u0438\u0435 \u043e\u0431\u0435\u0441\u043f\u0435\u0447\u0438\u0432\u0430\u0435\u0442 \u0447\u0438\u0441\u0442\u044b\u0439 \u0437\u0432\u0443\u043a, \u0443\u0441\u0442\u0440\u0430\u043d\u044f\u044f \u043e\u043a\u0440\u0443\u0436\u0430\u044e\u0449\u0438\u0439 \u0448\u0443\u043c.<\/p>\n<p>\u041c\u0438\u043a\u0440\u043e\u0444\u043e\u043d \u043f\u0440\u0435\u0434\u043b\u0430\u0433\u0430\u0435\u0442 \u043d\u0430\u0441\u0442\u0440\u0430\u0438\u0432\u0430\u0435\u043c\u044b\u0439 \u0437\u0432\u0443\u043a \u0441 \u0440\u0435\u0433\u0443\u043b\u0438\u0440\u0443\u0435\u043c\u044b\u043c \u044d\u043a\u0432\u0430\u043b\u0430\u0439\u0437\u0435\u0440\u043e\u043c, \u0440\u0435\u0432\u0435\u0440\u0431\u0435\u0440\u0430\u0446\u0438\u0435\u0439 \u0438 6-\u0443\u0440\u043e\u0432\u043d\u0435\u0432\u043e\u0439 \u0440\u0435\u0433\u0443\u043b\u0438\u0440\u043e\u0432\u043a\u043e\u0439 \u0443\u0441\u0438\u043b\u0435\u043d\u0438\u044f. \u0415\u0433\u043e \u0438\u043d\u0442\u0435\u043b\u043b\u0435\u043a\u0442\u0443\u0430\u043b\u044c\u043d\u0430\u044f \u0444\u0443\u043d\u043a\u0446\u0438\u044f \u0430\u0432\u0442\u043e\u043c\u0430\u0442\u0438\u0447\u0435\u0441\u043a\u043e\u0433\u043e \u043e\u0433\u0440\u0430\u043d\u0438\u0447\u0435\u043d\u0438\u044f \u0431\u0430\u043b\u0430\u043d\u0441\u0438\u0440\u0443\u0435\u0442 \u0443\u0440\u043e\u0432\u043d\u0438 \u0433\u0440\u043e\u043c\u043a\u043e\u0441\u0442\u0438 \u0434\u043b\u044f \u043f\u043e\u0434\u0434\u0435\u0440\u0436\u0430\u043d\u0438\u044f \u0441\u0442\u0430\u0431\u0438\u043b\u044c\u043d\u043e\u0433\u043e \u0437\u0432\u0443\u043a\u0430 \u0431\u0435\u0437 \u0438\u0441\u043a\u0430\u0436\u0435\u043d\u0438\u0439. \u0421 \u0437\u0430\u0440\u044f\u0434\u043d\u044b\u043c \u0447\u0435\u0445\u043b\u043e\u043c \u043e\u0434\u0438\u043d TX \u043c\u043e\u0436\u0435\u0442 \u0440\u0430\u0431\u043e\u0442\u0430\u0442\u044c \u0434\u043e 54 \u0447\u0430\u0441\u043e\u0432 \u043e\u0442 \u0430\u043a\u043a\u0443\u043c\u0443\u043b\u044f\u0442\u043e\u0440\u0430, \u0447\u0442\u043e \u0434\u0435\u043b\u0430\u0435\u0442 \u0435\u0433\u043e \u0438\u0434\u0435\u0430\u043b\u044c\u043d\u044b\u043c \u0434\u043b\u044f\u00a0 \u043f\u043e\u0432\u0441\u0435\u0434\u043d\u0435\u0432\u043d\u043e\u0433\u043e \u0438\u0441\u043f\u043e\u043b\u044c\u0437\u043e\u0432\u0430\u043d\u0438\u044f \u0432 \u0440\u0430\u0437\u043b\u0438\u0447\u043d\u044b\u0445 \u0441\u0446\u0435\u043d\u0430\u0440\u0438\u044f\u0445.<\/p>","protected":false},"featured_media":13229,"comment_status":"open","ping_status":"closed","template":"","meta":[],"product_brand":[129],"product_cat":[128],"product_tag":[243,178,216,217,246,207,242,241,231,240,233,237,238,235,239,234,236,232,244,230,245,177,205,227,226,222,219,225,218,211,223,228,224,221,220,212,210,206,229,213,208,209],"class_list":{"0":"post-13226","1":"product","2":"type-product","3":"status-publish","4":"has-post-thumbnail","6":"product_brand-hollyland","7":"product_cat-wireless-microphone","8":"product_tag-cumpara-microfon-chisinau","9":"product_tag-hollyland","10":"product_tag-hollyland-microphone","11":"product_tag-hollyland-moldova","12":"product_tag-lark-a1","13":"product_tag-lavalier-mic","14":"product_tag-microfon-cu-husa-de-incarcare","15":"product_tag-microfon-cu-reducerea-zgomotului","16":"product_tag-microfon-lavalier","17":"product_tag-microfon-pentru-bloggeri","18":"product_tag-microfon-pentru-camera","19":"product_tag-microfon-pentru-conferinte","20":"product_tag-microfon-pentru-interviuri","21":"product_tag-microfon-pentru-podcast","22":"product_tag-microfon-pentru-streaming","23":"product_tag-microfon-pentru-telefon","24":"product_tag-microfon-pentru-youtube","25":"product_tag-microfon-profesional","26":"product_tag-microfon-profesional-moldova","27":"product_tag-microfon-wireless","28":"product_tag-solutii-audio-profesionale-moldova","29":"product_tag-wireless-microphone","30":"product_tag-besprovodnoj-mikrofon","31":"product_tag-kupit-hollyland-moldova","32":"product_tag-kupit-mikrofon-kishinyov","33":"product_tag-mikrofon-dlya-youtube","34":"product_tag-mikrofon-dlya-blogerov","35":"product_tag-mikrofon-dlya-zhurnalistov","36":"product_tag-mikrofon-dlya-intervyu","37":"product_tag-mikrofon-dlya-kamery","38":"product_tag-mikrofon-dlya-konferenczij","39":"product_tag-mikrofon-dlya-meropriyatij","40":"product_tag-mikrofon-dlya-onlajn-urokov","41":"product_tag-mikrofon-dlya-podkasta","42":"product_tag-mikrofon-dlya-striminga","43":"product_tag-mikrofon-dlya-telefona","44":"product_tag-mikrofon-s-zaryadnym-kejsom","45":"product_tag-petlichnyj-mikrofon","46":"product_tag-professionalnoe-audio-moldova","47":"product_tag-professionalnyj-mikrofon","48":"product_tag-czifrovaya-peredacha-zvuka","49":"product_tag-shumopodavlenie","51":"first","52":"instock","53":"featured","54":"shipping-taxable","55":"purchasable","56":"product-type-simple"},"_links":{"self":[{"href":"https:\/\/wireless.md\/ro\/wp-json\/wp\/v2\/product\/13226","targetHints":{"allow":["GET"]}}],"collection":[{"href":"https:\/\/wireless.md\/ro\/wp-json\/wp\/v2\/product"}],"about":[{"href":"https:\/\/wireless.md\/ro\/wp-json\/wp\/v2\/types\/product"}],"replies":[{"embeddable":true,"href":"https:\/\/wireless.md\/ro\/wp-json\/wp\/v2\/comments?post=13226"}],"version-history":[{"count":1,"href":"https:\/\/wireless.md\/ro\/wp-json\/wp\/v2\/product\/13226\/revisions"}],"predecessor-version":[{"id":13232,"href":"https:\/\/wireless.md\/ro\/wp-json\/wp\/v2\/product\/13226\/revisions\/13232"}],"wp:featuredmedia":[{"embeddable":true,"href":"https:\/\/wireless.md\/ro\/wp-json\/wp\/v2\/media\/13229"}],"wp:attachment":[{"href":"https:\/\/wireless.md\/ro\/wp-json\/wp\/v2\/media?parent=13226"}],"wp:term":[{"taxonomy":"product_brand","embeddable":true,"href":"https:\/\/wireless.md\/ro\/wp-json\/wp\/v2\/product_brand?post=13226"},{"taxonomy":"product_cat","embeddable":true,"href":"https:\/\/wireless.md\/ro\/wp-json\/wp\/v2\/product_cat?post=13226"},{"taxonomy":"product_tag","embeddable":true,"href":"https:\/\/wireless.md\/ro\/wp-json\/wp\/v2\/product_tag?post=13226"}],"curies":[{"name":"wp","href":"https:\/\/api.w.org\/{rel}","templated":true}]}}