{"id":13146,"date":"2026-01-14T16:54:43","date_gmt":"2026-01-14T14:54:43","guid":{"rendered":"https:\/\/wireless.md\/?post_type=product&#038;p=13146"},"modified":"2026-01-14T17:12:52","modified_gmt":"2026-01-14T15:12:52","slug":"e-ink-tablet-note-max","status":"publish","type":"product","link":"https:\/\/wireless.md\/ro\/produs\/e-ink-tablet-note-max\/","title":{"rendered":"Tablet\u0103 E-ink Note Max"},"content":{"rendered":"<table class=\"table\">\n<tbody>\n<tr>\n<td>Afi\u0219aj<\/td>\n<td>E Ink Carta Plus (Carta 1300), 13,3 inch, tactil (induc\u021bie + capacitiv), 3200 x 2400 pixeli, 300 ppi, 16 nuan\u021be de gri, cu func\u021bia SNOW Field (Regal)<\/td>\n<\/tr>\n<tr>\n<td>Sticl\u0103 protectoare<\/td>\n<td>Sticl\u0103 ONYX<\/td>\n<\/tr>\n<tr>\n<td>Procesor<\/td>\n<td>8 nuclee, 2,8 GHz<\/td>\n<\/tr>\n<tr>\n<td>RAM<\/td>\n<td>6 GB<\/td>\n<\/tr>\n<tr>\n<td>Memorie \u00eencorporat\u0103<\/td>\n<td>128 GB<\/td>\n<\/tr>\n<tr>\n<td>Audio<\/td>\n<td>Difuzoare, microfon<\/td>\n<\/tr>\n<tr>\n<td>Interfa\u021b\u0103 cu fir<\/td>\n<td>USB Type-C cu suport OTG<\/td>\n<\/tr>\n<tr>\n<td>Formate de fi\u0219iere acceptate<\/td>\n<td>PDF, CAJ, DJVU, CBR, CBZ, EPUB, EPUB3, AZW3, MOBI, TXT, DOC, DOCX, FB2, CHM, RTF, HTML, ZIP, PRC, PPT, PPTX, PNG, JPG, BMP, TIFF, WAV, MP3<\/td>\n<\/tr>\n<tr>\n<td>Suport pentru stylus<\/td>\n<td>BOOX Pen 2 Pro \/ BOOX Pen Plus \/ BOOX Pen 3<\/td>\n<\/tr>\n<tr>\n<td>Wi-Fi<\/td>\n<td>Wi-Fi IEEE 802.11 b\/g\/n\/ac<\/td>\n<\/tr>\n<tr>\n<td>Bluetooth<\/td>\n<td>5.1<\/td>\n<\/tr>\n<tr>\n<td>Senzori<\/td>\n<td>Senzor G, senzor Hall<\/td>\n<\/tr>\n<tr>\n<td>Baterie<\/td>\n<td>Litiu-polimer, capacitate 3700 mAh<\/td>\n<\/tr>\n<tr>\n<td>Sistemul de operare<\/td>\n<td>Android 13<\/td>\n<\/tr>\n<tr>\n<td>Material carcas\u0103<\/td>\n<td>Metal \/ materiale compozite<\/td>\n<\/tr>\n<tr>\n<td>Dimensiuni<\/td>\n<td>287,5 \u00d7 243 \u00d7 4,6 mm<\/td>\n<\/tr>\n<tr>\n<td>Culoare<\/td>\n<td>Gri<\/td>\n<\/tr>\n<tr>\n<td>Greutate<\/td>\n<td>615 \u0433<\/td>\n<\/tr>\n<tr>\n<td>Echipament<\/td>\n<td>ONYX BOOX Not\u0103 Max e-book<br \/>\nManual de utilizare<br \/>\nStylus<br \/>\nCablu USB<br \/>\nCard de garan\u021bie<\/td>\n<\/tr>\n<tr>\n<td>Perioada de garan\u021bie<\/td>\n<td>1 an<\/td>\n<\/tr>\n<\/tbody>\n<\/table>","protected":false},"excerpt":{"rendered":"<p>BOOX Note Max este o tablet\u0103 cu <strong>Ecran de 13,3 inchi<\/strong>Acesta are o platform\u0103 hardware de \u00eenalt\u0103 performan\u021b\u0103 \u0219i o gam\u0103 larg\u0103 de capabilit\u0103\u021bi de gestionare a documentelor. <strong>Afi\u0219aj E Ink Carta Plus (Carta1300)<\/strong> are o rezolu\u021bie maxim\u0103 de 300 ppi \u0219i contrast crescut. Senzorul capacitiv permite navigarea convenabil\u0103 prin meniu, eviden\u021bierea u\u0219oar\u0103 a textului \u0219i scalarea paginii cu gesturi familiare ale degetelor.<\/p>\n<p>Stratul tactil op\u021bional cu induc\u021bie v\u0103 permite s\u0103 face\u021bi noti\u021be scrise de m\u00e2n\u0103 \u00een text \u0219i s\u0103 face\u021bi schi\u021be \u0219i desene complicate cu stylusul. Modelul este echipat cu un dispozitiv de \u00eenalt\u0103 performan\u021b\u0103 <strong>Procesor cu 8 nuclee de 2,8 GHz<\/strong>. GPU-ul cu tehnologia BOOX Super Refresh asigur\u0103 o vitez\u0103 rapid\u0103 de redesenare \u0219i o mi\u0219care lin\u0103 a obiectelor pe ecran. Note Max nu este excelent doar pentru citit, ci este ideal \u0219i pentru lucrul cu diverse tipuri de documente. <strong>Sistemul de operare Android 13<\/strong> v\u0103 permite s\u0103 instala\u021bi \u0219i s\u0103 utiliza\u021bi aplica\u021bii ter\u021be. Modulul Wi-Fi \u00eencorporat v\u0103 permite s\u0103 desc\u0103rca\u021bi c\u0103r\u021bi de pe Internet \u0219i s\u0103 utiliza\u021bi alte servicii de re\u021bea, iar suportul Bluetooth 5.1 v\u0103 permite s\u0103 conecta\u021bi dispozitive externe. Cu 128 GB de memorie \u00eencorporat\u0103, pute\u021bi stoca orice c\u0103r\u021bi \u0219i documente de care ave\u021bi nevoie f\u0103r\u0103 nicio limitare.<\/p>\n<p>Bateria de 3700 mAh asigur\u0103 o durat\u0103 lung\u0103 de via\u021b\u0103 a bateriei. Acest model<strong> nu are o lumin\u0103 de fundal integrat\u0103<\/strong> Cititorul are o carcas\u0103 u\u0219oar\u0103 \u0219i durabil\u0103 din aliaj de aluminiu-magneziu. Cititorul are un corp fabricat din aliaj de aluminiu-magneziu u\u0219or \u0219i durabil, ecranul este acoperit suplimentar cu sticl\u0103 de protec\u021bie. ONYX BOOX Note Max accept\u0103 lucrul cu o carcas\u0103 magnetic\u0103 de marc\u0103 cu tastatur\u0103, care poate fi achizi\u021bionat\u0103 suplimentar \u0219i utilizat\u0103 pentru protec\u021bia cititorului \u0219i tastarea convenabil\u0103.<\/p>","protected":false},"featured_media":13154,"comment_status":"open","ping_status":"closed","template":"","meta":[],"product_brand":[506],"product_cat":[503,510],"product_tag":[],"class_list":{"0":"post-13146","1":"product","2":"type-product","3":"status-publish","4":"has-post-thumbnail","6":"product_brand-boox","7":"product_cat-eink_tablet","8":"product_cat-tablets","10":"first","11":"instock","12":"shipping-taxable","13":"purchasable","14":"product-type-simple"},"_links":{"self":[{"href":"https:\/\/wireless.md\/ro\/wp-json\/wp\/v2\/product\/13146","targetHints":{"allow":["GET"]}}],"collection":[{"href":"https:\/\/wireless.md\/ro\/wp-json\/wp\/v2\/product"}],"about":[{"href":"https:\/\/wireless.md\/ro\/wp-json\/wp\/v2\/types\/product"}],"replies":[{"embeddable":true,"href":"https:\/\/wireless.md\/ro\/wp-json\/wp\/v2\/comments?post=13146"}],"version-history":[{"count":3,"href":"https:\/\/wireless.md\/ro\/wp-json\/wp\/v2\/product\/13146\/revisions"}],"predecessor-version":[{"id":13157,"href":"https:\/\/wireless.md\/ro\/wp-json\/wp\/v2\/product\/13146\/revisions\/13157"}],"wp:featuredmedia":[{"embeddable":true,"href":"https:\/\/wireless.md\/ro\/wp-json\/wp\/v2\/media\/13154"}],"wp:attachment":[{"href":"https:\/\/wireless.md\/ro\/wp-json\/wp\/v2\/media?parent=13146"}],"wp:term":[{"taxonomy":"product_brand","embeddable":true,"href":"https:\/\/wireless.md\/ro\/wp-json\/wp\/v2\/product_brand?post=13146"},{"taxonomy":"product_cat","embeddable":true,"href":"https:\/\/wireless.md\/ro\/wp-json\/wp\/v2\/product_cat?post=13146"},{"taxonomy":"product_tag","embeddable":true,"href":"https:\/\/wireless.md\/ro\/wp-json\/wp\/v2\/product_tag?post=13146"}],"curies":[{"name":"wp","href":"https:\/\/api.w.org\/{rel}","templated":true}]}}