{"id":13022,"date":"2026-01-05T18:39:10","date_gmt":"2026-01-05T16:39:10","guid":{"rendered":"https:\/\/wireless.md\/?post_type=product&#038;p=13022"},"modified":"2026-02-01T23:00:57","modified_gmt":"2026-02-01T21:00:57","slug":"moto-buds-125","status":"publish","type":"product","link":"https:\/\/wireless.md\/ro\/produs\/moto-buds-125\/","title":{"rendered":"MOTO BUDS 125"},"content":{"rendered":"","protected":false},"excerpt":{"rendered":"<p>Face\u021bi cuno\u0219tin\u021b\u0103 cu MOTO BUDS 125 - partenerul dvs. audio perfect pentru o via\u021b\u0103 dinamic\u0103! Cu designul s\u0103u elegant \u0219i carcasa compact\u0103 de \u00eenc\u0103rcare, v\u0103 pute\u021bi bucura de p\u00e2n\u0103 la 17 ore de redare.<\/p>\n<p>Conecta\u021bi-v\u0103 instantaneu cu Fast Pair, efectua\u021bi apeluri clare cu microfoane duale \u0219i ENC \u0219i controla\u021bi-v\u0103 dispozitivul cu ajutorul comenzilor tactile sau vocale.<\/p>\n<p>IPX5 rezistent la ap\u0103, preg\u0103tit pentru orice vreme. R\u0103m\u00e2ne\u021bi conectat \u0219i bucura\u021bi-v\u0103 de muzica dvs. \u00een mi\u0219care!<\/p>","protected":false},"featured_media":13025,"comment_status":"open","ping_status":"closed","template":"","meta":[],"product_brand":[507],"product_cat":[504],"product_tag":[],"class_list":{"0":"post-13022","1":"product","2":"type-product","3":"status-publish","4":"has-post-thumbnail","6":"product_brand-motorola","7":"product_cat-sound","9":"first","10":"instock","11":"shipping-taxable","12":"purchasable","13":"product-type-simple"},"_links":{"self":[{"href":"https:\/\/wireless.md\/ro\/wp-json\/wp\/v2\/product\/13022","targetHints":{"allow":["GET"]}}],"collection":[{"href":"https:\/\/wireless.md\/ro\/wp-json\/wp\/v2\/product"}],"about":[{"href":"https:\/\/wireless.md\/ro\/wp-json\/wp\/v2\/types\/product"}],"replies":[{"embeddable":true,"href":"https:\/\/wireless.md\/ro\/wp-json\/wp\/v2\/comments?post=13022"}],"version-history":[{"count":1,"href":"https:\/\/wireless.md\/ro\/wp-json\/wp\/v2\/product\/13022\/revisions"}],"predecessor-version":[{"id":13028,"href":"https:\/\/wireless.md\/ro\/wp-json\/wp\/v2\/product\/13022\/revisions\/13028"}],"wp:featuredmedia":[{"embeddable":true,"href":"https:\/\/wireless.md\/ro\/wp-json\/wp\/v2\/media\/13025"}],"wp:attachment":[{"href":"https:\/\/wireless.md\/ro\/wp-json\/wp\/v2\/media?parent=13022"}],"wp:term":[{"taxonomy":"product_brand","embeddable":true,"href":"https:\/\/wireless.md\/ro\/wp-json\/wp\/v2\/product_brand?post=13022"},{"taxonomy":"product_cat","embeddable":true,"href":"https:\/\/wireless.md\/ro\/wp-json\/wp\/v2\/product_cat?post=13022"},{"taxonomy":"product_tag","embeddable":true,"href":"https:\/\/wireless.md\/ro\/wp-json\/wp\/v2\/product_tag?post=13022"}],"curies":[{"name":"wp","href":"https:\/\/api.w.org\/{rel}","templated":true}]}}