{"id":13011,"date":"2026-01-05T18:31:35","date_gmt":"2026-01-05T16:31:35","guid":{"rendered":"https:\/\/wireless.md\/?post_type=product&#038;p=13011"},"modified":"2026-01-09T20:01:02","modified_gmt":"2026-01-09T18:01:02","slug":"sleeper-s1","status":"publish","type":"product","link":"https:\/\/wireless.md\/ro\/produs\/sleeper-s1\/","title":{"rendered":"Lumina de noapte S1"},"content":{"rendered":"","protected":false},"excerpt":{"rendered":"<p><strong data-start=\"39\" data-end=\"54\">Motorola S1<\/strong> - este o lumin\u0103 de noapte dr\u0103gu\u021b\u0103 \u0219i fermec\u0103toare cu sunet, conceput\u0103 special pentru bebelu\u0219i \u0219i copii mici. Designul s\u0103u atractiv va captiva cu siguran\u021b\u0103 imagina\u021bia copilului dumneavoastr\u0103.<\/p>\n<p>Dispozitivul compact \u0219i portabil serve\u0219te ca un asistent multifunc\u021bional pentru crearea unei atmosfere calme \u0219i confortabile \u00eenainte de culcare sau \u00een timpul relax\u0103rii \u00een timpul zilei.<\/p>","protected":false},"featured_media":13015,"comment_status":"open","ping_status":"closed","template":"","meta":[],"product_brand":[507],"product_cat":[505],"product_tag":[],"class_list":{"0":"post-13011","1":"product","2":"type-product","3":"status-publish","4":"has-post-thumbnail","6":"product_brand-motorola","7":"product_cat-nursery","9":"first","10":"instock","11":"shipping-taxable","12":"purchasable","13":"product-type-simple"},"_links":{"self":[{"href":"https:\/\/wireless.md\/ro\/wp-json\/wp\/v2\/product\/13011","targetHints":{"allow":["GET"]}}],"collection":[{"href":"https:\/\/wireless.md\/ro\/wp-json\/wp\/v2\/product"}],"about":[{"href":"https:\/\/wireless.md\/ro\/wp-json\/wp\/v2\/types\/product"}],"replies":[{"embeddable":true,"href":"https:\/\/wireless.md\/ro\/wp-json\/wp\/v2\/comments?post=13011"}],"version-history":[{"count":2,"href":"https:\/\/wireless.md\/ro\/wp-json\/wp\/v2\/product\/13011\/revisions"}],"predecessor-version":[{"id":13093,"href":"https:\/\/wireless.md\/ro\/wp-json\/wp\/v2\/product\/13011\/revisions\/13093"}],"wp:featuredmedia":[{"embeddable":true,"href":"https:\/\/wireless.md\/ro\/wp-json\/wp\/v2\/media\/13015"}],"wp:attachment":[{"href":"https:\/\/wireless.md\/ro\/wp-json\/wp\/v2\/media?parent=13011"}],"wp:term":[{"taxonomy":"product_brand","embeddable":true,"href":"https:\/\/wireless.md\/ro\/wp-json\/wp\/v2\/product_brand?post=13011"},{"taxonomy":"product_cat","embeddable":true,"href":"https:\/\/wireless.md\/ro\/wp-json\/wp\/v2\/product_cat?post=13011"},{"taxonomy":"product_tag","embeddable":true,"href":"https:\/\/wireless.md\/ro\/wp-json\/wp\/v2\/product_tag?post=13011"}],"curies":[{"name":"wp","href":"https:\/\/api.w.org\/{rel}","templated":true}]}}