{"id":13004,"date":"2026-01-05T18:26:00","date_gmt":"2026-01-05T16:26:00","guid":{"rendered":"https:\/\/wireless.md\/?post_type=product&#038;p=13004"},"modified":"2026-02-06T12:25:42","modified_gmt":"2026-02-06T10:25:42","slug":"video-baby-monitor-pip1710-connect","status":"publish","type":"product","link":"https:\/\/wireless.md\/ro\/produs\/video-baby-monitor-pip1710-connect\/","title":{"rendered":"Monitor video pentru copii PIP1710 Connect"},"content":{"rendered":"","protected":false},"excerpt":{"rendered":"<p data-start=\"0\" data-end=\"146\"><strong data-start=\"0\" data-end=\"144\">Monitor video pentru copii Wi-Fi\u00ae HD de 5,0\" cu ecran tactil, recunoa\u0219tere \u0219i traducere a pl\u00e2nsetului, complet cu suport flexibil pentru p\u0103tu\u021b<\/strong><\/p>\n<p data-start=\"148\" data-end=\"602\" data-is-last-node=\"\" data-is-only-node=\"\"><strong data-start=\"148\" data-end=\"176\">Motorola PIP1710 CONNECT<\/strong> combin\u0103 tehnologia avansat\u0103 de ultim\u0103 genera\u021bie cu un design atent, centrat pe p\u0103rin\u021bi, pentru a crea un mediu mai inteligent \u0219i mai sigur pentru copil. Datorit\u0103 func\u021biei <strong data-start=\"348\" data-end=\"373\" data-is-only-node=\"\">Inteligen\u021b\u0103 adorabil\u0103<\/strong>bazate pe tehnologie <strong data-start=\"400\" data-end=\"427\">BeyondCry\u2122 de Zoundream<\/strong>, dispozitivul utilizeaz\u0103 inteligen\u021ba artificial\u0103 \u0219i recunoa\u0219terea sunetului pentru a analiza \u0219i interpreta pl\u00e2nsetele bebelu\u0219ului, ajut\u00e2nd p\u0103rin\u021bii s\u0103 r\u0103spund\u0103 \u00eentr-un mod mai informat \u0219i \u00een timp util.<\/p>","protected":false},"featured_media":13005,"comment_status":"open","ping_status":"closed","template":"","meta":[],"product_brand":[507],"product_cat":[505],"product_tag":[],"class_list":{"0":"post-13004","1":"product","2":"type-product","3":"status-publish","4":"has-post-thumbnail","6":"product_brand-motorola","7":"product_cat-nursery","9":"first","10":"onbackorder","11":"shipping-taxable","12":"purchasable","13":"product-type-simple"},"_links":{"self":[{"href":"https:\/\/wireless.md\/ro\/wp-json\/wp\/v2\/product\/13004","targetHints":{"allow":["GET"]}}],"collection":[{"href":"https:\/\/wireless.md\/ro\/wp-json\/wp\/v2\/product"}],"about":[{"href":"https:\/\/wireless.md\/ro\/wp-json\/wp\/v2\/types\/product"}],"replies":[{"embeddable":true,"href":"https:\/\/wireless.md\/ro\/wp-json\/wp\/v2\/comments?post=13004"}],"version-history":[{"count":1,"href":"https:\/\/wireless.md\/ro\/wp-json\/wp\/v2\/product\/13004\/revisions"}],"predecessor-version":[{"id":13010,"href":"https:\/\/wireless.md\/ro\/wp-json\/wp\/v2\/product\/13004\/revisions\/13010"}],"wp:featuredmedia":[{"embeddable":true,"href":"https:\/\/wireless.md\/ro\/wp-json\/wp\/v2\/media\/13005"}],"wp:attachment":[{"href":"https:\/\/wireless.md\/ro\/wp-json\/wp\/v2\/media?parent=13004"}],"wp:term":[{"taxonomy":"product_brand","embeddable":true,"href":"https:\/\/wireless.md\/ro\/wp-json\/wp\/v2\/product_brand?post=13004"},{"taxonomy":"product_cat","embeddable":true,"href":"https:\/\/wireless.md\/ro\/wp-json\/wp\/v2\/product_cat?post=13004"},{"taxonomy":"product_tag","embeddable":true,"href":"https:\/\/wireless.md\/ro\/wp-json\/wp\/v2\/product_tag?post=13004"}],"curies":[{"name":"wp","href":"https:\/\/api.w.org\/{rel}","templated":true}]}}