{"id":12990,"date":"2026-01-05T18:18:09","date_gmt":"2026-01-05T16:18:09","guid":{"rendered":"https:\/\/wireless.md\/?post_type=product&#038;p=12990"},"modified":"2026-01-05T18:21:50","modified_gmt":"2026-01-05T16:21:50","slug":"video-baby-monitor-pip1510","status":"publish","type":"product","link":"https:\/\/wireless.md\/ro\/produs\/video-baby-monitor-pip1510\/","title":{"rendered":"Monitor video pentru copii PIP1510"},"content":{"rendered":"","protected":false},"excerpt":{"rendered":"<p><strong data-start=\"0\" data-end=\"7\" data-is-only-node=\"\">PIP<\/strong> - O camer\u0103 prietenoas\u0103 cu vedere pe timp de noapte, func\u021bii de rotire, \u00eenclinare \u0219i zoom de la distan\u021b\u0103, care v\u0103 permit s\u0103 alege\u021bi cel mai bun unghi pentru a v\u0103 urm\u0103ri copilul.<\/p>\n<p>De asemenea, pute\u021bi auzi \u0219i vorbi cu copilul dvs. cu ajutorul comunic\u0103rii bidirec\u021bionale. Controla\u021bi camera de la distan\u021b\u0103 cu ajutorul monitorului portabil cu ecran <strong data-start=\"326\" data-end=\"338\">5 inci.<\/strong>\u0219i doi indicatori ai nivelului de zgomot, astfel \u00eenc\u00e2t s\u0103 nu v\u0103 face\u021bi griji c\u0103 nu v\u0103 auzi\u021bi copilul.<\/p>","protected":false},"featured_media":12994,"comment_status":"open","ping_status":"closed","template":"","meta":[],"product_brand":[507],"product_cat":[505],"product_tag":[],"class_list":{"0":"post-12990","1":"product","2":"type-product","3":"status-publish","4":"has-post-thumbnail","6":"product_brand-motorola","7":"product_cat-nursery","9":"first","10":"instock","11":"shipping-taxable","12":"purchasable","13":"product-type-simple"},"_links":{"self":[{"href":"https:\/\/wireless.md\/ro\/wp-json\/wp\/v2\/product\/12990","targetHints":{"allow":["GET"]}}],"collection":[{"href":"https:\/\/wireless.md\/ro\/wp-json\/wp\/v2\/product"}],"about":[{"href":"https:\/\/wireless.md\/ro\/wp-json\/wp\/v2\/types\/product"}],"replies":[{"embeddable":true,"href":"https:\/\/wireless.md\/ro\/wp-json\/wp\/v2\/comments?post=12990"}],"version-history":[{"count":1,"href":"https:\/\/wireless.md\/ro\/wp-json\/wp\/v2\/product\/12990\/revisions"}],"predecessor-version":[{"id":12996,"href":"https:\/\/wireless.md\/ro\/wp-json\/wp\/v2\/product\/12990\/revisions\/12996"}],"wp:featuredmedia":[{"embeddable":true,"href":"https:\/\/wireless.md\/ro\/wp-json\/wp\/v2\/media\/12994"}],"wp:attachment":[{"href":"https:\/\/wireless.md\/ro\/wp-json\/wp\/v2\/media?parent=12990"}],"wp:term":[{"taxonomy":"product_brand","embeddable":true,"href":"https:\/\/wireless.md\/ro\/wp-json\/wp\/v2\/product_brand?post=12990"},{"taxonomy":"product_cat","embeddable":true,"href":"https:\/\/wireless.md\/ro\/wp-json\/wp\/v2\/product_cat?post=12990"},{"taxonomy":"product_tag","embeddable":true,"href":"https:\/\/wireless.md\/ro\/wp-json\/wp\/v2\/product_tag?post=12990"}],"curies":[{"name":"wp","href":"https:\/\/api.w.org\/{rel}","templated":true}]}}