{"id":12954,"date":"2026-01-05T17:47:58","date_gmt":"2026-01-05T15:47:58","guid":{"rendered":"https:\/\/wireless.md\/?post_type=product&#038;p=12954"},"modified":"2026-01-10T14:37:23","modified_gmt":"2026-01-10T12:37:23","slug":"stilus-boox-pen-2-pro","status":"publish","type":"product","link":"https:\/\/wireless.md\/ro\/produs\/stilus-boox-pen-2-pro\/","title":{"rendered":"Stylus BOOX Pen 2 Pro"},"content":{"rendered":"","protected":false},"excerpt":{"rendered":"<p>Stylus universal pentru cititoarele BOOX cu strat tactil Wacom. Potrivit pentru toate modelele care accept\u0103 stylus.<\/p>\n<div>Peni\u021be \u00eenlocuibile. Un magnet pe lateral v\u0103 permite s\u0103 ata\u0219a\u021bi stylusul la Nova Air 2, Nova Air C, Note Air 2, Note 5, Tab Ultra.<\/div>\n<div>Are o caracteristic\u0103 suplimentar\u0103 - plastic. Plastic de calitate.<\/div>\n<div>Greutate: 15g.<\/div>\n<div>Dimensiuni: 155 mm, d=10 mm.<\/div>\n<div><strong class=\"text-primary\">Not\u0103: Acest stylus nu este compatibil cu Go 7 \u0219i Go Color 7 (Gen II), Tab X C.<\/strong><\/div>","protected":false},"featured_media":12957,"comment_status":"open","ping_status":"closed","template":"","meta":[],"product_brand":[506],"product_cat":[503,511],"product_tag":[],"class_list":{"0":"post-12954","1":"product","2":"type-product","3":"status-publish","4":"has-post-thumbnail","6":"product_brand-boox","7":"product_cat-eink_tablet","8":"product_cat-tablet_accessories","10":"first","11":"instock","12":"shipping-taxable","13":"purchasable","14":"product-type-simple"},"_links":{"self":[{"href":"https:\/\/wireless.md\/ro\/wp-json\/wp\/v2\/product\/12954","targetHints":{"allow":["GET"]}}],"collection":[{"href":"https:\/\/wireless.md\/ro\/wp-json\/wp\/v2\/product"}],"about":[{"href":"https:\/\/wireless.md\/ro\/wp-json\/wp\/v2\/types\/product"}],"replies":[{"embeddable":true,"href":"https:\/\/wireless.md\/ro\/wp-json\/wp\/v2\/comments?post=12954"}],"version-history":[{"count":1,"href":"https:\/\/wireless.md\/ro\/wp-json\/wp\/v2\/product\/12954\/revisions"}],"predecessor-version":[{"id":12958,"href":"https:\/\/wireless.md\/ro\/wp-json\/wp\/v2\/product\/12954\/revisions\/12958"}],"wp:featuredmedia":[{"embeddable":true,"href":"https:\/\/wireless.md\/ro\/wp-json\/wp\/v2\/media\/12957"}],"wp:attachment":[{"href":"https:\/\/wireless.md\/ro\/wp-json\/wp\/v2\/media?parent=12954"}],"wp:term":[{"taxonomy":"product_brand","embeddable":true,"href":"https:\/\/wireless.md\/ro\/wp-json\/wp\/v2\/product_brand?post=12954"},{"taxonomy":"product_cat","embeddable":true,"href":"https:\/\/wireless.md\/ro\/wp-json\/wp\/v2\/product_cat?post=12954"},{"taxonomy":"product_tag","embeddable":true,"href":"https:\/\/wireless.md\/ro\/wp-json\/wp\/v2\/product_tag?post=12954"}],"curies":[{"name":"wp","href":"https:\/\/api.w.org\/{rel}","templated":true}]}}