{"id":12935,"date":"2026-01-05T17:33:16","date_gmt":"2026-01-05T15:33:16","guid":{"rendered":"https:\/\/wireless.md\/?post_type=product&#038;p=12935"},"modified":"2026-01-10T14:37:40","modified_gmt":"2026-01-10T12:37:40","slug":"stilus-boox-inksense-plus-dlya-go-7-go-color-7-gen-ii","status":"publish","type":"product","link":"https:\/\/wireless.md\/ro\/produs\/stilus-boox-inksense-plus-dlya-go-7-go-color-7-gen-ii\/","title":{"rendered":"BOOX InkSense Plus Stylus pentru Go 7, Go Color 7 (Gen. II)"},"content":{"rendered":"","protected":false},"excerpt":{"rendered":"<p>Stiloul Boox InkBense Plus este conceput pentru a scrie confortabil \u0219i a v\u0103 surprinde rapid ideile. Creeaz\u0103 linii netede \u0219i precise. Se \u00eencarc\u0103 prin USB Type-C \u0219i are o baterie Li-Po \u00eencorporat\u0103 de 80 mAh pentru performan\u021be de lung\u0103 durat\u0103. Designul s\u0103u u\u0219or \u0219i ergonomic v\u0103 asigur\u0103 c\u0103 pute\u021bi crea confortabil note \u0219i adnot\u0103ri oric\u00e2nd.<\/p>\n<div>Scrisul este f\u0103r\u0103 efort \u0219i precis.<\/div>\n<div>V\u00e2rful responsiv din polioximetilen\u0103 alunec\u0103 u\u0219or pentru a crea linii precise \u0219i exacte. Fiecare atingere spore\u0219te realismul \u0219i senza\u021bia natural\u0103 a scrisului \u0219i desenului.<\/div>\n<div>V\u0103 va ajuta s\u0103 v\u0103 surprinde\u021bi ideile.<\/div>\n<div>Lua\u021bi rapid noti\u021be, urm\u0103ri\u021bi g\u00e2ndurile \u0219i organiza\u021bi ideile pe dispozitive compatibile. Butonul lateral multifunc\u021bional permite comutarea f\u0103r\u0103 probleme \u00eentre instrumente, cum ar fi guma de \u0219ters, asigur\u00e2nd un flux creativ ne\u00eentrerupt.<\/div>\n<div><\/div>\n<div>Prindere bun\u0103 pentru confort absolut.<\/div>\n<div>Stylusul are o form\u0103 ergonomic\u0103 \u0219i o prindere bun\u0103 pentru un confort sporit. Corpul metalic al stylusului este robust \u0219i se simte solid \u00een m\u00e2n\u0103. A trecut de 30.000 de teste ale senzorului de presiune, teste de trasare a unei linii de 5 km, 50 de schimb\u0103ri ale v\u00e2rfului \u0219i teste riguroase pe diferite suprafe\u021be pentru a asigura fiabilitatea pentru utilizarea zilnic\u0103.<\/div>\n<div>Scriere u\u0219oar\u0103 \u0219i inspira\u021bie instantanee.<\/div>\n<div>Linii clare \u0219i netede cu fiecare mi\u0219care. Prindere extrem de sigur\u0103 \u0219i confortabil\u0103 pentru un confort de neegalat atunci c\u00e2nd lua\u021bi noti\u021be \u0219i desena\u021bi. Stiloul economic BOOX InkSense Plus are un senzor G \u00eencorporat pentru a trezi automat stiloul atunci c\u00e2nd ave\u021bi nevoie de el. Acest lucru v\u0103 permite s\u0103 p\u0103stra\u021bi energia bateriei pentru mai mult timp.<\/div>\n<div>\n<div>\u00a0Specifica\u021bii:<\/div>\n<div>- Diametrul m\u00e2nerului: 9 mm;<\/div>\n<div>- Lungimea stiloului (cu peni\u021b\u0103): 157,5 mm;<\/div>\n<div>- Diametrul v\u00e2rfului: 0,6 mm ;<\/div>\n<div>- Greutate: aproximativ 15g.<\/div>\n<div><\/div>\n<div>\u00a0Compatibilitate: - ONYX BOOX Go 7 - ONYX BOOX Go Color 7 (Gen II).<\/div>\n<div>\u00a0Not\u0103: Acest stylus nu este compatibil cu alte modele ONYX BOOX!<\/div>\n<\/div>","protected":false},"featured_media":12936,"comment_status":"open","ping_status":"closed","template":"","meta":[],"product_brand":[506],"product_cat":[503,511],"product_tag":[],"class_list":{"0":"post-12935","1":"product","2":"type-product","3":"status-publish","4":"has-post-thumbnail","6":"product_brand-boox","7":"product_cat-eink_tablet","8":"product_cat-tablet_accessories","10":"first","11":"instock","12":"shipping-taxable","13":"purchasable","14":"product-type-simple"},"_links":{"self":[{"href":"https:\/\/wireless.md\/ro\/wp-json\/wp\/v2\/product\/12935","targetHints":{"allow":["GET"]}}],"collection":[{"href":"https:\/\/wireless.md\/ro\/wp-json\/wp\/v2\/product"}],"about":[{"href":"https:\/\/wireless.md\/ro\/wp-json\/wp\/v2\/types\/product"}],"replies":[{"embeddable":true,"href":"https:\/\/wireless.md\/ro\/wp-json\/wp\/v2\/comments?post=12935"}],"version-history":[{"count":1,"href":"https:\/\/wireless.md\/ro\/wp-json\/wp\/v2\/product\/12935\/revisions"}],"predecessor-version":[{"id":12940,"href":"https:\/\/wireless.md\/ro\/wp-json\/wp\/v2\/product\/12935\/revisions\/12940"}],"wp:featuredmedia":[{"embeddable":true,"href":"https:\/\/wireless.md\/ro\/wp-json\/wp\/v2\/media\/12936"}],"wp:attachment":[{"href":"https:\/\/wireless.md\/ro\/wp-json\/wp\/v2\/media?parent=12935"}],"wp:term":[{"taxonomy":"product_brand","embeddable":true,"href":"https:\/\/wireless.md\/ro\/wp-json\/wp\/v2\/product_brand?post=12935"},{"taxonomy":"product_cat","embeddable":true,"href":"https:\/\/wireless.md\/ro\/wp-json\/wp\/v2\/product_cat?post=12935"},{"taxonomy":"product_tag","embeddable":true,"href":"https:\/\/wireless.md\/ro\/wp-json\/wp\/v2\/product_tag?post=12935"}],"curies":[{"name":"wp","href":"https:\/\/api.w.org\/{rel}","templated":true}]}}