{"id":12928,"date":"2026-01-05T17:29:40","date_gmt":"2026-01-05T15:29:40","guid":{"rendered":"https:\/\/wireless.md\/?post_type=product&#038;p=12928"},"modified":"2026-02-01T23:00:57","modified_gmt":"2026-02-01T21:00:57","slug":"chehol-s-klaviaturoj-dlya-boox-note-max-i-tab-x-c","status":"publish","type":"product","link":"https:\/\/wireless.md\/ro\/produs\/chehol-s-klaviaturoj-dlya-boox-note-max-i-tab-x-c\/","title":{"rendered":"Hus\u0103 pentru tastatur\u0103 pentru BOOX Note MAX \u0219i Tab X C"},"content":{"rendered":"","protected":false},"excerpt":{"rendered":"<p>Carcas\u0103 stand pentru Note MAX \u0219i Tab X C cu tastatur\u0103 \u0219i trackpad integrate.<\/p>\n<p>Se fixeaz\u0103 rapid pe partea din spate a tabletei cu magne\u021bi. Tastatura are 64 de taste cu un mecanism neted. Tastatura are taste cu func\u021bii speciale pentru control.<\/p>\n<p>Include o clapet\u0103 magnetic\u0103 pentru a \u021bine mai bine stylusul \u00een timpul transportului. Capacul trimite cititorul \u00een stare de repaus atunci c\u00e2nd este \u00eenchis \u0219i \u00eel treze\u0219te atunci c\u00e2nd este deschis. Materiale ale capacului - piele artificial\u0103, plastic.<\/p>\n<div>\u00a0Dimensiuni: 290 x 251 x 8 mm . Greutate 618 gr.<\/div>","protected":false},"featured_media":12933,"comment_status":"open","ping_status":"closed","template":"","meta":[],"product_brand":[506],"product_cat":[503,511],"product_tag":[],"class_list":{"0":"post-12928","1":"product","2":"type-product","3":"status-publish","4":"has-post-thumbnail","6":"product_brand-boox","7":"product_cat-eink_tablet","8":"product_cat-tablet_accessories","10":"first","11":"instock","12":"shipping-taxable","13":"purchasable","14":"product-type-simple"},"_links":{"self":[{"href":"https:\/\/wireless.md\/ro\/wp-json\/wp\/v2\/product\/12928","targetHints":{"allow":["GET"]}}],"collection":[{"href":"https:\/\/wireless.md\/ro\/wp-json\/wp\/v2\/product"}],"about":[{"href":"https:\/\/wireless.md\/ro\/wp-json\/wp\/v2\/types\/product"}],"replies":[{"embeddable":true,"href":"https:\/\/wireless.md\/ro\/wp-json\/wp\/v2\/comments?post=12928"}],"version-history":[{"count":1,"href":"https:\/\/wireless.md\/ro\/wp-json\/wp\/v2\/product\/12928\/revisions"}],"predecessor-version":[{"id":12934,"href":"https:\/\/wireless.md\/ro\/wp-json\/wp\/v2\/product\/12928\/revisions\/12934"}],"wp:featuredmedia":[{"embeddable":true,"href":"https:\/\/wireless.md\/ro\/wp-json\/wp\/v2\/media\/12933"}],"wp:attachment":[{"href":"https:\/\/wireless.md\/ro\/wp-json\/wp\/v2\/media?parent=12928"}],"wp:term":[{"taxonomy":"product_brand","embeddable":true,"href":"https:\/\/wireless.md\/ro\/wp-json\/wp\/v2\/product_brand?post=12928"},{"taxonomy":"product_cat","embeddable":true,"href":"https:\/\/wireless.md\/ro\/wp-json\/wp\/v2\/product_cat?post=12928"},{"taxonomy":"product_tag","embeddable":true,"href":"https:\/\/wireless.md\/ro\/wp-json\/wp\/v2\/product_tag?post=12928"}],"curies":[{"name":"wp","href":"https:\/\/api.w.org\/{rel}","templated":true}]}}