{"id":12920,"date":"2026-01-05T17:21:11","date_gmt":"2026-01-05T15:21:11","guid":{"rendered":"https:\/\/wireless.md\/?post_type=product&#038;p=12920"},"modified":"2026-02-01T23:00:57","modified_gmt":"2026-02-01T21:00:57","slug":"chehol-podstavka-magnitnyj-dlya-boox-note-max-i-tab-x-c","status":"publish","type":"product","link":"https:\/\/wireless.md\/ro\/produs\/chehol-podstavka-magnitnyj-dlya-boox-note-max-i-tab-x-c\/","title":{"rendered":"Carcas\u0103 cu suport magnetic pentru BOOX Note MAX \u0219i Tab X C"},"content":{"rendered":"","protected":false},"excerpt":{"rendered":"<p>Carcas\u0103 magnetic\u0103 elegant\u0103 \u0219i u\u0219oar\u0103 pentru BOOX Note MAX \u0219i Tab X C.<\/p>\n<p>Ofer\u0103 protec\u021bie suplimentar\u0103 pentru depozitare \u0219i transport. Fixarea cu magnet v\u0103 permite s\u0103 v\u0103 fixa\u021bi rapid tableta \u00een hus\u0103. Carcasa poate fi u\u0219or transformat\u0103 \u00eentr-un suport.<\/p>\n<div>\u00a0Materiale: poliuretan, piele sintetic\u0103.<\/div>\n<div>\u00a0Dimensiuni: 288x244x7 mm Greutate: 290 g.<\/div>","protected":false},"featured_media":12926,"comment_status":"open","ping_status":"closed","template":"","meta":[],"product_brand":[506],"product_cat":[503,511],"product_tag":[],"class_list":{"0":"post-12920","1":"product","2":"type-product","3":"status-publish","4":"has-post-thumbnail","6":"product_brand-boox","7":"product_cat-eink_tablet","8":"product_cat-tablet_accessories","10":"first","11":"instock","12":"shipping-taxable","13":"purchasable","14":"product-type-simple"},"_links":{"self":[{"href":"https:\/\/wireless.md\/ro\/wp-json\/wp\/v2\/product\/12920","targetHints":{"allow":["GET"]}}],"collection":[{"href":"https:\/\/wireless.md\/ro\/wp-json\/wp\/v2\/product"}],"about":[{"href":"https:\/\/wireless.md\/ro\/wp-json\/wp\/v2\/types\/product"}],"replies":[{"embeddable":true,"href":"https:\/\/wireless.md\/ro\/wp-json\/wp\/v2\/comments?post=12920"}],"version-history":[{"count":2,"href":"https:\/\/wireless.md\/ro\/wp-json\/wp\/v2\/product\/12920\/revisions"}],"predecessor-version":[{"id":13115,"href":"https:\/\/wireless.md\/ro\/wp-json\/wp\/v2\/product\/12920\/revisions\/13115"}],"wp:featuredmedia":[{"embeddable":true,"href":"https:\/\/wireless.md\/ro\/wp-json\/wp\/v2\/media\/12926"}],"wp:attachment":[{"href":"https:\/\/wireless.md\/ro\/wp-json\/wp\/v2\/media?parent=12920"}],"wp:term":[{"taxonomy":"product_brand","embeddable":true,"href":"https:\/\/wireless.md\/ro\/wp-json\/wp\/v2\/product_brand?post=12920"},{"taxonomy":"product_cat","embeddable":true,"href":"https:\/\/wireless.md\/ro\/wp-json\/wp\/v2\/product_cat?post=12920"},{"taxonomy":"product_tag","embeddable":true,"href":"https:\/\/wireless.md\/ro\/wp-json\/wp\/v2\/product_tag?post=12920"}],"curies":[{"name":"wp","href":"https:\/\/api.w.org\/{rel}","templated":true}]}}