{"id":12913,"date":"2026-01-05T17:11:09","date_gmt":"2026-01-05T15:11:09","guid":{"rendered":"https:\/\/wireless.md\/?post_type=product&#038;p=12913"},"modified":"2026-02-01T23:00:57","modified_gmt":"2026-02-01T21:00:57","slug":"chehol-podstavka-magnitnyj-dlya-onyx-boox-go-10-3-bezhevyj","status":"publish","type":"product","link":"https:\/\/wireless.md\/ro\/produs\/chehol-podstavka-magnitnyj-dlya-onyx-boox-go-10-3-bezhevyj\/","title":{"rendered":"Carcas\u0103 cu suport magnetic pentru ONYX BOOX Go 10.3 (bej)"},"content":{"rendered":"","protected":false},"excerpt":{"rendered":"<p>Hus\u0103 elegant\u0103 \u0219i u\u0219oar\u0103 pentru BOOX Go 10.3.<\/p>\n<div>Fixare magnetic\u0103 convenabil\u0103.<\/div>\n<div>Capacul carcasei are capacitatea de a se plia \u00een sus, transform\u00e2nd carcasa \u00eentr-un suport.<\/div>\n<div>Trimite cititorul la culcare atunci c\u00e2nd este \u00eenchis, \u00eel treze\u0219te atunci c\u00e2nd este deschis.<\/div>\n<div>Materiale: piele artificial\u0103, poliuretan, plastic.<\/div>\n<div>Dimensiuni: 236x185x10 mm.<\/div>\n<div>Greutate: 260g.<\/div>","protected":false},"featured_media":12914,"comment_status":"open","ping_status":"closed","template":"","meta":[],"product_brand":[506],"product_cat":[503,511],"product_tag":[],"class_list":{"0":"post-12913","1":"product","2":"type-product","3":"status-publish","4":"has-post-thumbnail","6":"product_brand-boox","7":"product_cat-eink_tablet","8":"product_cat-tablet_accessories","10":"first","11":"instock","12":"shipping-taxable","13":"purchasable","14":"product-type-simple"},"_links":{"self":[{"href":"https:\/\/wireless.md\/ro\/wp-json\/wp\/v2\/product\/12913","targetHints":{"allow":["GET"]}}],"collection":[{"href":"https:\/\/wireless.md\/ro\/wp-json\/wp\/v2\/product"}],"about":[{"href":"https:\/\/wireless.md\/ro\/wp-json\/wp\/v2\/types\/product"}],"replies":[{"embeddable":true,"href":"https:\/\/wireless.md\/ro\/wp-json\/wp\/v2\/comments?post=12913"}],"version-history":[{"count":1,"href":"https:\/\/wireless.md\/ro\/wp-json\/wp\/v2\/product\/12913\/revisions"}],"predecessor-version":[{"id":12919,"href":"https:\/\/wireless.md\/ro\/wp-json\/wp\/v2\/product\/12913\/revisions\/12919"}],"wp:featuredmedia":[{"embeddable":true,"href":"https:\/\/wireless.md\/ro\/wp-json\/wp\/v2\/media\/12914"}],"wp:attachment":[{"href":"https:\/\/wireless.md\/ro\/wp-json\/wp\/v2\/media?parent=12913"}],"wp:term":[{"taxonomy":"product_brand","embeddable":true,"href":"https:\/\/wireless.md\/ro\/wp-json\/wp\/v2\/product_brand?post=12913"},{"taxonomy":"product_cat","embeddable":true,"href":"https:\/\/wireless.md\/ro\/wp-json\/wp\/v2\/product_cat?post=12913"},{"taxonomy":"product_tag","embeddable":true,"href":"https:\/\/wireless.md\/ro\/wp-json\/wp\/v2\/product_tag?post=12913"}],"curies":[{"name":"wp","href":"https:\/\/api.w.org\/{rel}","templated":true}]}}