{"id":12899,"date":"2026-01-05T16:50:46","date_gmt":"2026-01-05T14:50:46","guid":{"rendered":"https:\/\/wireless.md\/?post_type=product&#038;p=12899"},"modified":"2026-02-01T23:00:57","modified_gmt":"2026-02-01T21:00:57","slug":"chehol-magnitnyj-dlya-onyx-boox-go-7-go-color-7-bezhevyj","status":"publish","type":"product","link":"https:\/\/wireless.md\/ro\/produs\/chehol-magnitnyj-dlya-onyx-boox-go-7-go-color-7-bezhevyj\/","title":{"rendered":"Hus\u0103 magnetic\u0103 pentru BOOX Go 7, Go Color 7 (bej)"},"content":{"rendered":"","protected":false},"excerpt":{"rendered":"<p>Carcas\u0103 confortabil\u0103 \u0219i fiabil\u0103. Are o baz\u0103 magnetic\u0103 pentru ata\u0219area rapid\u0103 la cititor. Trimite cititorul \u00een stare de repaus atunci c\u00e2nd este \u00eenchis \u0219i \u00eel treze\u0219te atunci c\u00e2nd este deschis.<\/p>\n<div>Materiale: piele artificial\u0103, poliuretan.<\/div>\n<div>Dimensiuni: 159x140x10 mm.<\/div>\n<div>Greutate: 100g.<\/div>","protected":false},"featured_media":12900,"comment_status":"open","ping_status":"closed","template":"","meta":[],"product_brand":[506],"product_cat":[503,511],"product_tag":[],"class_list":{"0":"post-12899","1":"product","2":"type-product","3":"status-publish","4":"has-post-thumbnail","6":"product_brand-boox","7":"product_cat-eink_tablet","8":"product_cat-tablet_accessories","10":"first","11":"instock","12":"shipping-taxable","13":"purchasable","14":"product-type-simple"},"_links":{"self":[{"href":"https:\/\/wireless.md\/ro\/wp-json\/wp\/v2\/product\/12899","targetHints":{"allow":["GET"]}}],"collection":[{"href":"https:\/\/wireless.md\/ro\/wp-json\/wp\/v2\/product"}],"about":[{"href":"https:\/\/wireless.md\/ro\/wp-json\/wp\/v2\/types\/product"}],"replies":[{"embeddable":true,"href":"https:\/\/wireless.md\/ro\/wp-json\/wp\/v2\/comments?post=12899"}],"version-history":[{"count":3,"href":"https:\/\/wireless.md\/ro\/wp-json\/wp\/v2\/product\/12899\/revisions"}],"predecessor-version":[{"id":13166,"href":"https:\/\/wireless.md\/ro\/wp-json\/wp\/v2\/product\/12899\/revisions\/13166"}],"wp:featuredmedia":[{"embeddable":true,"href":"https:\/\/wireless.md\/ro\/wp-json\/wp\/v2\/media\/12900"}],"wp:attachment":[{"href":"https:\/\/wireless.md\/ro\/wp-json\/wp\/v2\/media?parent=12899"}],"wp:term":[{"taxonomy":"product_brand","embeddable":true,"href":"https:\/\/wireless.md\/ro\/wp-json\/wp\/v2\/product_brand?post=12899"},{"taxonomy":"product_cat","embeddable":true,"href":"https:\/\/wireless.md\/ro\/wp-json\/wp\/v2\/product_cat?post=12899"},{"taxonomy":"product_tag","embeddable":true,"href":"https:\/\/wireless.md\/ro\/wp-json\/wp\/v2\/product_tag?post=12899"}],"curies":[{"name":"wp","href":"https:\/\/api.w.org\/{rel}","templated":true}]}}