{"id":12870,"date":"2026-01-05T16:30:32","date_gmt":"2026-01-05T14:30:32","guid":{"rendered":"https:\/\/wireless.md\/?post_type=product&#038;p=12870"},"modified":"2026-02-01T23:00:57","modified_gmt":"2026-02-01T21:00:57","slug":"chehol-magnitnyj-dlya-boox-go-6-chernyj","status":"publish","type":"product","link":"https:\/\/wireless.md\/ro\/produs\/chehol-magnitnyj-dlya-boox-go-6-chernyj\/","title":{"rendered":"Hus\u0103 magnetic\u0103 pentru BOOX Go 6 (negru)"},"content":{"rendered":"","protected":false},"excerpt":{"rendered":"<p>Hus\u0103 compact\u0103 \u0219i u\u0219oar\u0103 pentru BOOX Go 6. Protejeaz\u0103 cititorul \u00een timpul transportului \u0219i depozit\u0103rii.<\/p>\n<p>Se ata\u0219eaz\u0103 rapid la carcas\u0103 datorit\u0103 magne\u021bilor \u00eencorpora\u021bi. C\u00e2nd este \u00eenchis, trimite cititorul \u00een modul de a\u0219teptare, c\u00e2nd este deschis, scoate cititorul din modul de a\u0219teptare.<\/p>\n<p>Materiale: poliuretan, piele artificial\u0103. Dimensiuni: 147x110x7 mm. Greutate: 84 g.<\/p>","protected":false},"featured_media":12873,"comment_status":"open","ping_status":"closed","template":"","meta":[],"product_brand":[506],"product_cat":[503,511],"product_tag":[],"class_list":{"0":"post-12870","1":"product","2":"type-product","3":"status-publish","4":"has-post-thumbnail","6":"product_brand-boox","7":"product_cat-eink_tablet","8":"product_cat-tablet_accessories","10":"first","11":"instock","12":"shipping-taxable","13":"purchasable","14":"product-type-simple"},"_links":{"self":[{"href":"https:\/\/wireless.md\/ro\/wp-json\/wp\/v2\/product\/12870","targetHints":{"allow":["GET"]}}],"collection":[{"href":"https:\/\/wireless.md\/ro\/wp-json\/wp\/v2\/product"}],"about":[{"href":"https:\/\/wireless.md\/ro\/wp-json\/wp\/v2\/types\/product"}],"replies":[{"embeddable":true,"href":"https:\/\/wireless.md\/ro\/wp-json\/wp\/v2\/comments?post=12870"}],"version-history":[{"count":1,"href":"https:\/\/wireless.md\/ro\/wp-json\/wp\/v2\/product\/12870\/revisions"}],"predecessor-version":[{"id":12878,"href":"https:\/\/wireless.md\/ro\/wp-json\/wp\/v2\/product\/12870\/revisions\/12878"}],"wp:featuredmedia":[{"embeddable":true,"href":"https:\/\/wireless.md\/ro\/wp-json\/wp\/v2\/media\/12873"}],"wp:attachment":[{"href":"https:\/\/wireless.md\/ro\/wp-json\/wp\/v2\/media?parent=12870"}],"wp:term":[{"taxonomy":"product_brand","embeddable":true,"href":"https:\/\/wireless.md\/ro\/wp-json\/wp\/v2\/product_brand?post=12870"},{"taxonomy":"product_cat","embeddable":true,"href":"https:\/\/wireless.md\/ro\/wp-json\/wp\/v2\/product_cat?post=12870"},{"taxonomy":"product_tag","embeddable":true,"href":"https:\/\/wireless.md\/ro\/wp-json\/wp\/v2\/product_tag?post=12870"}],"curies":[{"name":"wp","href":"https:\/\/api.w.org\/{rel}","templated":true}]}}