{"id":12847,"date":"2026-01-05T15:53:58","date_gmt":"2026-01-05T13:53:58","guid":{"rendered":"https:\/\/wireless.md\/?post_type=product&#038;p=12847"},"modified":"2026-01-14T17:14:14","modified_gmt":"2026-01-14T15:14:14","slug":"boox-go-10-3","status":"publish","type":"product","link":"https:\/\/wireless.md\/ro\/produs\/boox-go-10-3\/","title":{"rendered":"Tablet\u0103 e-ink Go 10.3"},"content":{"rendered":"<h3>Control tactil dublu<\/h3>\n<p>ONYX BOOX Go 10.3 are dou\u0103 straturi tactile. Deasupra suprafe\u021bei ecranului se afl\u0103 un senzor capacitiv multi-touch care v\u0103 permite s\u0103 r\u0103sfoi\u021bi c\u0103r\u021bi \u0219i s\u0103 m\u0103ri\u021bi documente cu mi\u0219c\u0103ri intuitive ale degetelor. Exist\u0103, de asemenea, un strat tactil Wacom sub panoul E Ink, astfel \u00eenc\u00e2t s\u0103 pute\u021bi face noti\u021be \u0219i schi\u021be cu stylusul inclus. Stylusul recunoa\u0219te 4096 de grade de presiune \u0219i v\u0103 permite s\u0103 desena\u021bi cu mare precizie. Func\u021bioneaz\u0103 cu stilourile BOOX Pen 2 Pro \/ BOOX Pen Plus \/ BOOX Pen 3.<\/p>\n<h3>Suport pentru format<\/h3>\n<p>Software-ul BOOX v\u0103 permite s\u0103 deschide\u021bi fi\u0219iere \u00een multe formate diferite de text \u0219i imagine. Atunci c\u00e2nd citi\u021bi, pute\u021bi schimba stilul \u0219i dimensiunea fontului, aspectul paginii, marcajele \u0219i zoom-ul gratuit.<\/p>\n<h3>Protec\u021bie suplimentar\u0103 a ecranului<\/h3>\n<p>Sticla ONYX este plasat\u0103 deasupra ecranului E Ink \u0219i \u00eel protejeaz\u0103 de zg\u00e2rieturi \u0219i alte deterior\u0103ri. Utilizarea acestei sticle v\u0103 permite s\u0103 evita\u021bi marginile suplimentare, astfel \u00eenc\u00e2t ecranul este la acela\u0219i nivel cu corpul dispozitivului. Acest lucru face ca lucrul cu e-book-ul s\u0103 fie mai confortabil \u0219i aspectul s\u0103u mai modern. \u00cen plus, acoperirea special\u0103 reduce probabilitatea de str\u0103lucire pe ecran.<\/p>\n<h3>Caracteristici tehnice remarcabile<\/h3>\n<p>Un procesor cu 8 nuclee la 2,4 GHz \u0219i 4 GB de memorie RAM v\u0103 asigur\u0103 c\u0103 pute\u021bi lucra confortabil chiar \u0219i cu cele mai complexe documente. Memoria nevolatil\u0103 \u00eencorporat\u0103 de 64 GB v\u0103 permite s\u0103 stoca\u021bi cantit\u0103\u021bi mari de date direct pe dispozitiv.<\/p>\n<h3>Modul Bluetooth<\/h3>\n<p>Datorit\u0103 modulului Bluetooth 5.0 \u00eencorporat, pute\u021bi conecta dispozitive externe.<\/p>\n<h3>OTG<\/h3>\n<p>Dispozitivul accept\u0103 OTG, care poate fi utilizat pentru a conecta periferice suplimentare care nu necesit\u0103 drivere.<\/p>\n<h3>Func\u021bie de rotire automat\u0103<\/h3>\n<p>Senzorul G \u00eencorporat selecteaz\u0103 automat pozi\u021bia corect\u0103 a textului atunci c\u00e2nd \u00eentoarce\u021bi dispozitivul. Acest lucru v\u0103 permite s\u0103 v\u0103 schimba\u021bi m\u00e2na cu cititorul cu susul \u00een jos \u0219i imaginea se va realinia automat.<\/p>\n<h3>Player audio<\/h3>\n<p>Dispozitivul are un player audio preinstalat care v\u0103 permite s\u0103 asculta\u021bi muzic\u0103 \u0219i c\u0103r\u021bi audio. Pentru a-l utiliza, trebuie doar s\u0103 lansa\u021bi fi\u0219ierul audio corespunz\u0103tor. De asemenea, pute\u021bi conecta c\u0103\u0219tile sau o box\u0103 la cititor prin Bluetooth sau conector de tip C.<\/p>\n<h3>\u00cenregistrare simpl\u0103 a con\u021binutului<\/h3>\n<p>\u00cen plus fa\u021b\u0103 de metoda standard de scriere a fi\u0219ierelor pe cititor utiliz\u00e2nd un cablu USB, le pute\u021bi transfera prin Wi-Fi \u0219i Bluetooth sau utiliz\u00e2nd un cod QR. Serviciul Cloud PUSH este, de asemenea, disponibil.<\/p>\n<h3>Instalarea aplica\u021biilor<\/h3>\n<p>Go 10.3 se bazeaz\u0103 pe sistemul de operare Android 12 \u0219i v\u0103 permite s\u0103 instala\u021bi \u0219i s\u0103 utiliza\u021bi o varietate de aplica\u021bii ter\u021be. Cititorul are un magazin de aplica\u021bii Google Play care v\u0103 permite s\u0103 desc\u0103rca\u021bi \u0219i s\u0103 actualiza\u021bi aplica\u021bii.<\/p>\n<h3>Suport lingvistic<\/h3>\n<p>ONYX BOOX v\u0103 permite s\u0103 citi\u021bi documente \u00een diferite limbi din \u00eentreaga lume. Printre acestea se num\u0103r\u0103 rus\u0103, englez\u0103, german\u0103, francez\u0103, spaniol\u0103, arab\u0103, suedez\u0103, olandez\u0103, finlandez\u0103, polonez\u0103, chinez\u0103, japonez\u0103 \u0219i multe altele.<\/p>\n<h3>Durat\u0103 lung\u0103 de func\u021bionare<\/h3>\n<p>Consumul redus de energie al afi\u0219ajului E Ink \u0219i bateria de 3700 mAh asigur\u0103 o durat\u0103 lung\u0103 de via\u021b\u0103 a bateriei.<\/p>","protected":false},"excerpt":{"rendered":"<p>ONYX BOOX Go 10.3 este un cititor de format mare de 10,3 inchi care v\u0103 permite s\u0103 lua\u021bi noti\u021be scrise de m\u00e2n\u0103 cu un stylus. Dispune de un ecran E Ink Carta Plus (Carta 1200) de \u00eenalt\u0103 rezolu\u021bie cu dou\u0103 comenzi tactile: capacitiv pentru controlul cu degetul \u0219i inductiv pentru operarea cu stylus.<\/p>\n<p>Modelul are o platform\u0103 hardware de \u00eenalt\u0103 performan\u021b\u0103 \u0219i un corp sub\u021bire \u0219i u\u0219or, cu o grosime de numai 4,5 mm. Cititorul se bazeaz\u0103 pe un procesor cu 8 nuclee \u0219i 4 GB de memorie RAM, iar memoria nevolatil\u0103 de 64 gigabytes este suficient\u0103 pentru a stoca un num\u0103r mare de c\u0103r\u021bi \u0219i documente. Wi-Fi dual-band \u00eencorporat v\u0103 permite s\u0103 accesa\u021bi Internetul \u0219i s\u0103 utiliza\u021bi serviciile de re\u021bea, iar suportul Bluetooth 5.0 v\u0103 permite s\u0103 conecta\u021bi dispozitive externe.<\/p>\n<p>Pute\u021bi asculta c\u0103r\u021bi audio \u0219i muzic\u0103 cu ajutorul software-ului de redare audio, iar func\u021bia Text-To-Speech este de asemenea acceptat\u0103. Modelul ruleaz\u0103 Android 12, iar software-ul include magazinul de aplica\u021bii Google Play. ONYX BOOX Go 10.3 are ONYX Glass pentru a proteja ecranul de deterior\u0103ri. Cu un ecran mare \u0219i posibilitatea de a face noti\u021be scrise de m\u00e2n\u0103, modelul este o alegere excelent\u0103 pentru cei care inten\u021bioneaz\u0103 s\u0103 lucreze mult cu documente \u0219i doresc s\u0103 utilizeze capacit\u0103\u021bile de introducere cu stylus.<\/p>\n<p>Acest model nu are o iluminare de fundal a ecranului \u00eencorporat\u0103 \u0219i este proiectat s\u0103 func\u021bioneze cu lumin\u0103 extern\u0103.<\/p>","protected":false},"featured_media":12849,"comment_status":"open","ping_status":"closed","template":"","meta":[],"product_brand":[506],"product_cat":[503,510],"product_tag":[],"class_list":{"0":"post-12847","1":"product","2":"type-product","3":"status-publish","4":"has-post-thumbnail","6":"product_brand-boox","7":"product_cat-eink_tablet","8":"product_cat-tablets","10":"first","11":"instock","12":"shipping-taxable","13":"purchasable","14":"product-type-simple"},"_links":{"self":[{"href":"https:\/\/wireless.md\/ro\/wp-json\/wp\/v2\/product\/12847","targetHints":{"allow":["GET"]}}],"collection":[{"href":"https:\/\/wireless.md\/ro\/wp-json\/wp\/v2\/product"}],"about":[{"href":"https:\/\/wireless.md\/ro\/wp-json\/wp\/v2\/types\/product"}],"replies":[{"embeddable":true,"href":"https:\/\/wireless.md\/ro\/wp-json\/wp\/v2\/comments?post=12847"}],"version-history":[{"count":2,"href":"https:\/\/wireless.md\/ro\/wp-json\/wp\/v2\/product\/12847\/revisions"}],"predecessor-version":[{"id":13160,"href":"https:\/\/wireless.md\/ro\/wp-json\/wp\/v2\/product\/12847\/revisions\/13160"}],"wp:featuredmedia":[{"embeddable":true,"href":"https:\/\/wireless.md\/ro\/wp-json\/wp\/v2\/media\/12849"}],"wp:attachment":[{"href":"https:\/\/wireless.md\/ro\/wp-json\/wp\/v2\/media?parent=12847"}],"wp:term":[{"taxonomy":"product_brand","embeddable":true,"href":"https:\/\/wireless.md\/ro\/wp-json\/wp\/v2\/product_brand?post=12847"},{"taxonomy":"product_cat","embeddable":true,"href":"https:\/\/wireless.md\/ro\/wp-json\/wp\/v2\/product_cat?post=12847"},{"taxonomy":"product_tag","embeddable":true,"href":"https:\/\/wireless.md\/ro\/wp-json\/wp\/v2\/product_tag?post=12847"}],"curies":[{"name":"wp","href":"https:\/\/api.w.org\/{rel}","templated":true}]}}