{"id":12837,"date":"2026-01-05T15:42:52","date_gmt":"2026-01-05T13:42:52","guid":{"rendered":"https:\/\/wireless.md\/?post_type=product&#038;p=12837"},"modified":"2026-02-06T10:22:57","modified_gmt":"2026-02-06T08:22:57","slug":"boox-palma2-pro","status":"publish","type":"product","link":"https:\/\/wireless.md\/ro\/produs\/boox-palma2-pro\/","title":{"rendered":"BOOX Palma2 Pro"},"content":{"rendered":"","protected":false},"excerpt":{"rendered":"<p data-start=\"233\" data-end=\"512\"><strong data-start=\"233\" data-end=\"252\">BOOX Palma2 Pro<\/strong> - ultra-compact <strong data-start=\"272\" data-end=\"314\">e-reader cu Android<\/strong>Combina\u021bia perfect\u0103 de confort la citire, func\u021bionalitate inteligent\u0103 \u0219i performan\u021b\u0103 ridicat\u0103. Acest cititor este conceput pentru cei care iubesc c\u0103r\u021bile, noti\u021bele \u0219i productivitatea \u00eentr-un format convenabil - \u00eentotdeauna la \u00eendem\u00e2n\u0103.<\/p>\n<h3 data-start=\"514\" data-end=\"541\">\u00a0Caracteristici principale:<\/h3>\n<ul data-start=\"542\" data-end=\"1103\">\n<li data-start=\"542\" data-end=\"639\">\n<p data-start=\"544\" data-end=\"639\"><strong data-start=\"547\" data-end=\"582\">Ecran E-Ink lizibil de 6 inchi<\/strong> - nu obose\u0219te ochii \u0219i este confortabil pentru citirea \u00eendelungat\u0103.<\/p>\n<\/li>\n<li data-start=\"640\" data-end=\"734\">\n<p data-start=\"642\" data-end=\"734\"><strong data-start=\"644\" data-end=\"675\">O platform\u0103 puternic\u0103 pe Android<\/strong> - rula\u021bi aplica\u021biile dvs. preferate de citire, luare de noti\u021be \u0219i PDF.<\/p>\n<\/li>\n<li data-start=\"735\" data-end=\"837\">\n<p data-start=\"737\" data-end=\"837\"><strong data-start=\"740\" data-end=\"761\">Suport pentru stylus<\/strong> - Lua\u021bi noti\u021be, eviden\u021bia\u021bi textul \u0219i lucra\u021bi cu documentele ca \u0219i cum ar fi pe h\u00e2rtie.<\/p>\n<\/li>\n<li data-start=\"838\" data-end=\"940\">\n<p data-start=\"840\" data-end=\"940\"><strong data-start=\"843\" data-end=\"885\">Wi-Fi \u0219i op\u021biuni flexibile de conectivitate<\/strong> - \u00eenc\u0103rcarea con\u021binutului, serviciile cloud \u0219i sincronizarea.<\/p>\n<\/li>\n<li data-start=\"941\" data-end=\"1027\">\n<p data-start=\"943\" data-end=\"1027\"><strong data-start=\"946\" data-end=\"975\">Suport multiformat<\/strong> - PDF, EPUB, MOBI, TXT \u0219i alte formate populare.<\/p>\n<\/li>\n<li data-start=\"1028\" data-end=\"1103\">\n<p data-start=\"1030\" data-end=\"1103\">Durat\u0103 lung\u0103 de via\u021b\u0103 a bateriei - zile de citire f\u0103r\u0103 re\u00eenc\u0103rcare.<\/p>\n<\/li>\n<\/ul>\n<h3 data-start=\"1105\" data-end=\"1144\">De ce s\u0103 alege\u021bi BOOX Palma2 Pro:<\/h3>\n<ul data-start=\"1145\" data-end=\"1351\">\n<li data-start=\"1145\" data-end=\"1176\">\n<p data-start=\"1147\" data-end=\"1176\">U\u0219or de citit ca pe h\u00e2rtie<\/p>\n<\/li>\n<li data-start=\"1177\" data-end=\"1253\">\n<p data-start=\"1179\" data-end=\"1253\">U\u0219or \u0219i compact - ideal pentru c\u0103l\u0103torii \u0219i utilizarea zilnic\u0103<\/p>\n<\/li>\n<li data-start=\"1254\" data-end=\"1299\">\n<p data-start=\"1256\" data-end=\"1299\">Flexibilitatea Android este mai mult dec\u00e2t un simplu cititor<\/p>\n<\/li>\n<li data-start=\"1300\" data-end=\"1351\">\n<p data-start=\"1302\" data-end=\"1351\">Compatibilitate excelent\u0103 cu bibliotecile \u0219i serviciile<\/p>\n<\/li>\n<\/ul>\n<hr data-start=\"1353\" data-end=\"1356\" \/>\n<h2 data-start=\"1358\" data-end=\"1382\">Este o potrivire perfect\u0103:<\/h2>\n<p data-start=\"1383\" data-end=\"1549\">\u2714 pentru iubitorii de c\u0103r\u021bi electronice<br data-start=\"1411\" data-end=\"1414\" \/>\u2714 studen\u021bii \u0219i profesioni\u0219tii s\u0103 lucreze cu PDF-uri<br data-start=\"1459\" data-end=\"1462\" \/>\u2714 pentru cei care iau noti\u021be \u0219i adnot\u0103ri<br data-start=\"1499\" data-end=\"1502\" \/>\u2714 pentru c\u0103l\u0103torii \u0219i utilizare zilnic\u0103<\/p>","protected":false},"featured_media":12844,"comment_status":"open","ping_status":"closed","template":"","meta":[],"product_brand":[506],"product_cat":[503,510],"product_tag":[],"class_list":{"0":"post-12837","1":"product","2":"type-product","3":"status-publish","4":"has-post-thumbnail","6":"product_brand-boox","7":"product_cat-eink_tablet","8":"product_cat-tablets","10":"first","11":"instock","12":"shipping-taxable","13":"purchasable","14":"product-type-simple"},"_links":{"self":[{"href":"https:\/\/wireless.md\/ro\/wp-json\/wp\/v2\/product\/12837","targetHints":{"allow":["GET"]}}],"collection":[{"href":"https:\/\/wireless.md\/ro\/wp-json\/wp\/v2\/product"}],"about":[{"href":"https:\/\/wireless.md\/ro\/wp-json\/wp\/v2\/types\/product"}],"replies":[{"embeddable":true,"href":"https:\/\/wireless.md\/ro\/wp-json\/wp\/v2\/comments?post=12837"}],"version-history":[{"count":1,"href":"https:\/\/wireless.md\/ro\/wp-json\/wp\/v2\/product\/12837\/revisions"}],"predecessor-version":[{"id":12846,"href":"https:\/\/wireless.md\/ro\/wp-json\/wp\/v2\/product\/12837\/revisions\/12846"}],"wp:featuredmedia":[{"embeddable":true,"href":"https:\/\/wireless.md\/ro\/wp-json\/wp\/v2\/media\/12844"}],"wp:attachment":[{"href":"https:\/\/wireless.md\/ro\/wp-json\/wp\/v2\/media?parent=12837"}],"wp:term":[{"taxonomy":"product_brand","embeddable":true,"href":"https:\/\/wireless.md\/ro\/wp-json\/wp\/v2\/product_brand?post=12837"},{"taxonomy":"product_cat","embeddable":true,"href":"https:\/\/wireless.md\/ro\/wp-json\/wp\/v2\/product_cat?post=12837"},{"taxonomy":"product_tag","embeddable":true,"href":"https:\/\/wireless.md\/ro\/wp-json\/wp\/v2\/product_tag?post=12837"}],"curies":[{"name":"wp","href":"https:\/\/api.w.org\/{rel}","templated":true}]}}