{"id":12816,"date":"2026-01-05T15:04:58","date_gmt":"2026-01-05T13:04:58","guid":{"rendered":"https:\/\/wireless.md\/?post_type=product&#038;p=12816"},"modified":"2026-03-17T17:26:57","modified_gmt":"2026-03-17T15:26:57","slug":"boox-go-color7gen-ii","status":"publish","type":"product","link":"https:\/\/wireless.md\/ro\/produs\/boox-go-color7gen-ii\/","title":{"rendered":"Tablet\u0103 e-ink Go Color7 (Gen II)"},"content":{"rendered":"<h3>Lumina de fundal a ecranului<\/h3>\n<p>Tehnologia MOON Light 2 v\u0103 permite s\u0103 utiliza\u021bi dispozitivul \u00een condi\u021bii de \u00eentuneric sau lumin\u0103 slab\u0103 f\u0103r\u0103 a v\u0103 afecta vederea. Aceast\u0103 caracteristic\u0103 creeaz\u0103 o str\u0103lucire moale pe ecran, optim\u0103 pentru mediile \u00eentunecate. Lumina de fundal are un control reglabil al temperaturii culorii \u0219i este complet lipsit\u0103 de p\u00e2lp\u00e2ire datorit\u0103 tehnologiei Flicker-Free.<\/p>\n<h3>Diagonal\u0103 mai mare a ecranului<\/h3>\n<p>Extins la 7 inchi, ecranul ONYX BOOX Go Color 7 (Gen II) de pe 30% afi\u0219eaz\u0103 mai multe informa\u021bii dec\u00e2t ecranele comparabile de 6 inchi. Dispozitivul r\u0103m\u00e2ne suficient de compact pentru o utilizare confortabil\u0103 atunci c\u00e2nd c\u0103l\u0103tori\u021bi.<\/p>\n<h3>Func\u021bie de rotire automat\u0103<\/h3>\n<p>Senzorul G \u00eencorporat selecteaz\u0103 automat pozi\u021bia corect\u0103 a textului atunci c\u00e2nd \u00eentoarce\u021bi dispozitivul. Acest lucru v\u0103 permite s\u0103 v\u0103 schimba\u021bi m\u00e2na \u00een timp ce \u00eentoarce\u021bi cititorul, iar imaginea se va realinia automat. Butoanele de pe partea lateral\u0103 a cititorului \u00ee\u0219i schimb\u0103 \u0219i ele func\u021biile \u00een func\u021bie de orientarea ecranului.<\/p>\n<h3>Control tactil dublu<\/h3>\n<p>ONYX BOOX Go Color 7 (Gen II) are dou\u0103 straturi tactile. Deasupra suprafe\u021bei ecranului se afl\u0103 un senzor capacitiv multi-touch care v\u0103 permite s\u0103 r\u0103sfoi\u021bi c\u0103r\u021bi \u0219i s\u0103 m\u0103ri\u021bi documente cu mi\u0219c\u0103ri intuitive ale degetelor. Exist\u0103, de asemenea, un strat tactil cu plas\u0103 metalic\u0103 sub panoul E Ink care accept\u0103 un stylus activ. \u00cel pute\u021bi utiliza pentru a lua noti\u021be \u0219i a desena. Pute\u021bi achizi\u021biona separat un stylus activ pentru cititor. Modelul accept\u0103 stilouri BOOX InkSense \/ BOOX InkSense Plus.<\/p>\n<h3>Protec\u021bie suplimentar\u0103 a ecranului<\/h3>\n<p>Sticla ONYX este plasat\u0103 deasupra ecranului E Ink \u0219i \u00eel protejeaz\u0103 de zg\u00e2rieturi \u0219i alte deterior\u0103ri. Utilizarea acestei sticle v\u0103 permite s\u0103 evita\u021bi marginile suplimentare, astfel \u00eenc\u00e2t ecranul este la acela\u0219i nivel cu corpul dispozitivului. Acest lucru face ca lucrul cu e-book-ul s\u0103 fie mai confortabil \u0219i aspectul s\u0103u mai modern. \u00cen plus, acoperirea special\u0103 reduce probabilitatea de str\u0103lucire pe ecran.<\/p>\n<h3>Performan\u021b\u0103 ridicat\u0103<\/h3>\n<p>Un procesor cu 8 nuclee la 2GHz \u0219i 4GB de memorie RAM v\u0103 asigur\u0103 c\u0103 ve\u021bi putea lucra rapid chiar \u0219i cu cele mai grele documente. Iar memoria nevolatil\u0103 de 64 GB combinat\u0103 cu un slot microSD v\u0103 permite s\u0103 stoca\u021bi o bibliotec\u0103 mare de c\u0103r\u021bi preferate.<\/p>\n<h3>Modul Bluetooth<\/h3>\n<p>Datorit\u0103 modulului Bluetooth 5.1 \u00eencorporat, pute\u021bi conecta dispozitive externe.<\/p>\n<h3>OTG<\/h3>\n<p>Dispozitivul accept\u0103 OTG, care poate fi utilizat pentru a conecta periferice suplimentare care nu necesit\u0103 drivere.<\/p>\n<h3>Suport pentru format<\/h3>\n<p>Software-ul BOOX v\u0103 permite s\u0103 deschide\u021bi fi\u0219iere \u00een multe formate diferite de text \u0219i imagine. Atunci c\u00e2nd citi\u021bi, pute\u021bi schimba stilul \u0219i dimensiunea fontului, aspectul paginii, marcajele \u0219i zoom-ul gratuit.<\/p>\n<h3>Player audio \u0219i TTS<\/h3>\n<p>Dispozitivul are un player audio preinstalat care poate fi utilizat pentru a asculta muzic\u0103 \u0219i c\u0103r\u021bi audio. Pentru a-l utiliza, trebuie doar s\u0103 lansa\u021bi fi\u0219ierul audio corespunz\u0103tor. \u00cen plus, pute\u021bi conecta c\u0103\u0219tile sau o box\u0103 la cititor prin Bluetooth sau conector de tip C. Dispozitivul accept\u0103, de asemenea, func\u021bia TTS (Text-to-Speech), care poate fi utilizat\u0103 pentru a vocaliza fi\u0219iere text.<\/p>\n<h3>\u00cenregistrare simpl\u0103 a con\u021binutului<\/h3>\n<p>\u00cen plus fa\u021b\u0103 de metoda standard de scriere a fi\u0219ierelor pe cititor utiliz\u00e2nd un cablu USB, le pute\u021bi transfera prin Wi-Fi \u0219i Bluetooth sau utiliz\u00e2nd un cod QR. Serviciul Cloud PUSH este, de asemenea, disponibil.<\/p>\n<h3>Instalarea aplica\u021biilor<\/h3>\n<p>Go Color 7 (Gen II) se bazeaz\u0103 pe sistemul de operare Android 13 \u0219i v\u0103 permite s\u0103 instala\u021bi \u0219i s\u0103 utiliza\u021bi o varietate de aplica\u021bii ter\u021be. Cititorul are un magazin de aplica\u021bii Google Play, care ofer\u0103 o mare varietate de aplica\u021bii.<\/p>\n<h3>Suport pentru limb\u0103 \u0219i dic\u021bionar<\/h3>\n<p>BOOX v\u0103 permite s\u0103 citi\u021bi documente \u00een multe limbi diferite din \u00eentreaga lume. Printre acestea se num\u0103r\u0103 rus\u0103, englez\u0103, german\u0103, francez\u0103, spaniol\u0103, arab\u0103, suedez\u0103, olandez\u0103, finlandez\u0103, polonez\u0103, chinez\u0103, japonez\u0103 \u0219i multe altele. Dac\u0103 dori\u021bi, pute\u021bi instala dic\u021bionare \u00een format Stardict pe cititor.<\/p>\n<h3>Durat\u0103 lung\u0103 de func\u021bionare<\/h3>\n<p>Consumul redus de energie al afi\u0219ajului E Ink \u0219i bateria de 2300 mAh asigur\u0103 o durat\u0103 lung\u0103 de via\u021b\u0103 a bateriei.<\/p>","protected":false},"excerpt":{"rendered":"<p>BOOX Go Color 7 (Gen II) este un cititor compact color de 7 inchi cu o platform\u0103 hardware de \u00eenalt\u0103 performan\u021b\u0103. Dispune de un ecran E Ink Kaleido 3 cu iluminare de fundal reglabil\u0103 \u0219i comenzi tactile duble: capacitive \u0219i Metal mesh.<\/p>\n<p>Cititorul se bazeaz\u0103 pe un puternic <strong>Procesor cu 8 nuclee<\/strong> \u0438 <strong>4 GB de RAM<\/strong> ONYX BOOX Go Color 7 (Gen II) ruleaz\u0103 Android 13 \u0219i v\u0103 permite s\u0103 instala\u021bi \u0219i s\u0103 utiliza\u021bi aplica\u021bii ter\u021be. ONYX BOOX Go Color 7 (Gen II) ruleaz\u0103 Android 13 \u0219i v\u0103 permite s\u0103 instala\u021bi \u0219i s\u0103 utiliza\u021bi aplica\u021bii ter\u021be. Wi-Fi dual-band \u00eencorporat v\u0103 permite s\u0103 accesa\u021bi Internetul \u0219i s\u0103 utiliza\u021bi diverse servicii de re\u021bea, iar suportul Bluetooth 5.1 v\u0103 permite s\u0103 conecta\u021bi dispozitive externe.<\/p>\n<p>Cu 64 gigaocte\u021bi de memorie intern\u0103 \u0219i un slot pentru card microSD, pute\u021bi stoca un num\u0103r mare de c\u0103r\u021bi \u0219i alte fi\u0219iere direct pe dispozitiv. Software-ul de redare audio v\u0103 permite s\u0103 asculta\u021bi c\u0103r\u021bi audio \u0219i fi\u0219iere muzicale, iar suportul Text-To-Speech v\u0103 permite s\u0103 voice-over fi\u0219iere text. Cititorul este realizat \u00eentr-un corp compact sub\u021bire cu butoane convenabile pe panoul lateral \u0219i are o sticl\u0103 de protec\u021bie ONYX Glass. Modelul accept\u0103 un stylus op\u021bional pentru noti\u021be \u0219i desene scrise de m\u00e2n\u0103. Cu un ecran color mai mare \u0219i posibilitatea de a face note scrise de m\u00e2n\u0103, acest model este potrivit pentru cei care inten\u021bioneaz\u0103 s\u0103 combine citirea c\u0103r\u021bilor \u0219i lucrul cu documente cu imagini color.<\/p>","protected":false},"featured_media":12817,"comment_status":"open","ping_status":"closed","template":"","meta":[],"product_brand":[506],"product_cat":[503,510],"product_tag":[],"class_list":{"0":"post-12816","1":"product","2":"type-product","3":"status-publish","4":"has-post-thumbnail","6":"product_brand-boox","7":"product_cat-eink_tablet","8":"product_cat-tablets","10":"first","11":"instock","12":"shipping-taxable","13":"purchasable","14":"product-type-simple"},"_links":{"self":[{"href":"https:\/\/wireless.md\/ro\/wp-json\/wp\/v2\/product\/12816","targetHints":{"allow":["GET"]}}],"collection":[{"href":"https:\/\/wireless.md\/ro\/wp-json\/wp\/v2\/product"}],"about":[{"href":"https:\/\/wireless.md\/ro\/wp-json\/wp\/v2\/types\/product"}],"replies":[{"embeddable":true,"href":"https:\/\/wireless.md\/ro\/wp-json\/wp\/v2\/comments?post=12816"}],"version-history":[{"count":2,"href":"https:\/\/wireless.md\/ro\/wp-json\/wp\/v2\/product\/12816\/revisions"}],"predecessor-version":[{"id":13162,"href":"https:\/\/wireless.md\/ro\/wp-json\/wp\/v2\/product\/12816\/revisions\/13162"}],"wp:featuredmedia":[{"embeddable":true,"href":"https:\/\/wireless.md\/ro\/wp-json\/wp\/v2\/media\/12817"}],"wp:attachment":[{"href":"https:\/\/wireless.md\/ro\/wp-json\/wp\/v2\/media?parent=12816"}],"wp:term":[{"taxonomy":"product_brand","embeddable":true,"href":"https:\/\/wireless.md\/ro\/wp-json\/wp\/v2\/product_brand?post=12816"},{"taxonomy":"product_cat","embeddable":true,"href":"https:\/\/wireless.md\/ro\/wp-json\/wp\/v2\/product_cat?post=12816"},{"taxonomy":"product_tag","embeddable":true,"href":"https:\/\/wireless.md\/ro\/wp-json\/wp\/v2\/product_tag?post=12816"}],"curies":[{"name":"wp","href":"https:\/\/api.w.org\/{rel}","templated":true}]}}