{"id":12775,"date":"2026-01-05T14:45:12","date_gmt":"2026-01-05T12:45:12","guid":{"rendered":"https:\/\/wireless.md\/?post_type=product&#038;p=12775"},"modified":"2026-01-14T17:14:53","modified_gmt":"2026-01-14T15:14:53","slug":"boox-go-6","status":"publish","type":"product","link":"https:\/\/wireless.md\/ro\/produs\/boox-go-6\/","title":{"rendered":"Tablet\u0103 e-ink Go 6"},"content":{"rendered":"<h3>Lumina de fundal a ecranului<\/h3>\n<p>Tehnologia MOON Light 2 v\u0103 permite s\u0103 utiliza\u021bi dispozitivul \u00een condi\u021bii de \u00eentuneric sau lumin\u0103 slab\u0103 f\u0103r\u0103 a v\u0103 afecta vederea. Aceast\u0103 caracteristic\u0103 creeaz\u0103 o str\u0103lucire moale pe ecran, optim\u0103 pentru mediile \u00eentunecate. Lumina de fundal are un control reglabil al temperaturii culorii \u0219i este complet lipsit\u0103 de p\u00e2lp\u00e2ire datorit\u0103 tehnologiei Flicker-Free.<\/p>\n<h3>Control tactil cu func\u021bie Multi-touch<\/h3>\n<p>Ecranul tactil Multi-touch ofer\u0103 comenzi de citire convenabile, cum ar fi ap\u0103sarea scurt\u0103 a unei taste, schimbarea paginii, m\u0103rirea cu dou\u0103 degete, marcarea textului \u0219i utilizarea func\u021biilor suplimentare. Dispozitivul v\u0103 permite s\u0103 personaliza\u021bi zonele de atingere \u00een func\u021bie de preferin\u021bele utilizatorului.<\/p>\n<h3>Protec\u021bie suplimentar\u0103 a ecranului<\/h3>\n<p>Sticla ONYX este plasat\u0103 deasupra ecranului E Ink \u0219i \u00eel protejeaz\u0103 de zg\u00e2rieturi \u0219i alte deterior\u0103ri. Utilizarea acestei sticle v\u0103 permite s\u0103 evita\u021bi marginile suplimentare, astfel \u00eenc\u00e2t ecranul este la acela\u0219i nivel cu corpul dispozitivului. Acest lucru face ca lucrul cu cartea electronic\u0103 s\u0103 fie mai confortabil, iar aspectul s\u0103u este mai modern. \u00cen plus, tratamentul special al sticlei reduce probabilitatea de str\u0103lucire pe ecran.<\/p>\n<h3>Caracteristici tehnice remarcabile<\/h3>\n<p>Un procesor cu 8 nuclee la 2GHz \u0219i 2GB de RAM ofer\u0103 o vitez\u0103 confortabil\u0103 pentru lucrul cu orice, chiar \u0219i cu cele mai complexe documente. Memoria \u00eencorporat\u0103 de 32 GB combinat\u0103 cu un slot microSD v\u0103 permite s\u0103 stoca\u021bi o bibliotec\u0103 mare de c\u0103r\u021bi preferate.<\/p>\n<h3>Modul Bluetooth<\/h3>\n<p>Datorit\u0103 modulului Bluetooth 5.0 \u00eencorporat, pute\u021bi conecta dispozitive externe.<\/p>\n<h3>Scrie\u021bi cu u\u0219urin\u021b\u0103 c\u0103r\u021bi \u00een memorie<\/h3>\n<p>\u00cen plus fa\u021b\u0103 de modul standard de \u00eenregistrare a c\u0103r\u021bilor prin cablu USB, le pute\u021bi transfera \u0219i prin Wi-Fi atunci c\u00e2nd sunte\u021bi conectat la internet. Serviciul BOOX DROP cloud PUSH este de asemenea disponibil acum.<\/p>\n<h3>Suport pentru format<\/h3>\n<p>Software-ul BOOX v\u0103 permite s\u0103 deschide\u021bi fi\u0219iere \u00een multe formate diferite de text \u0219i imagine. Atunci c\u00e2nd citi\u021bi, pute\u021bi schimba stilul \u0219i dimensiunea fontului, aspectul paginii, marcajele \u0219i zoom-ul gratuit.<\/p>\n<h3>Player audio<\/h3>\n<p>Dispozitivul are un player audio preinstalat care v\u0103 permite s\u0103 asculta\u021bi muzic\u0103 \u0219i c\u0103r\u021bi audio. Pentru a-l utiliza, trebuie doar s\u0103 conecta\u021bi c\u0103\u0219tile sau o box\u0103 la cititor prin Bluetooth sau conector de tip C \u0219i s\u0103 porni\u021bi fi\u0219ierul audio corespunz\u0103tor.<\/p>\n<h3>Durat\u0103 lung\u0103 de func\u021bionare<\/h3>\n<p>Consumul redus de energie al afi\u0219ajului E Ink \u0219i bateria de 1500 mAh asigur\u0103 o durat\u0103 lung\u0103 de via\u021b\u0103 a bateriei.<\/p>\n<h3>Instalarea aplica\u021biilor<\/h3>\n<p>Go 6 se bazeaz\u0103 pe sistemul de operare Android 11 \u0219i v\u0103 permite s\u0103 instala\u021bi \u0219i s\u0103 utiliza\u021bi diverse aplica\u021bii ter\u021be, extinz\u00e2nd semnificativ capacit\u0103\u021bile dispozitivului.<\/p>\n<h3>Suport lingvistic<\/h3>\n<p>BOOX v\u0103 permite s\u0103 citi\u021bi documente \u00een multe limbi diferite din \u00eentreaga lume. Acestea includ rus\u0103, englez\u0103, german\u0103, francez\u0103, spaniol\u0103, arab\u0103, suedez\u0103, olandez\u0103, finlandez\u0103, polonez\u0103, chinez\u0103, japonez\u0103 \u0219i multe altele.<\/p>","protected":false},"excerpt":{"rendered":"<p>BOOX Go 6 este un cititor compact cu un ecran retroiluminat E Ink Carta Plus (Carta 1300) de 6 inchi cu control tactil. Modelul are un corp sub\u021bire \u0219i u\u0219or, cu o grosime de numai 6,8 milimetri \u0219i o greutate de 146 de grame, iar ecranul cititorului este acoperit cu sticl\u0103 ONYX Glass.<\/p>\n<p>Go 6 se bazeaz\u0103 pe un procesor de \u00eenalt\u0103 performan\u021b\u0103 cu 8 nuclee \u0219i are 2 GB de memorie RAM. Dispozitivul este echipat cu Wi-Fi dual-band de ultim\u0103 genera\u021bie \u0219i Bluetooth 5.0. Cu 32 de gigabytes de memorie \u00eencorporat\u0103 \u0219i un slot pentru carduri micro SD, pute\u021bi stoca o bibliotec\u0103 mare de c\u0103r\u021bi \u0219i documente direct pe cititor. Datorit\u0103 utiliz\u0103rii sistemului de operare Android 11, pute\u021bi instala diverse aplica\u021bii ter\u021be. Playerul audio v\u0103 permite s\u0103 asculta\u021bi muzic\u0103 \u0219i c\u0103r\u021bi audio, iar suportul pentru func\u021bia TTS v\u0103 permite s\u0103 vocaliza\u021bi fi\u0219iere text.<\/p>\n<p>Modelul suport\u0103 lucrul cu o carcas\u0103 magnetic\u0103 de marc\u0103, care poate fi achizi\u021bionat\u0103 suplimentar pentru a proteja cititorul \u00een timpul transportului \u0219i depozit\u0103rii.<\/p>","protected":false},"featured_media":12789,"comment_status":"open","ping_status":"closed","template":"","meta":[],"product_brand":[506],"product_cat":[503,510],"product_tag":[],"class_list":{"0":"post-12775","1":"product","2":"type-product","3":"status-publish","4":"has-post-thumbnail","6":"product_brand-boox","7":"product_cat-eink_tablet","8":"product_cat-tablets","10":"first","11":"instock","12":"shipping-taxable","13":"purchasable","14":"product-type-simple"},"_links":{"self":[{"href":"https:\/\/wireless.md\/ro\/wp-json\/wp\/v2\/product\/12775","targetHints":{"allow":["GET"]}}],"collection":[{"href":"https:\/\/wireless.md\/ro\/wp-json\/wp\/v2\/product"}],"about":[{"href":"https:\/\/wireless.md\/ro\/wp-json\/wp\/v2\/types\/product"}],"replies":[{"embeddable":true,"href":"https:\/\/wireless.md\/ro\/wp-json\/wp\/v2\/comments?post=12775"}],"version-history":[{"count":2,"href":"https:\/\/wireless.md\/ro\/wp-json\/wp\/v2\/product\/12775\/revisions"}],"predecessor-version":[{"id":13164,"href":"https:\/\/wireless.md\/ro\/wp-json\/wp\/v2\/product\/12775\/revisions\/13164"}],"wp:featuredmedia":[{"embeddable":true,"href":"https:\/\/wireless.md\/ro\/wp-json\/wp\/v2\/media\/12789"}],"wp:attachment":[{"href":"https:\/\/wireless.md\/ro\/wp-json\/wp\/v2\/media?parent=12775"}],"wp:term":[{"taxonomy":"product_brand","embeddable":true,"href":"https:\/\/wireless.md\/ro\/wp-json\/wp\/v2\/product_brand?post=12775"},{"taxonomy":"product_cat","embeddable":true,"href":"https:\/\/wireless.md\/ro\/wp-json\/wp\/v2\/product_cat?post=12775"},{"taxonomy":"product_tag","embeddable":true,"href":"https:\/\/wireless.md\/ro\/wp-json\/wp\/v2\/product_tag?post=12775"}],"curies":[{"name":"wp","href":"https:\/\/api.w.org\/{rel}","templated":true}]}}