{"id":12688,"date":"2025-09-10T14:56:20","date_gmt":"2025-09-10T11:56:20","guid":{"rendered":"https:\/\/wireless.md\/?post_type=product&#038;p=12688"},"modified":"2025-09-10T14:56:20","modified_gmt":"2025-09-10T11:56:20","slug":"strimingovaya-kamera-venusliv-air","status":"publish","type":"product","link":"https:\/\/wireless.md\/ro\/produs\/strimingovaya-kamera-venusliv-air\/","title":{"rendered":"Camera de streaming VenusLiv Air"},"content":{"rendered":"<p><strong>Streamingul live profesional a devenit mai u\u0219or<\/strong><\/p>\n<p>Atunci c\u00e2nd este combinat cu software-ul PC Hollyland CAM, VenusLiv Air deschide o gam\u0103 de func\u021bii avansate de streaming live - f\u0103r\u0103 a fi nevoie de o configurare complicat\u0103. \u00cencepe\u021bi rapid \u0219i crea\u021bi transmisiuni live uimitoare cu u\u0219urin\u021b\u0103.<\/p>\n<p><strong>Ecran verde<\/strong><\/p>\n<p>Tehnologia Green Screen dezvoltat\u0103 de noi \u00een\u0219ine dep\u0103\u0219e\u0219te algoritmii tradi\u021bionali utiliza\u021bi pe platformele de difuzare majore. Cu o singur\u0103 atingere, ob\u021bine\u021bi rezultate curate, profesionale - chiar \u0219i \u00een zonele dificile, cum ar fi firele individuale de p\u0103r \u0219i marginile complexe. Este inteligent, rapid \u0219i incredibil de u\u0219or de utilizat.<\/p>\n<p><strong>Suprapunere imagine<\/strong><\/p>\n<p>\u00cembun\u0103t\u0103\u021bi\u021bi cu u\u0219urin\u021b\u0103 transmisiunile dvs. live prin ad\u0103ugarea de suprapuneri, anima\u021bii \u0219i imagini atractive direct din biblioteca \u00eencorporat\u0103 sau prin \u00eenc\u0103rcarea propriului con\u021binut.<\/p>\n<p><strong>Frumuse\u021bea pielii<\/strong><\/p>\n<p>Datorit\u0103 algoritmului avansat de la Hollyland, VenusLiv Air v\u0103 recunoa\u0219te \u00een mod inteligent fa\u021ba \u0219i pielea, v\u0103 separ\u0103 de fundal \u0219i v\u0103 \u00eembun\u0103t\u0103\u021be\u0219te aspectul cu iluminare inteligent\u0103 a pielii, netezirea texturii \u0219i corectarea tonului.<\/p>\n<p><strong>Magia corec\u021biei culorilor<\/strong><\/p>\n<p>Profita\u021bi de controlul profesional RGB cu spectru complet \u0219i de ajustarea direc\u021bionat\u0103 a culorilor, permi\u021b\u00e2ndu-v\u0103 s\u0103 corecta\u021bi rapid anumite culori. Pur \u0219i simplu selecta\u021bi o culoare \u0219i apoi regla\u021bi-i nuan\u021ba, luminozitatea \u0219i satura\u021bia. \u00cen doar trei secunde, pute\u021bi ob\u021bine rezultatul perfect - imagini vibrante, profesionale, care v\u0103 vor scoate \u00een eviden\u021b\u0103 transmisiunile live. De asemenea, pute\u021bi accesa aceast\u0103 func\u021bie prin intermediul aplica\u021biei mobile VenusCam.<\/p>","protected":false},"excerpt":{"rendered":"<p><strong>VenusLiv Aer<\/strong> redefine\u0219te no\u021biunea de camere compacte pentru streaming datorit\u0103 calit\u0103\u021bii imaginii 4K cinematografice oferite de un senzor CMOS mare de 1\/1,3\u2033 \u0219i un obiectiv dedicat F1.05.<\/p>\n<p>Indiferent dac\u0103 transmite\u021bi \u00een direct, face\u021bi podcasting sau crea\u021bi con\u021binut \u00een studio sau acas\u0103, aceast\u0103 camer\u0103 ofer\u0103 culori realiste \u0219i o claritate excep\u021bional\u0103 chiar \u0219i \u00een condi\u021bii de lumin\u0103 slab\u0103.<\/p>\n<p>Personalizare \u00eencorporat\u0103 <strong>inteligen\u021b\u0103 artificial\u0103<\/strong> permite chiar \u0219i streamerilor \u00eencep\u0103tori s\u0103 ob\u021bin\u0103 rezultate profesionale cu u\u0219urin\u021b\u0103. De la ecranul verde \u0219i suprapunerea imaginii p\u00e2n\u0103 la magia corec\u021biei culorilor \u0219i a \u00eembun\u0103t\u0103\u021birii pielii, VenusLiv Air v\u0103 ofer\u0103 control creativ complet.<\/p>\n<p>Cu op\u021biuni flexibile de streaming, control intuitiv prin intermediul aplica\u021biei \u0219i al desktop-ului \u0219i func\u021bionare fiabil\u0103 24 de ore din 24, 7 zile din 7, este conceput pentru a v\u0103 men\u021bine streaming-ul - oric\u00e2nd, oriunde.<\/p>","protected":false},"featured_media":12704,"comment_status":"open","ping_status":"closed","template":"","meta":[],"product_brand":[129],"product_cat":[132],"product_tag":[],"class_list":{"0":"post-12688","1":"product","2":"type-product","3":"status-publish","4":"has-post-thumbnail","6":"product_brand-hollyland","7":"product_cat-cameras","9":"first","10":"onbackorder","11":"shipping-taxable","12":"purchasable","13":"product-type-simple"},"_links":{"self":[{"href":"https:\/\/wireless.md\/ro\/wp-json\/wp\/v2\/product\/12688","targetHints":{"allow":["GET"]}}],"collection":[{"href":"https:\/\/wireless.md\/ro\/wp-json\/wp\/v2\/product"}],"about":[{"href":"https:\/\/wireless.md\/ro\/wp-json\/wp\/v2\/types\/product"}],"replies":[{"embeddable":true,"href":"https:\/\/wireless.md\/ro\/wp-json\/wp\/v2\/comments?post=12688"}],"version-history":[{"count":1,"href":"https:\/\/wireless.md\/ro\/wp-json\/wp\/v2\/product\/12688\/revisions"}],"predecessor-version":[{"id":12706,"href":"https:\/\/wireless.md\/ro\/wp-json\/wp\/v2\/product\/12688\/revisions\/12706"}],"wp:featuredmedia":[{"embeddable":true,"href":"https:\/\/wireless.md\/ro\/wp-json\/wp\/v2\/media\/12704"}],"wp:attachment":[{"href":"https:\/\/wireless.md\/ro\/wp-json\/wp\/v2\/media?parent=12688"}],"wp:term":[{"taxonomy":"product_brand","embeddable":true,"href":"https:\/\/wireless.md\/ro\/wp-json\/wp\/v2\/product_brand?post=12688"},{"taxonomy":"product_cat","embeddable":true,"href":"https:\/\/wireless.md\/ro\/wp-json\/wp\/v2\/product_cat?post=12688"},{"taxonomy":"product_tag","embeddable":true,"href":"https:\/\/wireless.md\/ro\/wp-json\/wp\/v2\/product_tag?post=12688"}],"curies":[{"name":"wp","href":"https:\/\/api.w.org\/{rel}","templated":true}]}}