{"id":12670,"date":"2025-09-07T20:53:49","date_gmt":"2025-09-07T17:53:49","guid":{"rendered":"https:\/\/wireless.md\/?post_type=product&#038;p=12670"},"modified":"2026-02-01T23:00:57","modified_gmt":"2026-02-01T21:00:57","slug":"timekettle-w4","status":"publish","type":"product","link":"https:\/\/wireless.md\/ro\/produs\/timekettle-w4\/","title":{"rendered":"Timekettle W4- translator AI Albastru"},"content":{"rendered":"<p>Dep\u0103\u0219i\u021bi barierele lingvistice \u00een comunicarea \u00een locuri zgomotoase \u0219i la t\u00e2rguri.<\/p>\n<p><strong>CU W4. <\/strong>pute\u021bi profita acum de traducerea bidirec\u021bional\u0103 \u00een limba interlocutorului \u0219i pute\u021bi vedea transcrierea subtitr\u0103rilor \u00een timp real. Acest lucru faciliteaz\u0103 \u00een\u021belegerea \u0219i participarea la conversa\u021bie. Chiar dac\u0103 v\u0103 afla\u021bi \u00eentr-un loc zgomotos, la o expozi\u021bie, \u00eentr-o mul\u021bime de oameni care vorbesc la un eveniment, pute\u021bi comunica cu W4 f\u0103r\u0103 erori de traducere. Sistemul unic de recunoa\u0219tere vocal\u0103 \u0219i anularea inteligent\u0103 a zgomotului fac din aceste c\u0103\u0219ti o descoperire cu adev\u0103rat revolu\u021bionar\u0103 pentru 2025.<\/p>\n<p><strong>W4 ofer\u0103 traducere online pentru 42 de limbi \u0219i 95 de accente, acoperind 85% din popula\u021bia lumii.<\/strong> C\u0103\u0219tile sunt concepute pentru a se adapta la diferite dialecte \u0219i varia\u021bii, permi\u021b\u00e2ndu-v\u0103 s\u0103 naviga\u021bi cu u\u0219urin\u021b\u0103 \u00een medii noi \u0219i s\u0103 comunica\u021bi cu localnicii.<\/p>\n<p><strong>Interpretare simultan\u0103 unu la unu<br \/>\n<\/strong>Schimbul optimizat \u0219i rapid de informa\u021bii permite o comunicare multilingv\u0103 natural\u0103 \u0219i u\u0219oar\u0103.<\/p>\n<p><strong>Asculta\u021bi \u0219i reda\u021bi traducerea<br \/>\n<\/strong>Asigura\u021bi o interac\u021biune rapid\u0103 \u00een timpul \u00eent\u00e2lnirilor fa\u021b\u0103 \u00een fa\u021b\u0103 \u0219i \u00eembun\u0103t\u0103\u021bi\u021bi discu\u021biile \u0219i luarea deciziilor la fa\u021ba locului.<\/p>\n<p>Comutarea \u00eentre ascultare \u0219i vorbire \u00een timpul reuniunilor, precum \u0219i interpretarea simultan\u0103 la conferin\u021bele multilingve, promoveaz\u0103 colaborarea \u0219i \u00een\u021belegerea diferitelor perspective de dragul succesului comun, promov\u00e2nd un mediu de colaborare \u00een care diferitele perspective se reunesc de dragul succesului comun.<\/p>","protected":false},"excerpt":{"rendered":"<p><strong>Primele c\u0103\u0219ti de traducere din lume cu sistem de anulare a zgomotului revolucion.\u00a0<\/strong><\/p>\n<ul>\n<li>Senzor de amprent\u0103 osoas\u0103 pentru recunoa\u0219terea vocii<\/li>\n<li>Precizie de traducere p\u00e2n\u0103 la 98%<\/li>\n<li>Timp de r\u0103spuns 0,2 s, traducere \u00een secunde<\/li>\n<li>Traducere cu autocorectare<\/li>\n<li>42 de limbi acceptate, 95 de accente<\/li>\n<li>Sistem inteligent Babel OS 2.0<\/li>\n<li>pachet lunar gratuit de 300 de minute de transfer online<\/li>\n<\/ul>","protected":false},"featured_media":12678,"comment_status":"open","ping_status":"closed","template":"","meta":[],"product_brand":[286],"product_cat":[502],"product_tag":[480,464,481,485,483,491,499,498,493,500,490,494,478,476,487,486,479,484,475,455,466,496,489,501,488,492,497,495,477,474,473,482,367,465,459,468,462,458,472,463,467,461,460,470,457,456,471,469],"class_list":{"0":"post-12670","1":"product","2":"type-product","3":"status-publish","4":"has-post-thumbnail","6":"product_brand-timekettle","7":"product_cat-aitranslator","8":"product_tag-ai-speech-translator-with-voice-id","9":"product_tag-ai-perevodchik-s-shumopodavleniem","10":"product_tag-b2b-meeting-translator","11":"product_tag-booth-interpreter-headphones","12":"product_tag-buy-timekettle-w4-moldova","13":"product_tag-casti-inteligente-pentru-expozitii","14":"product_tag-casti-pentru-traducere-simultana","15":"product_tag-cumpara-w4-in-chisinau","16":"product_tag-dispozitiv-de-traducere-pentru-negocieri","17":"product_tag-dispozitiv-portabil-pentru-traducere-vocala","18":"product_tag-identificare-automata-a-vorbitorului","19":"product_tag-interpretare-pentru-conferinte","20":"product_tag-interpreter-for-noisy-meetings","21":"product_tag-noise-reduction-translator","22":"product_tag-noise-isolated-translator-device","23":"product_tag-simultaneous-translator-for-events","24":"product_tag-smart-conference-translator","25":"product_tag-smart-earbuds-for-translation","26":"product_tag-speaker-identification-translator","27":"product_tag-timekettle-w4","28":"product_tag-timekettle-w4-moldova","29":"product_tag-traducator-ai-cu-reducere-de-zgomot","30":"product_tag-traducator-cu-clonare-vocala","31":"product_tag-traducator-cu-recunoastere-a-vocii","32":"product_tag-traducator-cu-voice-print","33":"product_tag-traducator-pentru-medii-zgomotoase","34":"product_tag-traducator-profesional-pentru-afaceri","35":"product_tag-traducere-fara-interferente","36":"product_tag-translator-earbuds-for-exhibitions","37":"product_tag-voice-clone-translator","38":"product_tag-voice-print-translator","39":"product_tag-wireless-voice-translator-for-business","40":"product_tag-besprovodnoj-perevodchik","41":"product_tag-golosovoj-perevodchik-dlya-biznesa","42":"product_tag-intellektualnye-naushniki-dlya-vystavok","43":"product_tag-kupit-w4-kishinev","44":"product_tag-naushniki-dlya-konferenczij","45":"product_tag-naushniki-s-golosovoj-identifikacziej","46":"product_tag-naushniki-s-raspoznavaniem-govoryashhego","47":"product_tag-perevodchik-bez-pomeh","48":"product_tag-perevodchik-dlya-b2b-vstrech","49":"product_tag-perevodchik-dlya-peregovorov","50":"product_tag-perevodchik-dlya-shumnoj-sredy","51":"product_tag-perevodchik-dlya-shumnyh-pomeshhenij","52":"product_tag-perevodchik-s-voice-cloning","53":"product_tag-perevodchik-s-voice-print","54":"product_tag-perevodchik-s-raspoznavaniem-golosa","55":"product_tag-ustrojstvo-dlya-sinhronnogo-perevoda","57":"first","58":"instock","59":"shipping-taxable","60":"purchasable","61":"product-type-simple"},"_links":{"self":[{"href":"https:\/\/wireless.md\/ro\/wp-json\/wp\/v2\/product\/12670","targetHints":{"allow":["GET"]}}],"collection":[{"href":"https:\/\/wireless.md\/ro\/wp-json\/wp\/v2\/product"}],"about":[{"href":"https:\/\/wireless.md\/ro\/wp-json\/wp\/v2\/types\/product"}],"replies":[{"embeddable":true,"href":"https:\/\/wireless.md\/ro\/wp-json\/wp\/v2\/comments?post=12670"}],"version-history":[{"count":3,"href":"https:\/\/wireless.md\/ro\/wp-json\/wp\/v2\/product\/12670\/revisions"}],"predecessor-version":[{"id":13131,"href":"https:\/\/wireless.md\/ro\/wp-json\/wp\/v2\/product\/12670\/revisions\/13131"}],"wp:featuredmedia":[{"embeddable":true,"href":"https:\/\/wireless.md\/ro\/wp-json\/wp\/v2\/media\/12678"}],"wp:attachment":[{"href":"https:\/\/wireless.md\/ro\/wp-json\/wp\/v2\/media?parent=12670"}],"wp:term":[{"taxonomy":"product_brand","embeddable":true,"href":"https:\/\/wireless.md\/ro\/wp-json\/wp\/v2\/product_brand?post=12670"},{"taxonomy":"product_cat","embeddable":true,"href":"https:\/\/wireless.md\/ro\/wp-json\/wp\/v2\/product_cat?post=12670"},{"taxonomy":"product_tag","embeddable":true,"href":"https:\/\/wireless.md\/ro\/wp-json\/wp\/v2\/product_tag?post=12670"}],"curies":[{"name":"wp","href":"https:\/\/api.w.org\/{rel}","templated":true}]}}