{"id":12491,"date":"2025-08-22T18:02:52","date_gmt":"2025-08-22T15:02:52","guid":{"rendered":"https:\/\/wireless.md\/?post_type=product&#038;p=12491"},"modified":"2026-02-01T23:00:57","modified_gmt":"2026-02-01T21:00:57","slug":"timekettle-x1-hub","status":"publish","type":"product","link":"https:\/\/wireless.md\/ro\/produs\/timekettle-x1-hub\/","title":{"rendered":"Timekettle X1 Hub"},"content":{"rendered":"<p><strong>Multiplayer, online sau offline. 3-20 de dispozitive 3-20 de persoane.<\/strong><\/p>\n<p>\u00cen cadrul conferin\u021belor multi-utilizator cu interpretare simultan\u0103 multidirec\u021bional\u0103, X1 ofer\u0103 o configurare flexibil\u0103 pentru 3-20 de participan\u021bi. Cu o simpl\u0103 atingere, dispozitivele pot fi conectate automat \u00een re\u021bea. Participan\u021bii sunt liberi s\u0103 utilizeze dispozitive locale \u0219i resurse cloud, oferind interpretare simultan\u0103 f\u0103r\u0103 \u00eentreruperi \u00een mai multe limbi \u0219i destina\u021bii.<\/p>\n<p>Cu un singur dispozitiv Timekettle X1 Hub, pute\u021bi organiza cu u\u0219urin\u021b\u0103 <strong>evenimente multilingve cu p\u00e2n\u0103 la 50 de participan\u021bi<\/strong> Operarea simpl\u0103 \u0219i lipsa necesit\u0103\u021bii unei aplica\u021bii faciliteaz\u0103 partajarea traducerilor cu un simplu cod QR, oferind publicului dvs. subtitr\u0103ri \u00een timp real \u0219i interpretare audio imersiv\u0103. Func\u021bionarea simpl\u0103 \u0219i lipsa necesit\u0103\u021bii unei aplica\u021bii faciliteaz\u0103 partajarea traducerilor cu un simplu cod QR, oferind publicului dvs. subtitr\u0103ri \u00een timp real \u0219i interpretare audio imersiv\u0103.<\/p>\n<p>Cu X1, dou\u0103 dispozitive pot efectua apeluri vocale \u0219i \u00eent\u00e2lniri la distan\u021b\u0103, iar func\u021bia de traducere \u00een timp real face comunicarea la distan\u021b\u0103 mai convenabil\u0103. Conectivitatea global\u0103 a X1 asigur\u0103 o comunicare f\u0103r\u0103 probleme cu alte persoane din regiuni diferite.<\/p>\n<p><strong>Func\u021bia de traducere media<\/strong> v\u0103 permite s\u0103 traduce\u021bi f\u0103r\u0103 efort videoclipuri sau conversa\u021bii str\u0103ine \u00een timpul apelurilor video, asigur\u00e2nd \u00een\u021belegerea deplin\u0103 a con\u021binutului str\u0103in \u0219i a apelurilor telefonice nea\u0219teptate \u00een situa\u021bii de zi cu zi.<\/p>\n<p><strong>Suport\u0103 42 de limbi cu 95 de dialecte<\/strong>X1 AI Interpreter Hub de la Timekettle acoper\u0103 majoritatea \u021b\u0103rilor \u0219i regiunilor, adapt\u00e2ndu-se la diferen\u021bele mici de dialect din diferite regiuni. Comunica\u021bi \u00een diferite limbi \u00een mod eficient \u0219i convenabil ca niciodat\u0103 \u00eenainte cu X1 AI Interpreter Hub de la Timekettle.<\/p>\n<p><strong>Trei niveluri de protec\u021bie a vie\u021bii private<\/strong><\/p>\n<p>X1 Simultaneous Interpreter utilizeaz\u0103 o tehnologie de criptare \u0219i transmisie de nivel bancar, \u00eempiedic\u00e2nd furtul pachetelor de date de conversa\u021bie. Datele de traducere sunt stocate numai la nivel local, f\u0103r\u0103 copii de rezerv\u0103 pe servere, asigur\u00e2nd protec\u021bia secretelor comerciale \u0219i a confiden\u021bialit\u0103\u021bii utilizatorului.<\/p>","protected":false},"excerpt":{"rendered":"<ul>\n<li>C\u0103\u0219ti interprete autonome f\u0103r\u0103 aplica\u021bie<\/li>\n<li>Mod: interpretarea reuniunilor de grup, interpretarea simultan\u0103 unu-la-unu, interpretarea apelurilor vocale, func\u021bia \"Ask and Go\" (ca un interpret manual), modul prezentare<\/li>\n<li>Traducere multilateral\u0103: suport pentru p\u00e2n\u0103 la 5 limbi pentru p\u00e2n\u0103 la 20 de persoane<\/li>\n<li>Suport\u0103 42 de limbi cu 95 de accente<\/li>\n<\/ul>","protected":false},"featured_media":12493,"comment_status":"open","ping_status":"closed","template":"","meta":[],"product_brand":[286],"product_cat":[502],"product_tag":[422,431,426,430,425,450,451,442,424,440,448,435,433,434,429,427,452,411,324,423,445,444,447,441,449,439,453,443,446,454,437,432,436,438,428,414,367,410,407,419,406,416,412,415,421,418,417,408,413,409,420],"class_list":{"0":"post-12491","1":"product","2":"type-product","3":"status-publish","4":"has-post-thumbnail","6":"product_brand-timekettle","7":"product_cat-aitranslator","8":"product_tag-ai-perevodchik-s-kolonkoj","9":"product_tag-ai-powered-meeting-translator","10":"product_tag-business-translation-station","11":"product_tag-buy-x1-hub-moldova","12":"product_tag-conference-interpreter-device","13":"product_tag-cumpara-x1-hub-in-chisinau","14":"product_tag-dispozitiv-de-traducere-inteligent","15":"product_tag-dispozitiv-de-traducere-pentru-birou","16":"product_tag-group-translation-hub","17":"product_tag-hub-pentru-traducere-simultana","18":"product_tag-interpretare-pentru-20-persoane","19":"product_tag-interpreter-for-presentations","20":"product_tag-multilingual-translation-hub","21":"product_tag-portable-group-translator","22":"product_tag-simultaneous-translation-for-events","23":"product_tag-standalone-translation-system","24":"product_tag-statie-de-traducere-cu-ai","25":"product_tag-timekettle-hub-moldova","26":"product_tag-timekettle-moldova","27":"product_tag-timekettle-x1-hub","28":"product_tag-traducator-autonom","29":"product_tag-traducator-cu-difuzor","30":"product_tag-traducator-de-afaceri","31":"product_tag-traducator-pentru-conferinte","32":"product_tag-traducator-pentru-expozitii","33":"product_tag-traducator-timekettle-x1-hub","34":"product_tag-traducere-fara-telefon","35":"product_tag-traducere-pentru-evenimente","36":"product_tag-traducere-pentru-grupuri","37":"product_tag-traducere-profesionala-portabila","38":"product_tag-translation-device-for-office","39":"product_tag-translator-with-speaker","40":"product_tag-voice-translator-for-20-people","41":"product_tag-wireless-multilingual-hub","42":"product_tag-wireless-translator-hub","43":"product_tag-avtonomnyj-perevodchik","44":"product_tag-besprovodnoj-perevodchik","45":"product_tag-intellektualnyj-perevodchik-dlya-biznesa","46":"product_tag-konferencz-perevodchik","47":"product_tag-kupit-x1-hub-v-kishineve","48":"product_tag-perevodchik-timekettle-x1-hub","49":"product_tag-perevodchik-dlya-vystavki","50":"product_tag-perevodchik-dlya-meropriyatij","51":"product_tag-perevodchik-dlya-ofisa","52":"product_tag-perevodchik-dlya-prezentaczij","53":"product_tag-perevodchik-s-ekranom","54":"product_tag-sinhronnyj-perevod-do-20-chelovek","55":"product_tag-ustrojstvo-dlya-gruppovogo-perevoda","56":"product_tag-ustrojstvo-perevoda-bez-telefona","57":"product_tag-hab-dlya-perevoda","58":"product_tag-hab-perevodchik-dlya-kompanij","60":"first","61":"instock","62":"shipping-taxable","63":"purchasable","64":"product-type-simple"},"_links":{"self":[{"href":"https:\/\/wireless.md\/ro\/wp-json\/wp\/v2\/product\/12491","targetHints":{"allow":["GET"]}}],"collection":[{"href":"https:\/\/wireless.md\/ro\/wp-json\/wp\/v2\/product"}],"about":[{"href":"https:\/\/wireless.md\/ro\/wp-json\/wp\/v2\/types\/product"}],"replies":[{"embeddable":true,"href":"https:\/\/wireless.md\/ro\/wp-json\/wp\/v2\/comments?post=12491"}],"version-history":[{"count":4,"href":"https:\/\/wireless.md\/ro\/wp-json\/wp\/v2\/product\/12491\/revisions"}],"predecessor-version":[{"id":13141,"href":"https:\/\/wireless.md\/ro\/wp-json\/wp\/v2\/product\/12491\/revisions\/13141"}],"wp:featuredmedia":[{"embeddable":true,"href":"https:\/\/wireless.md\/ro\/wp-json\/wp\/v2\/media\/12493"}],"wp:attachment":[{"href":"https:\/\/wireless.md\/ro\/wp-json\/wp\/v2\/media?parent=12491"}],"wp:term":[{"taxonomy":"product_brand","embeddable":true,"href":"https:\/\/wireless.md\/ro\/wp-json\/wp\/v2\/product_brand?post=12491"},{"taxonomy":"product_cat","embeddable":true,"href":"https:\/\/wireless.md\/ro\/wp-json\/wp\/v2\/product_cat?post=12491"},{"taxonomy":"product_tag","embeddable":true,"href":"https:\/\/wireless.md\/ro\/wp-json\/wp\/v2\/product_tag?post=12491"}],"curies":[{"name":"wp","href":"https:\/\/api.w.org\/{rel}","templated":true}]}}