{"id":12475,"date":"2025-08-22T17:41:55","date_gmt":"2025-08-22T14:41:55","guid":{"rendered":"https:\/\/wireless.md\/?post_type=product&#038;p=12475"},"modified":"2026-02-01T23:00:57","modified_gmt":"2026-02-01T21:00:57","slug":"timekettle-w4-pro-ai","status":"publish","type":"product","link":"https:\/\/wireless.md\/ro\/produs\/timekettle-w4-pro-ai\/","title":{"rendered":"Timekettle W4 Pro - Traduc\u0103tor AI"},"content":{"rendered":"<p>Dep\u0103\u0219i\u021bi barierele lingvistice atunci c\u00e2nd efectua\u021bi apeluri \u00eentre telefon sau aplica\u021bie.<\/p>\n<p><strong>Cu W4 Pro.<\/strong> acum pute\u021bi profita de traducerea bidirec\u021bional\u0103 \u00een limba interlocutorului \u0219i pute\u021bi vedea transcrierea \u00een timp real a subtitr\u0103rilor. Acest lucru faciliteaz\u0103 \u00een\u021belegerea \u0219i participarea la conversa\u021bie.<\/p>\n<p>Nu este necesar niciun dispozitiv la cel\u0103lalt cap\u0103t al liniei. W4 Pro \u00eenregistreaz\u0103, traduce \u0219i transcrie fiecare cuv\u00e2nt al apelurilor interna\u021bionale \u00een timp real, asigur\u00e2nd o comunicare fluent\u0103 \u0219i note clare post-apel.<\/p>\n<p><strong>W4 Pro ofer\u0103 traducere online pentru 42 de limbi \u0219i 95 de dialecte, acoperind 85% din popula\u021bia lumii.<\/strong> C\u0103\u0219tile sunt concepute pentru a se adapta la diferite dialecte \u0219i varia\u021bii, permi\u021b\u00e2ndu-v\u0103 s\u0103 naviga\u021bi cu u\u0219urin\u021b\u0103 \u00een medii noi \u0219i s\u0103 comunica\u021bi cu localnicii.<\/p>\n<p><strong>Interpretare simultan\u0103 unu la unu<br \/>\n<\/strong>Schimbul optimizat \u0219i rapid de informa\u021bii permite o comunicare multilingv\u0103 natural\u0103 \u0219i u\u0219oar\u0103.<\/p>\n<p><strong>Asculta\u021bi \u0219i reda\u021bi traducerea<br \/>\n<\/strong>Asigura\u021bi o interac\u021biune rapid\u0103 \u00een timpul \u00eent\u00e2lnirilor fa\u021b\u0103 \u00een fa\u021b\u0103 \u0219i \u00eembun\u0103t\u0103\u021bi\u021bi discu\u021biile \u0219i luarea deciziilor la fa\u021ba locului.<\/p>\n<p>Comutarea \u00eentre ascultare \u0219i vorbire \u00een timpul reuniunilor, precum \u0219i interpretarea simultan\u0103 la conferin\u021bele multilingve, promoveaz\u0103 colaborarea \u0219i \u00een\u021belegerea diferitelor perspective de dragul succesului comun, promov\u00e2nd un mediu de colaborare \u00een care diferitele perspective se reunesc de dragul succesului comun.<\/p>\n<p><strong>Traducere multimedia<br \/>\n<\/strong>Timekettle W4 Pro accept\u0103 traduceri de filme, podcasturi \u0219i servicii de streaming, permi\u021b\u00e2ndu-v\u0103 s\u0103 v\u0103 bucura\u021bi de con\u021binut \u00een limbi str\u0103ine cu subtitr\u0103ri \u00een timp real.<\/p>","protected":false},"excerpt":{"rendered":"<p><strong>Primele c\u0103\u0219ti din lume pentru interpretarea apelurilor telefonice \u0219i a \u00eent\u00e2lnirilor la distan\u021b\u0103.<\/strong><\/p>\n<p>- Interpretare simultan\u0103 eficient\u0103<\/p>\n<p>- Asistent pentru \u00eent\u00e2lniri la fa\u021ba locului \u0219i online<\/p>\n<p>- Traducerea apelurilor telefonice \u0219i a \u00eenregistr\u0103rilor video<\/p>\n<p>- Salvarea sunetului \u0219i a textului, exportul notelor AI<\/p>\n<p>- Ureche deschis\u0103, confort \u0219i prospe\u021bime<\/p>\n<p>- Suport\u0103 42 de limbi cu 95 de accente<\/p>\n<p>- 13 perechi de limbi offline<\/p>\n<p>-Pachet lunar gratuit de 300 de minute de transfer online<\/p>","protected":false},"featured_media":12483,"comment_status":"open","ping_status":"closed","template":"","meta":[],"product_brand":[286],"product_cat":[502],"product_tag":[373,381,388,379,383,376,398,401,391,384,403,404,394,382,405,396,387,385,374,377,378,324,372,399,400,393,397,392,402,390,395,350,386,389,380,375,367,364,356,366,370,355,365,361,359,360,354,358,371,362,369,363,357,368],"class_list":{"0":"post-12475","1":"product","2":"type-product","3":"status-publish","4":"has-post-thumbnail","6":"product_brand-timekettle","7":"product_cat-aitranslator","8":"product_tag-ai-translator-earbuds","9":"product_tag-ai-powered-interpreter","10":"product_tag-bluetooth-translator-earbuds","11":"product_tag-business-translator-device","12":"product_tag-buy-w4-pro-moldova","13":"product_tag-call-translator-earbuds","14":"product_tag-casti-cu-traducere-vocala","15":"product_tag-casti-inteligente-pentru-traducere","16":"product_tag-casti-traducatoare","17":"product_tag-conference-translator","18":"product_tag-cumpara-w4-pro-chisinau","19":"product_tag-dispozitiv-de-traducere-premium","20":"product_tag-dispozitiv-de-traducere-wireless","21":"product_tag-dual-microphone-translator","22":"product_tag-interpret-ai-portabil","23":"product_tag-interpretare-simultana","24":"product_tag-live-speech-translator","25":"product_tag-premium-translator-headset","26":"product_tag-real-time-translation-earbuds","27":"product_tag-smart-translator-headphones","28":"product_tag-subtitle-earbuds","29":"product_tag-timekettle-moldova","30":"product_tag-timekettle-w4-pro","31":"product_tag-traducator-cu-inteligenta-artificiala","32":"product_tag-traducator-in-limba-engleza-romana","33":"product_tag-traducator-pentru-apeluri","34":"product_tag-traducator-pentru-companii","35":"product_tag-traducator-pentru-intalniri-zoom","36":"product_tag-traducator-profesional","37":"product_tag-traducator-timekettle-w4-pro","38":"product_tag-traducere-audio-instant","39":"product_tag-traducere-in-timp-real","40":"product_tag-voice-translator-for-professionals","41":"product_tag-w4-pro-moldova-distributor","42":"product_tag-wireless-translation-device","43":"product_tag-zoom-meeting-translator","44":"product_tag-besprovodnoj-perevodchik","45":"product_tag-dvuhstoronnij-perevodchik","46":"product_tag-intellektualnye-naushniki-perevodchik","47":"product_tag-kupit-w4-pro-kishinev","48":"product_tag-luchshie-naushniki-perevodchiki","49":"product_tag-naushniki-perevodchik","50":"product_tag-naushniki-s-subtitrami","51":"product_tag-naushniki-s-funkcziej-perevoda","52":"product_tag-perevod-zoom-vstrech","53":"product_tag-perevod-video","54":"product_tag-perevodchik-timekettle-w4-pro","55":"product_tag-perevodchik-dlya-zvonkov","56":"product_tag-perevodchik-dlya-kompanij","57":"product_tag-perevodchik-dlya-konferenczij","58":"product_tag-perevodchik-premium-klassa","59":"product_tag-perevodchik-s-iskusstvennym-intellektom","60":"product_tag-sinhronnyj-perevodchik","61":"product_tag-ustrojstvo-dlya-biznesa","63":"first","64":"instock","65":"shipping-taxable","66":"purchasable","67":"product-type-simple"},"_links":{"self":[{"href":"https:\/\/wireless.md\/ro\/wp-json\/wp\/v2\/product\/12475","targetHints":{"allow":["GET"]}}],"collection":[{"href":"https:\/\/wireless.md\/ro\/wp-json\/wp\/v2\/product"}],"about":[{"href":"https:\/\/wireless.md\/ro\/wp-json\/wp\/v2\/types\/product"}],"replies":[{"embeddable":true,"href":"https:\/\/wireless.md\/ro\/wp-json\/wp\/v2\/comments?post=12475"}],"version-history":[{"count":6,"href":"https:\/\/wireless.md\/ro\/wp-json\/wp\/v2\/product\/12475\/revisions"}],"predecessor-version":[{"id":13142,"href":"https:\/\/wireless.md\/ro\/wp-json\/wp\/v2\/product\/12475\/revisions\/13142"}],"wp:featuredmedia":[{"embeddable":true,"href":"https:\/\/wireless.md\/ro\/wp-json\/wp\/v2\/media\/12483"}],"wp:attachment":[{"href":"https:\/\/wireless.md\/ro\/wp-json\/wp\/v2\/media?parent=12475"}],"wp:term":[{"taxonomy":"product_brand","embeddable":true,"href":"https:\/\/wireless.md\/ro\/wp-json\/wp\/v2\/product_brand?post=12475"},{"taxonomy":"product_cat","embeddable":true,"href":"https:\/\/wireless.md\/ro\/wp-json\/wp\/v2\/product_cat?post=12475"},{"taxonomy":"product_tag","embeddable":true,"href":"https:\/\/wireless.md\/ro\/wp-json\/wp\/v2\/product_tag?post=12475"}],"curies":[{"name":"wp","href":"https:\/\/api.w.org\/{rel}","templated":true}]}}