{"id":12466,"date":"2025-08-22T17:43:48","date_gmt":"2025-08-22T14:43:48","guid":{"rendered":"https:\/\/wireless.md\/?post_type=product&#038;p=12466"},"modified":"2026-01-26T15:57:58","modified_gmt":"2026-01-26T13:57:58","slug":"timekettle-t1new","status":"publish","type":"product","link":"https:\/\/wireless.md\/ro\/produs\/timekettle-t1new\/","title":{"rendered":"Timekettle T1 Nou"},"content":{"rendered":"<p><strong>T1<\/strong> Echipat cu o matrice multi-microfon \u0219i algoritm de anulare a zgomotului EDC care capteaz\u0103 eficient vocea uman\u0103 \u00een medii zgomotoase. Ofer\u0103 o acurate\u021be excep\u021bional\u0103 a traducerii p\u00e2n\u0103 la 95%.<\/p>\n<p><strong>Comutare ne\u00eentrerupt\u0103 a re\u021belei<\/strong><\/p>\n<p>Datorit\u0103 tehnologiei inteligente de recunoa\u0219tere a re\u021belei bazate pe inteligen\u021b\u0103 artificial\u0103 (AI), aceasta comut\u0103 automat \u00eentre traducerea offline \u0219i online. Indiferent dac\u0103 v\u0103 afla\u021bi pe un teren muntos, pe mare sau \u00een jungl\u0103, cu un semnal de re\u021bea slab, aceasta comut\u0103 f\u0103r\u0103 probleme, asigur\u00e2nd o traducere stabil\u0103 \u0219i eficient\u0103 pe parcursul \u00eentregului proces. Traducerea nu se opre\u0219te nici atunci c\u00e2nd semnalul de re\u021bea este slab.<\/p>\n<p><strong>Traducere offline<\/strong><\/p>\n<p>Timekettle T1 suport\u0103 mai mult <strong>31 perechi<\/strong> \u044f\u0437\u044b\u043a\u043e\u0432\u044b\u0445 \u043f\u0430\u043a\u0435\u0442\u043e\u0432 \u0432 \u0440\u0435\u0436\u0438\u043c\u0435 \u043e\u0444\u043b\u0430\u0439\u043d. \u0414\u0430\u0436\u0435 \u0432 \u0437\u043e\u043d\u0430\u0445 \u0431\u0435\u0437 \u0434\u043e\u0441\u0442\u0443\u043f\u0430 \u043a \u0441\u0435\u0442\u0438 \u043e\u043d \u043e\u0431\u0435\u0441\u043f\u0435\u0447\u0438\u0432\u0430\u0435\u0442 \u0442\u043e\u0447\u043d\u044b\u0439 \u043f\u0435\u0440\u0435\u0432\u043e\u0434 \u0431\u0435\u0437 \u043a\u0430\u043a\u0438\u0445-\u043b\u0438\u0431\u043e \u043a\u043e\u043c\u043c\u0443\u043d\u0438\u043a\u0430\u0442\u0438\u0432\u043d\u044b\u0445 \u0431\u0430\u0440\u044c\u0435\u0440\u043e\u0432.<\/p>\n<p>Chinez\u0103 \u21d4 englez\u0103, spaniol\u0103, japonez\u0103, coreean\u0103, francez\u0103, rus\u0103, german\u0103, thailandez\u0103, italian\u0103, arab\u0103<\/p>\n<p>Englez\u0103 \u21d4 Spaniol\u0103, japonez\u0103, coreean\u0103, francez\u0103, rus\u0103, german\u0103, thailandez\u0103, italian\u0103, arab\u0103<\/p>\n<p>Japonez\u0103 \u21d4 Coreean\u0103, Thailandez\u0103, Spaniol\u0103<\/p>\n<p>Rus\u0103 \u21d4 Italian\u0103, coreean\u0103, francez\u0103<\/p>\n<p>german\u0103 \u21d4 spaniol\u0103, rus\u0103<\/p>\n<p>Coreean\u0103 \u21d4 Spaniol\u0103, Thailandez\u0103<\/p>\n<p>Spaniol\u0103 \u21d4 Italian\u0103, francez\u0103<\/p>","protected":false},"excerpt":{"rendered":"<ul>\n<li><strong>Bazat pe AI Edge-Model:\u00a0<\/strong>\u00a0traducere offline continu\u0103 f\u0103r\u0103 conexiune la re\u021bea<\/li>\n<li><strong>Mai mult de 31 de pachete de limbi offline:\u00a0<\/strong>\u00a0comutarea instantanee \u00eentre resursele Internet utiliz\u00e2nd inteligen\u021ba artificial\u0103<\/li>\n<li><strong>5 moduri universale de traducere:<\/strong>\u00a0\u00a0pentru c\u0103l\u0103torie, trai \u0219i munc\u0103<\/li>\n<li><strong>42 de limbi, 95 de accente:\u00a0<\/strong>\u00a0acoperire a mai mult de 100 de \u021b\u0103ri<\/li>\n<li><strong>24 de luni de date gratuite:\u00a0<\/strong> conectivitate la nivel mondial prin eSIM \u00eencorporat, f\u0103r\u0103 griji legate de date<\/li>\n<li><strong>C\u00e2teva instrumente pentru c\u0103l\u0103torie:\u00a0<\/strong>\u00a0bucura\u021bi-v\u0103 de c\u0103l\u0103torii f\u0103r\u0103 griji \u00een timpul c\u0103l\u0103toriei<\/li>\n<\/ul>","protected":false},"featured_media":12472,"comment_status":"open","ping_status":"closed","template":"","meta":[],"product_brand":[286],"product_cat":[502],"product_tag":[332,323,325,333,348,339,345,352,317,330,328,319,329,318,320,326,331,322,301,334,324,316,309,351,340,336,338,346,344,337,343,349,353,347,335,341,342,350,327,321,303,304,312,297,310,315,298,296,299,314,307,308,311,306,300,305,302,313],"class_list":{"0":"post-12466","1":"product","2":"type-product","3":"status-publish","4":"has-post-thumbnail","6":"product_brand-timekettle","7":"product_cat-aitranslator","8":"product_tag-40-languages-translator","9":"product_tag-ai-translator-device","10":"product_tag-buy-translator-moldova","11":"product_tag-chinese-english-translator","12":"product_tag-cumpara-traducator-in-chisinau","13":"product_tag-dispozitiv-de-traducere-portabil","14":"product_tag-dispozitiv-de-traducere-vocala","15":"product_tag-dispozitiv-pentru-invatare-limbi","16":"product_tag-handheld-translator-device","17":"product_tag-multilingual-voice-translator","18":"product_tag-offline-translator-with-screen","19":"product_tag-offline-voice-translator","20":"product_tag-photo-translator","21":"product_tag-pocket-voice-translator","22":"product_tag-portable-language-translator","23":"product_tag-real-time-translation-gadget","24":"product_tag-smart-voice-interpreter","25":"product_tag-speech-to-speech-translator","26":"product_tag-t1-mini-perevodchik","27":"product_tag-timekettle-dealer-moldova","28":"product_tag-timekettle-moldova","29":"product_tag-timekettle-t1-mini","30":"product_tag-timekettle-t1-moldova","31":"product_tag-traducator-cu-ai","32":"product_tag-traducator-cu-ecran","33":"product_tag-traducator-de-buzunar","34":"product_tag-traducator-fara-internet","35":"product_tag-traducator-in-40-de-limbi","36":"product_tag-traducator-inteligent","37":"product_tag-traducator-offline","38":"product_tag-traducator-pentru-calatorii","39":"product_tag-traducator-pentru-soferi","40":"product_tag-traducator-portabil-cu-foto","41":"product_tag-traducator-romana-engleza","42":"product_tag-traducator-timekettle-t1","43":"product_tag-traducator-vocal","44":"product_tag-traducere-bidirectionala","45":"product_tag-traducere-in-timp-real","46":"product_tag-travel-translator","47":"product_tag-two-way-translation-device","48":"product_tag-golosovoj-perevodchik","49":"product_tag-dvustoronnij-perevod","50":"product_tag-intellektualnyj-perevodchik","51":"product_tag-karmannyj-perevodchik","52":"product_tag-kupit-perevodchik-kishinev","53":"product_tag-mobilnyj-perevodchik","54":"product_tag-oflajn-perevodchik","55":"product_tag-perevodchik-timekettle-t1","56":"product_tag-perevodchik-bez-interneta","57":"product_tag-perevodchik-dlya-voditelej","58":"product_tag-perevodchik-na-40-yazykov","59":"product_tag-perevodchik-s-kitajskogo","60":"product_tag-perevodchik-s-foto","61":"product_tag-perevodchik-s-ekrana","62":"product_tag-ruchnoj-perevodchik","63":"product_tag-turisticheskij-perevodchik","64":"product_tag-ustrojstvo-dlya-perevoda-rechi","65":"product_tag-ustrojstvo-dlya-puteshestvij","67":"first","68":"onbackorder","69":"shipping-taxable","70":"purchasable","71":"product-type-simple"},"_links":{"self":[{"href":"https:\/\/wireless.md\/ro\/wp-json\/wp\/v2\/product\/12466","targetHints":{"allow":["GET"]}}],"collection":[{"href":"https:\/\/wireless.md\/ro\/wp-json\/wp\/v2\/product"}],"about":[{"href":"https:\/\/wireless.md\/ro\/wp-json\/wp\/v2\/types\/product"}],"replies":[{"embeddable":true,"href":"https:\/\/wireless.md\/ro\/wp-json\/wp\/v2\/comments?post=12466"}],"version-history":[{"count":5,"href":"https:\/\/wireless.md\/ro\/wp-json\/wp\/v2\/product\/12466\/revisions"}],"predecessor-version":[{"id":13193,"href":"https:\/\/wireless.md\/ro\/wp-json\/wp\/v2\/product\/12466\/revisions\/13193"}],"wp:featuredmedia":[{"embeddable":true,"href":"https:\/\/wireless.md\/ro\/wp-json\/wp\/v2\/media\/12472"}],"wp:attachment":[{"href":"https:\/\/wireless.md\/ro\/wp-json\/wp\/v2\/media?parent=12466"}],"wp:term":[{"taxonomy":"product_brand","embeddable":true,"href":"https:\/\/wireless.md\/ro\/wp-json\/wp\/v2\/product_brand?post=12466"},{"taxonomy":"product_cat","embeddable":true,"href":"https:\/\/wireless.md\/ro\/wp-json\/wp\/v2\/product_cat?post=12466"},{"taxonomy":"product_tag","embeddable":true,"href":"https:\/\/wireless.md\/ro\/wp-json\/wp\/v2\/product_tag?post=12466"}],"curies":[{"name":"wp","href":"https:\/\/api.w.org\/{rel}","templated":true}]}}