{"id":12443,"date":"2025-08-21T16:27:05","date_gmt":"2025-08-21T13:27:05","guid":{"rendered":"https:\/\/wireless.md\/?post_type=product&#038;p=12443"},"modified":"2025-08-25T21:22:36","modified_gmt":"2025-08-25T18:22:36","slug":"pyro-5","status":"publish","type":"product","link":"https:\/\/wireless.md\/ro\/produs\/pyro-5\/","title":{"rendered":"Pyro 5"},"content":{"rendered":"<p><strong>Tehnologie <\/strong><strong>Wi-<\/strong><strong>Fi <\/strong><strong>Radiodifuziune<\/strong><\/p>\n<p>Filma\u021bi. Sincroniza\u021bi. Partajeaz\u0103.<\/p>\n<p>Pyro 5 este un monitor f\u0103r\u0103 fir de 5,5 inchi conceput pentru o colaborare flexibil\u0103 pe platou. Cu tehnologia avansat\u0103 Wi-Fi Broadcast, un singur transmi\u021b\u0103tor se poate conecta la p\u00e2n\u0103 la patru receptoare, oferind o transmisie video stabil\u0103, \u00een timp real.<\/p>\n<p><strong>Modul de difuzare<\/strong><\/p>\n<p><strong>Activat<\/strong><\/p>\n<p>\u00cen modul difuzare, un transmi\u021b\u0103tor se conecteaz\u0103 la patru receptoare cu comutare inteligent\u0103 a vizualiz\u0103rilor camerei \u0219i comutare automat\u0103 a frecven\u021bei. Ideal pentru instala\u021biile cu mai multe camere, acesta asigur\u0103 o func\u021bionare stabil\u0103 la o distan\u021b\u0103 de p\u00e2n\u0103 la 200 de metri sau 100 de metri \u00een modul back-to-back.<\/p>\n<p><strong>Dezactivat<\/strong><\/p>\n<p>Pyro 5 suport\u0103 \u00een continuare transmisia de la unul la patru chiar \u0219i atunci c\u00e2nd modul de difuzare este dezactivat. \u00cen acela\u0219i timp, acesta ofer\u0103 o raz\u0103 de ac\u021biune mai mare, de p\u00e2n\u0103 la 400 de metri \u00een linie vizual\u0103 \u0219i 150 de metri \u00een direc\u021bia opus\u0103.<\/p>","protected":false},"excerpt":{"rendered":"<p><strong>Pyro 5<\/strong> - este un monitor f\u0103r\u0103 fir de 5,5 inchi proiectat pentru utilizare universal\u0103.<\/p>\n<p>Dispun\u00e2nd de transmisie dual-band, monitorizare \u00een 4 direc\u021bii \u00een modul broadcast, control direct al camerei, selec\u021bie inteligent\u0103 a canalelor \u0219i un ecran cu luminozitate <strong>1500 nits<\/strong>Vizibil \u00een lumina zilei, acesta combin\u0103 mai multe func\u021bii \u00eentr-un singur dispozitiv compact.<\/p>\n<p>\u00cenregistrarea Proxy \u0219i streamingul live RTMP fac din Pyro 5 mai mult dec\u00e2t un simplu monitor - este centrul dvs. multitasking pe platou, conceput pentru a simplifica \u0219i accelera fiecare etap\u0103 a produc\u021biei.<\/p>\n<h5><strong><a href=\"https:\/\/www.hollyland.com\/product\/pyro-5\">detalii produs&gt;&gt;&gt;&gt;&gt;<\/a><\/strong><\/h5>","protected":false},"featured_media":12464,"comment_status":"open","ping_status":"closed","template":"","meta":[],"product_brand":[129],"product_cat":[131],"product_tag":[],"class_list":{"0":"post-12443","1":"product","2":"type-product","3":"status-publish","4":"has-post-thumbnail","6":"product_brand-hollyland","7":"product_cat-video-solutions","9":"first","10":"onbackorder","11":"shipping-taxable","12":"purchasable","13":"product-type-simple"},"_links":{"self":[{"href":"https:\/\/wireless.md\/ro\/wp-json\/wp\/v2\/product\/12443","targetHints":{"allow":["GET"]}}],"collection":[{"href":"https:\/\/wireless.md\/ro\/wp-json\/wp\/v2\/product"}],"about":[{"href":"https:\/\/wireless.md\/ro\/wp-json\/wp\/v2\/types\/product"}],"replies":[{"embeddable":true,"href":"https:\/\/wireless.md\/ro\/wp-json\/wp\/v2\/comments?post=12443"}],"version-history":[{"count":3,"href":"https:\/\/wireless.md\/ro\/wp-json\/wp\/v2\/product\/12443\/revisions"}],"predecessor-version":[{"id":12465,"href":"https:\/\/wireless.md\/ro\/wp-json\/wp\/v2\/product\/12443\/revisions\/12465"}],"wp:featuredmedia":[{"embeddable":true,"href":"https:\/\/wireless.md\/ro\/wp-json\/wp\/v2\/media\/12464"}],"wp:attachment":[{"href":"https:\/\/wireless.md\/ro\/wp-json\/wp\/v2\/media?parent=12443"}],"wp:term":[{"taxonomy":"product_brand","embeddable":true,"href":"https:\/\/wireless.md\/ro\/wp-json\/wp\/v2\/product_brand?post=12443"},{"taxonomy":"product_cat","embeddable":true,"href":"https:\/\/wireless.md\/ro\/wp-json\/wp\/v2\/product_cat?post=12443"},{"taxonomy":"product_tag","embeddable":true,"href":"https:\/\/wireless.md\/ro\/wp-json\/wp\/v2\/product_tag?post=12443"}],"curies":[{"name":"wp","href":"https:\/\/api.w.org\/{rel}","templated":true}]}}