{"id":11640,"date":"2025-06-10T18:51:45","date_gmt":"2025-06-10T15:51:45","guid":{"rendered":"https:\/\/lightsteelblue-walrus-848742.hostingersite.com\/?post_type=product&#038;p=11640"},"modified":"2025-08-24T13:41:16","modified_gmt":"2025-08-24T10:41:16","slug":"barco-clickshare-bar-core","status":"publish","type":"product","link":"https:\/\/wireless.md\/ro\/produs\/barco-clickshare-bar-core\/","title":{"rendered":"Barco ClickShare Bar Core"},"content":{"rendered":"<p>Panou video pentru conferin\u021be wireless captivante \u0219i u\u0219oare<br \/>\nFunc\u021bii interactive: touchback, adnot\u0103ri \u0219i avizier<\/p>\n<ul>\n<li>Sunet stereo clar, de \u00eenalt\u0103 calitate<\/li>\n<li>Camer\u0103 \u00eembun\u0103t\u0103\u021bit\u0103 cu suport 4K \u0219i AI<\/li>\n<li>Instalare simplificat\u0103<\/li>\n<li>Investi\u021bie \u00een\u021beleapt\u0103: cerin\u021be reduse de \u00eentre\u021binere, timp minim de nefunc\u021bionare, platform\u0103 sigur\u0103 pentru viitor<\/li>\n<li>Produs neutru din punct de vedere al emisiilor de carbon<\/li>\n<\/ul>","protected":false},"excerpt":{"rendered":"<p>ClickShare Bar Core este un panou video versatil, neutru din punct de vedere al emisiilor de carbon, care face conferin\u021bele f\u0103r\u0103 fir u\u0219oare \u0219i atractive \u00een s\u0103li de conferin\u021be mici \u0219i spa\u021bii de \u00eent\u00e2lnire cu orice platform\u0103 de videoconferin\u021b\u0103.<\/p>\n<blockquote><p><strong><a href=\"https:\/\/wireless.md\/ro\/barco-clickshare-system\/\" target=\"_blank\" rel=\"noopener\">Citi\u021bi mai multe despre tehnologia Clickshare...<\/a><\/strong><\/p><\/blockquote>\n<p>Aceast\u0103 solu\u021bie asigur\u0103 c\u0103 participan\u021bii la \u00eent\u00e2lniri sunt auzi\u021bi \u0219i v\u0103zu\u021bi prin capabilit\u0103\u021bi de procesare audio-vizual\u0103 de \u00eenalt\u0103 calitate \u0219i ofer\u0103 o instalare simplificat\u0103 \u0219i costuri totale de proprietate reduse.<\/p>","protected":false},"featured_media":11641,"comment_status":"open","ping_status":"closed","template":"","meta":[],"product_brand":[133],"product_cat":[180],"product_tag":[250,282,248,271,265,257,249,277,275,276,283,284,281,272,280,270,269,285,273,274,278,258,279,251,253,256,264,262,259,260,266,267,263,268,254,255,252,261],"class_list":{"0":"post-11640","1":"product","2":"type-product","3":"status-publish","4":"has-post-thumbnail","6":"product_brand-barco","7":"product_cat-wireless-colaboration","8":"product_tag-barco","9":"product_tag-barco-chisinau","10":"product_tag-barco-clickshare","11":"product_tag-barco-clickshare-moldova","12":"product_tag-barco-moldova","13":"product_tag-byod-konferenczii","14":"product_tag-clickshare","15":"product_tag-colaborare-fara-cabluri","16":"product_tag-conectare-wireless-la-ecran","17":"product_tag-conferinte-byod","18":"product_tag-cumpara-barco-moldova","19":"product_tag-cumpara-clickshare-chisinau","20":"product_tag-munca-colaborativa","21":"product_tag-prezentare-fara-cabluri","22":"product_tag-prezentari-corporate","23":"product_tag-sistem-barco","24":"product_tag-sistem-de-prezentare-wireless","25":"product_tag-solutii-av-profesionale-moldova","26":"product_tag-solutii-pentru-conferinte","27":"product_tag-solutii-pentru-sali-de-sedinte","28":"product_tag-solutii-ucc","29":"product_tag-ucc-resheniya","30":"product_tag-videoconferinte","31":"product_tag-wireless-presentation-system","32":"product_tag-besprovodnoe-podklyuchenie-k-ekranu","33":"product_tag-besprovodnoj-hdmi","34":"product_tag-besprovodnoj-ekran","35":"product_tag-biznes-prezentaczii","36":"product_tag-videokonferenczii","37":"product_tag-korporativnye-prezentaczii","38":"product_tag-kupit-barco-kishinyov","39":"product_tag-kupit-clickshare-moldova","40":"product_tag-podklyuchenie-odnim-klikom","41":"product_tag-professionalnoe-audio-video-moldova","42":"product_tag-reshenie-dlya-konferenczij","43":"product_tag-reshenie-dlya-peregovornoj-komnaty","44":"product_tag-sistema-besprovodnoj-prezentaczii","45":"product_tag-sovmestnaya-rabota","47":"first","48":"onbackorder","49":"shipping-taxable","50":"purchasable","51":"product-type-simple"},"_links":{"self":[{"href":"https:\/\/wireless.md\/ro\/wp-json\/wp\/v2\/product\/11640","targetHints":{"allow":["GET"]}}],"collection":[{"href":"https:\/\/wireless.md\/ro\/wp-json\/wp\/v2\/product"}],"about":[{"href":"https:\/\/wireless.md\/ro\/wp-json\/wp\/v2\/types\/product"}],"replies":[{"embeddable":true,"href":"https:\/\/wireless.md\/ro\/wp-json\/wp\/v2\/comments?post=11640"}],"version-history":[{"count":2,"href":"https:\/\/wireless.md\/ro\/wp-json\/wp\/v2\/product\/11640\/revisions"}],"predecessor-version":[{"id":12510,"href":"https:\/\/wireless.md\/ro\/wp-json\/wp\/v2\/product\/11640\/revisions\/12510"}],"wp:featuredmedia":[{"embeddable":true,"href":"https:\/\/wireless.md\/ro\/wp-json\/wp\/v2\/media\/11641"}],"wp:attachment":[{"href":"https:\/\/wireless.md\/ro\/wp-json\/wp\/v2\/media?parent=11640"}],"wp:term":[{"taxonomy":"product_brand","embeddable":true,"href":"https:\/\/wireless.md\/ro\/wp-json\/wp\/v2\/product_brand?post=11640"},{"taxonomy":"product_cat","embeddable":true,"href":"https:\/\/wireless.md\/ro\/wp-json\/wp\/v2\/product_cat?post=11640"},{"taxonomy":"product_tag","embeddable":true,"href":"https:\/\/wireless.md\/ro\/wp-json\/wp\/v2\/product_tag?post=11640"}],"curies":[{"name":"wp","href":"https:\/\/api.w.org\/{rel}","templated":true}]}}