{"id":11607,"date":"2025-05-27T16:09:11","date_gmt":"2025-05-27T13:09:11","guid":{"rendered":"https:\/\/lightsteelblue-walrus-848742.hostingersite.com\/?post_type=product&#038;p=11607"},"modified":"2026-03-23T14:35:15","modified_gmt":"2026-03-23T12:35:15","slug":"lark-max2","status":"publish","type":"product","link":"https:\/\/wireless.md\/ro\/produs\/lark-max2\/","title":{"rendered":"Hollyland Lark MAX 2"},"content":{"rendered":"<h4>Prima monitorizare wireless cu laten\u021b\u0103 redus\u0103 lansat\u0103<\/h4>\n<p>Transfera\u021bi audio de la camera dvs. wireless la c\u0103\u0219tile dvs. OWS prin intermediul receptorului camerei, permi\u021b\u00e2ndu-v\u0103 s\u0103 v\u0103 deplasa\u021bi liber pe distan\u021be de p\u00e2n\u0103 la<br \/>\n100 de metri (linie vizual\u0103 direct\u0103) f\u0103r\u0103 a pierde un ritm.<\/p>\n<h4>32-bit Float \u00cenregistrare intern\u0103<\/h4>\n<p>Fiecare transmi\u021b\u0103tor are 8 GB de memorie \u00eencorporat\u0103, capabil\u0103 s\u0103 \u00eenregistreze p\u00e2n\u0103 la 14 ore de sunet necomprimat de \u00eenalt\u0103 calitate. Aceasta serve\u0219te ca o rezerv\u0103 fiabil\u0103, asigur\u00e2nd c\u0103 nu se pierde niciun sunet valoros.<\/p>\n<h4>Prima transmisie audio full chain pe 32 de bi\u021bi lansat\u0103<\/h4>\n<p>Schimb\u0103-\u021bi fluxul de lucru cu tehnologia audio revolu\u021bionar\u0103 LARK MAX 2 pe 32 de bi\u021bi \u00een lan\u021b complet.<br \/>\nCaptura\u021bi audio de calitate de studio pe 32 de bi\u021bi direct \u00een video live, elimin\u00e2nd riscurile de pe platou \u0219i simplific\u00e2nd post-procesarea.<\/p>\n<h4>Prima anulare continu\u0103 a zgomotului AI<\/h4>\n<p>Sus\u021binut de \u00eenv\u0103\u021barea profund\u0103 avansat\u0103 \u0219i analiza computa\u021bional\u0103 a scenei auditive, modelul nostru de anulare a zgomotului bazat pe inteligen\u021b\u0103 artificial\u0103 nu reduce doar zgomotul, ci \u00een\u021belege sunetul. Antrenat\u0103 pe seturi uria\u0219e de date, re\u021beaua sa neuronal\u0103 imit\u0103 auzul uman pentru a separa \u00een mod inteligent vorbirea de zgomotul de fond, asigur\u00e2nd un sunet extrem de clar \u00een orice mediu.<\/p>\n<h4>Timecode<\/h4>\n<p>Un sistem avansat de cod de timp \u00eencorporat la nivel de cadru sincronizeaz\u0103 imaginile cu \u00eenregistrarea audio intern\u0103 prin ie\u0219irile de 3,5 mm \u0219i UAC.<\/p>\n<h4>4 transmi\u021b\u0103toare \u0219i 1 receptor<\/h4>\n<p>\u00cen medii de filmare dinamice, cum ar fi transmisiunile \u00een direct sau interviurile de grup, sunt adesea necesare mai multe dispozitive de \u00eenregistrare. Folosind dou\u0103 transmi\u021b\u0103toare LARK MAX 2 \u0219i un receptor ca baz\u0103 sau un transmi\u021b\u0103tor \u0219i un receptor, acum pute\u021bi extinde configura\u021bia la patru transmi\u021b\u0103toare \u0219i un receptor.<\/p>\n<table width=\"780\">\n<tbody>\n<tr>\n<td width=\"193\">Sensibilitate microfon<\/td>\n<td width=\"587\">-37 dBV \u00b1 2 dBV@1 kHz, 94dB SPL<\/td>\n<\/tr>\n<tr>\n<td>Mod de modulare f\u0103r\u0103 fir<\/td>\n<td>GFSK 2 Mbps<\/td>\n<\/tr>\n<tr>\n<td>Transmisie f\u0103r\u0103 fir<\/td>\n<td>2,4 GHz Salt de frecven\u021b\u0103 adaptiv (AFH)<\/td>\n<\/tr>\n<tr>\n<td>Gama de transmisie<\/td>\n<td width=\"587\">Microfon: 1115ft (340m) pentru LOS \/ 230ft (70m) pentru NLOS<br \/>\nC\u0103\u0219ti pentru monitor OWS: 328ft (100m) pentru LOS \/ 230ft (70m) pentru NLOS<\/td>\n<\/tr>\n<tr>\n<td>Mic model polar<\/td>\n<td>Omnidirec\u021bional<\/td>\n<\/tr>\n<tr>\n<td>R\u0103spuns \u00een frecven\u021b\u0103<\/td>\n<td>20 Hz - 20 kHz<\/td>\n<\/tr>\n<tr>\n<td>Raportul semnal\/zgomot<\/td>\n<td>\u2265 72dB<\/td>\n<\/tr>\n<tr>\n<td>Nivel maxim de presiune sonor\u0103<\/td>\n<td>128dB SPL<\/td>\n<\/tr>\n<tr>\n<td>Rata de e\u0219antionare \u0219i ad\u00e2ncimea de bi\u021bi<\/td>\n<td>48 kHz \/ 32 bi\u021bi Float &amp; 48 kHz \/ 24 bi\u021bi<\/td>\n<\/tr>\n<tr>\n<td>Tensiunea bateriei<\/td>\n<td width=\"587\">Microfon: 3.87V<br \/>\nCamera RX: 3.87V<br \/>\nCarcas\u0103 de \u00eenc\u0103rcare: 3.8VOWS C\u0103\u0219ti de monitorizare: 3.7V<br \/>\nCarcas\u0103 pentru \u00eenc\u0103rcarea c\u0103\u0219tilor: 3.7V<\/td>\n<\/tr>\n<tr>\n<td>Capacitatea bateriei<\/td>\n<td width=\"587\">Microfon: 167 mAh<br \/>\nCamer\u0103 RX: 300 mAh<br \/>\nCarcas\u0103 de \u00eenc\u0103rcare: 2800 mAhOWS Monitor Earphone: 90 mAh<br \/>\nCarcas\u0103 pentru \u00eenc\u0103rcarea c\u0103\u0219tilor: 500 mAh<\/td>\n<\/tr>\n<tr>\n<td>Timp de func\u021bionare<\/td>\n<td width=\"587\">Microfon: Aproximativ 11 ore<br \/>\nCamera RX: Aprox. 12 oreOWS Monitor Earphone: Aprox. 18 ore<\/td>\n<\/tr>\n<tr>\n<td>Ciclul de \u00eenc\u0103rcare<\/td>\n<td width=\"587\">Carcas\u0103 de \u00eenc\u0103rcare: &gt; 2,5 ori \u00eenc\u0103rcare pentru 2 Mic \u0219i Camera RX \u00een acela\u0219i timp<br \/>\nCarcas\u0103 de \u00eenc\u0103rcare pentru c\u0103\u0219ti: &gt; 1,8 ori \u00eenc\u0103rcare pentru 2 c\u0103\u0219ti OWS Monitor \u00een acela\u0219i timp<\/td>\n<\/tr>\n<tr>\n<td>Timp de \u00eenc\u0103rcare<\/td>\n<td width=\"587\">Microfon: &lt; 1,5 ore<br \/>\nCamera RX: &lt; 1,5 oreOWS Monitor Earphone: &lt; 1,6 ore<\/td>\n<\/tr>\n<tr>\n<td>Temperatura de \u00eenc\u0103rcare<\/td>\n<td width=\"587\">0 ~ 45\u00b0 C<\/td>\n<\/tr>\n<tr>\n<td>Temperatura de func\u021bionare<\/td>\n<td width=\"587\">de la -10 la 55\u00b0 C<\/td>\n<\/tr>\n<tr>\n<td>Dimensiuni<\/td>\n<td width=\"587\">Microfon: Aprox. 23.4*10.2*45.1mm (0.92\u2033 \u00d7 0.40\u2033 \u00d7 1.78\u2033)<br \/>\nCamera RX: Aprox. 54.2*22.3*29.5mm (2.13\u2033 \u00d7 0.88\u2033 \u00d7 1.16\u2033)<br \/>\nUSB-C RX: Aprox. 40.7*9.1*27mm (1.60\u2033 \u00d7 0.36\u2033 \u00d7 1.06\u2033)<\/td>\n<\/tr>\n<tr>\n<td>Greutate<\/td>\n<td width=\"587\">Microfon: Aprox. 14g (0,51oz)<br \/>\nCamera RX: Aprox. 24g (0.85oz)<br \/>\nUSB-C RX: Aprox. 5.9g (0.21oz)<\/td>\n<\/tr>\n<\/tbody>\n<\/table>","protected":false},"excerpt":{"rendered":"<ul>\n<li><strong>Monitorizare audio wireless cu laten\u021b\u0103 redus\u0103<\/strong><\/li>\n<li><strong>\u00cenregistrare intern\u0103 flotant\u0103 pe 32 de bi\u021bi<\/strong><\/li>\n<li><strong>Transmisie audio revolu\u021bionar\u0103 pe 32 de bi\u021bi \u00een lan\u021b complet<\/strong><\/li>\n<li><strong>Eliminarea zgomotului cu ajutorul inteligen\u021bei artificiale<\/strong><\/li>\n<li><strong>Codul de timp<\/strong><\/li>\n<li><strong>4 emi\u021b\u0103toare \u0219i 1 receptor<\/strong><\/li>\n<li><strong>14 g potrivire invizibil\u0103<\/strong><\/li>\n<li><strong>Durata de 36 de ore<\/strong><\/li>\n<li><strong>1115 ft (340 m) f\u0103r\u0103 fir<\/strong><\/li>\n<li><strong>Material prietenos cu pielea cu nanocamer\u0103 excimer<\/strong><\/li>\n<\/ul>\n<p>&nbsp;<\/p>","protected":false},"featured_media":11573,"comment_status":"open","ping_status":"closed","template":"","meta":[],"product_brand":[129],"product_cat":[128],"product_tag":[243,178,216,217,215,214,207,242,241,231,240,233,237,238,235,239,234,236,232,244,230,245,177,205,227,226,222,219,225,218,211,223,228,224,221,220,212,210,206,229,213,208,209],"class_list":{"0":"post-11607","1":"product","2":"type-product","3":"status-publish","4":"has-post-thumbnail","6":"product_brand-hollyland","7":"product_cat-wireless-microphone","8":"product_tag-cumpara-microfon-chisinau","9":"product_tag-hollyland","10":"product_tag-hollyland-microphone","11":"product_tag-hollyland-moldova","12":"product_tag-lark-max","13":"product_tag-lark-max-2","14":"product_tag-lavalier-mic","15":"product_tag-microfon-cu-husa-de-incarcare","16":"product_tag-microfon-cu-reducerea-zgomotului","17":"product_tag-microfon-lavalier","18":"product_tag-microfon-pentru-bloggeri","19":"product_tag-microfon-pentru-camera","20":"product_tag-microfon-pentru-conferinte","21":"product_tag-microfon-pentru-interviuri","22":"product_tag-microfon-pentru-podcast","23":"product_tag-microfon-pentru-streaming","24":"product_tag-microfon-pentru-telefon","25":"product_tag-microfon-pentru-youtube","26":"product_tag-microfon-profesional","27":"product_tag-microfon-profesional-moldova","28":"product_tag-microfon-wireless","29":"product_tag-solutii-audio-profesionale-moldova","30":"product_tag-wireless-microphone","31":"product_tag-besprovodnoj-mikrofon","32":"product_tag-kupit-hollyland-moldova","33":"product_tag-kupit-mikrofon-kishinyov","34":"product_tag-mikrofon-dlya-youtube","35":"product_tag-mikrofon-dlya-blogerov","36":"product_tag-mikrofon-dlya-zhurnalistov","37":"product_tag-mikrofon-dlya-intervyu","38":"product_tag-mikrofon-dlya-kamery","39":"product_tag-mikrofon-dlya-konferenczij","40":"product_tag-mikrofon-dlya-meropriyatij","41":"product_tag-mikrofon-dlya-onlajn-urokov","42":"product_tag-mikrofon-dlya-podkasta","43":"product_tag-mikrofon-dlya-striminga","44":"product_tag-mikrofon-dlya-telefona","45":"product_tag-mikrofon-s-zaryadnym-kejsom","46":"product_tag-petlichnyj-mikrofon","47":"product_tag-professionalnoe-audio-moldova","48":"product_tag-professionalnyj-mikrofon","49":"product_tag-czifrovaya-peredacha-zvuka","50":"product_tag-shumopodavlenie","52":"first","53":"instock","54":"featured","55":"shipping-taxable","56":"purchasable","57":"product-type-variable","58":"has-default-attributes"},"_links":{"self":[{"href":"https:\/\/wireless.md\/ro\/wp-json\/wp\/v2\/product\/11607","targetHints":{"allow":["GET"]}}],"collection":[{"href":"https:\/\/wireless.md\/ro\/wp-json\/wp\/v2\/product"}],"about":[{"href":"https:\/\/wireless.md\/ro\/wp-json\/wp\/v2\/types\/product"}],"replies":[{"embeddable":true,"href":"https:\/\/wireless.md\/ro\/wp-json\/wp\/v2\/comments?post=11607"}],"version-history":[{"count":4,"href":"https:\/\/wireless.md\/ro\/wp-json\/wp\/v2\/product\/11607\/revisions"}],"predecessor-version":[{"id":12452,"href":"https:\/\/wireless.md\/ro\/wp-json\/wp\/v2\/product\/11607\/revisions\/12452"}],"wp:featuredmedia":[{"embeddable":true,"href":"https:\/\/wireless.md\/ro\/wp-json\/wp\/v2\/media\/11573"}],"wp:attachment":[{"href":"https:\/\/wireless.md\/ro\/wp-json\/wp\/v2\/media?parent=11607"}],"wp:term":[{"taxonomy":"product_brand","embeddable":true,"href":"https:\/\/wireless.md\/ro\/wp-json\/wp\/v2\/product_brand?post=11607"},{"taxonomy":"product_cat","embeddable":true,"href":"https:\/\/wireless.md\/ro\/wp-json\/wp\/v2\/product_cat?post=11607"},{"taxonomy":"product_tag","embeddable":true,"href":"https:\/\/wireless.md\/ro\/wp-json\/wp\/v2\/product_tag?post=11607"}],"curies":[{"name":"wp","href":"https:\/\/api.w.org\/{rel}","templated":true}]}}