{"id":11490,"date":"2025-04-03T13:50:56","date_gmt":"2025-04-03T13:50:56","guid":{"rendered":"https:\/\/lightsteelblue-walrus-848742.hostingersite.com\/?post_type=product&#038;p=11490"},"modified":"2025-08-24T13:42:29","modified_gmt":"2025-08-24T10:42:29","slug":"barco-clickshare-cx-20","status":"publish","type":"product","link":"https:\/\/wireless.md\/ro\/produs\/barco-clickshare-cx-20\/","title":{"rendered":"Barco Clickshare CX-20"},"content":{"rendered":"<p>sistem de conferin\u021be<br \/>\n1 surs\u0103 pe 1 ecran<br \/>\nButoane ClickShare - 1<br \/>\nConectare \u00een mai pu\u021bin de 7 secunde<br \/>\nF\u0103r\u0103 fir \/ f\u0103r\u0103 fir \/ f\u0103r\u0103 cabluri<br \/>\nButon\/aplica\u021bie<br \/>\nReflectarea ecranului<\/p>","protected":false},"excerpt":{"rendered":"<p>Barco ClickShare CX-20 este un sistem de conferin\u021be f\u0103r\u0103 fir conceput special pentru s\u0103li de \u0219edin\u021be \u0219i zone de discu\u021bii mai mici, spre deosebire de C-10, care este conceput pentru spa\u021bii mai mari \u0219i ofer\u0103 func\u021bii precum adnot\u0103ri \u0219i control pe ecran tactil. CX-20 pune accentul pe integrarea f\u0103r\u0103 probleme cu camerele, microfoanele \u0219i difuzoarele din sal\u0103 pentru a facilita \u00eent\u00e2lnirile hibride. Ambele modele suport\u0103 BYOD (Bring Your Own Device), inclusiv AirPlay, Google Cast \u0219i Miracast, dar CX-20 se concentreaz\u0103 mai mult pe confortul conferin\u021belor telefonice.<\/p>\n<blockquote><p><strong><a href=\"https:\/\/wireless.md\/ro\/barco-clickshare-system\/\" target=\"_blank\" rel=\"noopener\">Citi\u021bi mai multe despre tehnologia Clickshare...<\/a><\/strong><\/p><\/blockquote>","protected":false},"featured_media":11482,"comment_status":"open","ping_status":"closed","template":"","meta":[],"product_brand":[133],"product_cat":[180],"product_tag":[250,282,248,271,265,257,249,277,275,276,283,284,281,272,280,270,269,285,273,274,278,258,279,251,253,256,264,262,259,260,266,267,263,268,254,255,252,261],"class_list":{"0":"post-11490","1":"product","2":"type-product","3":"status-publish","4":"has-post-thumbnail","6":"product_brand-barco","7":"product_cat-wireless-colaboration","8":"product_tag-barco","9":"product_tag-barco-chisinau","10":"product_tag-barco-clickshare","11":"product_tag-barco-clickshare-moldova","12":"product_tag-barco-moldova","13":"product_tag-byod-konferenczii","14":"product_tag-clickshare","15":"product_tag-colaborare-fara-cabluri","16":"product_tag-conectare-wireless-la-ecran","17":"product_tag-conferinte-byod","18":"product_tag-cumpara-barco-moldova","19":"product_tag-cumpara-clickshare-chisinau","20":"product_tag-munca-colaborativa","21":"product_tag-prezentare-fara-cabluri","22":"product_tag-prezentari-corporate","23":"product_tag-sistem-barco","24":"product_tag-sistem-de-prezentare-wireless","25":"product_tag-solutii-av-profesionale-moldova","26":"product_tag-solutii-pentru-conferinte","27":"product_tag-solutii-pentru-sali-de-sedinte","28":"product_tag-solutii-ucc","29":"product_tag-ucc-resheniya","30":"product_tag-videoconferinte","31":"product_tag-wireless-presentation-system","32":"product_tag-besprovodnoe-podklyuchenie-k-ekranu","33":"product_tag-besprovodnoj-hdmi","34":"product_tag-besprovodnoj-ekran","35":"product_tag-biznes-prezentaczii","36":"product_tag-videokonferenczii","37":"product_tag-korporativnye-prezentaczii","38":"product_tag-kupit-barco-kishinyov","39":"product_tag-kupit-clickshare-moldova","40":"product_tag-podklyuchenie-odnim-klikom","41":"product_tag-professionalnoe-audio-video-moldova","42":"product_tag-reshenie-dlya-konferenczij","43":"product_tag-reshenie-dlya-peregovornoj-komnaty","44":"product_tag-sistema-besprovodnoj-prezentaczii","45":"product_tag-sovmestnaya-rabota","47":"first","48":"onbackorder","49":"shipping-taxable","50":"purchasable","51":"product-type-simple"},"_links":{"self":[{"href":"https:\/\/wireless.md\/ro\/wp-json\/wp\/v2\/product\/11490","targetHints":{"allow":["GET"]}}],"collection":[{"href":"https:\/\/wireless.md\/ro\/wp-json\/wp\/v2\/product"}],"about":[{"href":"https:\/\/wireless.md\/ro\/wp-json\/wp\/v2\/types\/product"}],"replies":[{"embeddable":true,"href":"https:\/\/wireless.md\/ro\/wp-json\/wp\/v2\/comments?post=11490"}],"version-history":[{"count":3,"href":"https:\/\/wireless.md\/ro\/wp-json\/wp\/v2\/product\/11490\/revisions"}],"predecessor-version":[{"id":12513,"href":"https:\/\/wireless.md\/ro\/wp-json\/wp\/v2\/product\/11490\/revisions\/12513"}],"wp:featuredmedia":[{"embeddable":true,"href":"https:\/\/wireless.md\/ro\/wp-json\/wp\/v2\/media\/11482"}],"wp:attachment":[{"href":"https:\/\/wireless.md\/ro\/wp-json\/wp\/v2\/media?parent=11490"}],"wp:term":[{"taxonomy":"product_brand","embeddable":true,"href":"https:\/\/wireless.md\/ro\/wp-json\/wp\/v2\/product_brand?post=11490"},{"taxonomy":"product_cat","embeddable":true,"href":"https:\/\/wireless.md\/ro\/wp-json\/wp\/v2\/product_cat?post=11490"},{"taxonomy":"product_tag","embeddable":true,"href":"https:\/\/wireless.md\/ro\/wp-json\/wp\/v2\/product_tag?post=11490"}],"curies":[{"name":"wp","href":"https:\/\/api.w.org\/{rel}","templated":true}]}}