{"id":11481,"date":"2025-04-03T13:20:33","date_gmt":"2025-04-03T13:20:33","guid":{"rendered":"https:\/\/lightsteelblue-walrus-848742.hostingersite.com\/?post_type=product&#038;p=11481"},"modified":"2025-08-24T13:42:05","modified_gmt":"2025-08-24T10:42:05","slug":"barco-clickshare-c-10","status":"publish","type":"product","link":"https:\/\/wireless.md\/ro\/produs\/barco-clickshare-c-10\/","title":{"rendered":"Barco Clickshare C-10"},"content":{"rendered":"<p>Func\u021bii interactive: touchback, adnot\u0103ri \u0219i avizier<br \/>\n2 surse pe 1 ecran<br \/>\nButoane ClickShare - 1 sau 2 (op\u021bional)<br \/>\nConectare \u00een mai pu\u021bin de 7 secunde<br \/>\nF\u0103r\u0103 fir \/ f\u0103r\u0103 fir \/ f\u0103r\u0103 cabluri<br \/>\nButon\/aplica\u021bie<br \/>\nReflectarea ecranului<\/p>","protected":false},"excerpt":{"rendered":"<p>Barco ClickShare C-10 este un sistem de prezentare f\u0103r\u0103 fir proiectat pentru s\u0103li de \u0219edin\u021be medii \u0219i mari, spre deosebire de modelul C-5, care este cel mai potrivit pentru spa\u021bii de lucru mai mici. C-10 ofer\u0103 caracteristici interactive, cum ar fi adnot\u0103rile \u0219i controlul ecranului tactil, lucru care nu se g\u0103se\u0219te pe modelul C-5. Ambele dispozitive accept\u0103 BYOD (Bring Your Own Device) complet, inclusiv AirPlay, Google Cast \u0219i Miracast, dar C-10 ofer\u0103 capabilit\u0103\u021bi \u00eembun\u0103t\u0103\u021bite pentru \u00eent\u00e2lniri mai complexe \u0219i mai mari.<\/p>\n<blockquote><p><strong><a href=\"https:\/\/wireless.md\/ro\/barco-clickshare-system\/\" target=\"_blank\" rel=\"noopener\">Citi\u021bi mai multe despre tehnologia Clickshare...<\/a><\/strong><\/p><\/blockquote>","protected":false},"featured_media":11482,"comment_status":"open","ping_status":"closed","template":"","meta":[],"product_brand":[133],"product_cat":[180],"product_tag":[250,282,248,271,265,257,249,277,275,276,283,284,281,272,280,270,269,285,273,274,278,258,279,251,253,256,264,262,259,260,266,267,263,268,254,255,252,261],"class_list":{"0":"post-11481","1":"product","2":"type-product","3":"status-publish","4":"has-post-thumbnail","6":"product_brand-barco","7":"product_cat-wireless-colaboration","8":"product_tag-barco","9":"product_tag-barco-chisinau","10":"product_tag-barco-clickshare","11":"product_tag-barco-clickshare-moldova","12":"product_tag-barco-moldova","13":"product_tag-byod-konferenczii","14":"product_tag-clickshare","15":"product_tag-colaborare-fara-cabluri","16":"product_tag-conectare-wireless-la-ecran","17":"product_tag-conferinte-byod","18":"product_tag-cumpara-barco-moldova","19":"product_tag-cumpara-clickshare-chisinau","20":"product_tag-munca-colaborativa","21":"product_tag-prezentare-fara-cabluri","22":"product_tag-prezentari-corporate","23":"product_tag-sistem-barco","24":"product_tag-sistem-de-prezentare-wireless","25":"product_tag-solutii-av-profesionale-moldova","26":"product_tag-solutii-pentru-conferinte","27":"product_tag-solutii-pentru-sali-de-sedinte","28":"product_tag-solutii-ucc","29":"product_tag-ucc-resheniya","30":"product_tag-videoconferinte","31":"product_tag-wireless-presentation-system","32":"product_tag-besprovodnoe-podklyuchenie-k-ekranu","33":"product_tag-besprovodnoj-hdmi","34":"product_tag-besprovodnoj-ekran","35":"product_tag-biznes-prezentaczii","36":"product_tag-videokonferenczii","37":"product_tag-korporativnye-prezentaczii","38":"product_tag-kupit-barco-kishinyov","39":"product_tag-kupit-clickshare-moldova","40":"product_tag-podklyuchenie-odnim-klikom","41":"product_tag-professionalnoe-audio-video-moldova","42":"product_tag-reshenie-dlya-konferenczij","43":"product_tag-reshenie-dlya-peregovornoj-komnaty","44":"product_tag-sistema-besprovodnoj-prezentaczii","45":"product_tag-sovmestnaya-rabota","47":"first","48":"onbackorder","49":"shipping-taxable","50":"purchasable","51":"product-type-variable"},"_links":{"self":[{"href":"https:\/\/wireless.md\/ro\/wp-json\/wp\/v2\/product\/11481","targetHints":{"allow":["GET"]}}],"collection":[{"href":"https:\/\/wireless.md\/ro\/wp-json\/wp\/v2\/product"}],"about":[{"href":"https:\/\/wireless.md\/ro\/wp-json\/wp\/v2\/types\/product"}],"replies":[{"embeddable":true,"href":"https:\/\/wireless.md\/ro\/wp-json\/wp\/v2\/comments?post=11481"}],"version-history":[{"count":2,"href":"https:\/\/wireless.md\/ro\/wp-json\/wp\/v2\/product\/11481\/revisions"}],"predecessor-version":[{"id":12511,"href":"https:\/\/wireless.md\/ro\/wp-json\/wp\/v2\/product\/11481\/revisions\/12511"}],"wp:featuredmedia":[{"embeddable":true,"href":"https:\/\/wireless.md\/ro\/wp-json\/wp\/v2\/media\/11482"}],"wp:attachment":[{"href":"https:\/\/wireless.md\/ro\/wp-json\/wp\/v2\/media?parent=11481"}],"wp:term":[{"taxonomy":"product_brand","embeddable":true,"href":"https:\/\/wireless.md\/ro\/wp-json\/wp\/v2\/product_brand?post=11481"},{"taxonomy":"product_cat","embeddable":true,"href":"https:\/\/wireless.md\/ro\/wp-json\/wp\/v2\/product_cat?post=11481"},{"taxonomy":"product_tag","embeddable":true,"href":"https:\/\/wireless.md\/ro\/wp-json\/wp\/v2\/product_tag?post=11481"}],"curies":[{"name":"wp","href":"https:\/\/api.w.org\/{rel}","templated":true}]}}