{"id":11029,"date":"2025-03-21T09:17:53","date_gmt":"2025-03-21T09:17:53","guid":{"rendered":"https:\/\/lightsteelblue-walrus-848742.hostingersite.com\/?post_type=product&#038;p=11029"},"modified":"2026-04-07T11:17:07","modified_gmt":"2026-04-07T08:17:07","slug":"solidcom-se","status":"publish","type":"product","link":"https:\/\/wireless.md\/ro\/produs\/solidcom-se\/","title":{"rendered":"Solidcom SE"},"content":{"rendered":"<table width=\"482\">\n<tbody>\n<tr>\n<td width=\"220\">Intervalul LOS<\/td>\n<td width=\"262\">1,100ft (350m)<\/td>\n<\/tr>\n<tr>\n<td>Frecven\u021ba de func\u021bionare<\/td>\n<td>2,4 GHz<\/td>\n<\/tr>\n<tr>\n<td>Mod de modulare<\/td>\n<td>GFSK<\/td>\n<\/tr>\n<tr>\n<td>Putere de transmisie<\/td>\n<td>\u2264 20dBm<\/td>\n<\/tr>\n<tr>\n<td>Sensibilitatea receptorului<\/td>\n<td>-92 dBm<\/td>\n<\/tr>\n<tr>\n<td>Capacitatea bateriei<\/td>\n<td>770 mAH (2.926Wh)<\/td>\n<\/tr>\n<tr>\n<td>Timp de \u00eenc\u0103rcare<\/td>\n<td>&lt; 3 ore<\/td>\n<\/tr>\n<tr>\n<td>R\u0103spuns \u00een frecven\u021b\u0103<\/td>\n<td>150 Hz-7 kHz (\u00b110dB)<\/td>\n<\/tr>\n<tr>\n<td>SNR<\/td>\n<td>&gt;70dB @94dBSPL, 1kHz<\/td>\n<\/tr>\n<tr>\n<td>Distorsiune<\/td>\n<td>&lt; 1% @94dB SPL, 150 Hz-7 kHz<\/td>\n<\/tr>\n<tr>\n<td>Tip microfon<\/td>\n<td>Electret<\/td>\n<\/tr>\n<tr>\n<td>SPL maxim de intrare<\/td>\n<td>&gt; 115dB SPL<\/td>\n<\/tr>\n<tr>\n<td>SPL de ie\u0219ire<\/td>\n<td>98dB SPL (@94dB SPL, 1kHz)<\/td>\n<\/tr>\n<tr>\n<td>Reducerea zgomotului ambiental<\/td>\n<td>&gt; 20dB (din toate direc\u021biile)<\/td>\n<\/tr>\n<tr>\n<td>Greutate<\/td>\n<td>\u2248 185.2g (cu baterie)<\/td>\n<\/tr>\n<tr>\n<td>Temperatura<\/td>\n<td width=\"262\">0 - 45\u00b0C (de lucru)<br \/>\n-10 - 60\u00b0C (depozitare)<\/td>\n<\/tr>\n<\/tbody>\n<\/table>","protected":false},"excerpt":{"rendered":"<p>Anularea zgomotului ENC<br \/>\nSolidcom SE este echipat cu anularea zgomotului prin microfon dublu ENC. Aceasta poate recunoa\u0219te \u00een mod dinamic zgomotul ambiental cu o reducere a zgomotului de p\u00e2n\u0103 la 20 dB.<br \/>\nCalitate clar\u0103 a apelurilor<br \/>\nAcestea ofer\u0103 apeluri clare cu o gam\u0103 de r\u0103spuns \u00een frecven\u021b\u0103 de la 150 Hz la 7 kHz \u0219i un raport semnal-zgomot &gt; 71 dB.<br \/>\nRezistent la ap\u0103 \u0219i design<br \/>\nCu o construc\u021bie impermeabil\u0103 de nivel IPX4, c\u0103\u0219tile ca \u00eentreg au un design industrial precis.<br \/>\nSetarea automat\u0103 a frecven\u021bei<br \/>\nEchipate cu un algoritm de reglare automat\u0103 a frecven\u021bei, acestea pot ajusta automat frecven\u021ba atunci c\u00e2nd \u00eent\u00e2lnesc interferen\u021be \u0219i au o distan\u021b\u0103 de transmisie de 350 m f\u0103r\u0103 interferen\u021be vizuale.<br \/>\nU\u0219urin\u021ba de utilizare<br \/>\nAcestea sunt gata de utilizare imediat ce sunt pornite. Suport\u0103 p\u00e2n\u0103 la 8 c\u0103i de comunicare cooperativ\u0103.<br \/>\nFunc\u021bia Mute<br \/>\nExist\u0103 dou\u0103 op\u021biuni de mute: butonul MUTE \u0219i mute prin ridicarea bra\u021bului microfonului. Butonul MUTE suport\u0103 modul PTT.<br \/>\nDurata de via\u021b\u0103 a bateriei<br \/>\nComplet \u00eenc\u0103rcate, c\u0103\u0219tile rezist\u0103 p\u00e2n\u0103 la 9 ore f\u0103r\u0103 re\u00eenc\u0103rcare \u0219i continu\u0103 s\u0103 se \u00eencarce \u00een timpul utiliz\u0103rii.<\/p>","protected":false},"featured_media":11039,"comment_status":"open","ping_status":"closed","template":"","meta":[],"product_brand":[129],"product_cat":[130],"product_tag":[],"class_list":{"0":"post-11029","1":"product","2":"type-product","3":"status-publish","4":"has-post-thumbnail","6":"product_brand-hollyland","7":"product_cat-intercom-system","9":"first","10":"instock","11":"featured","12":"shipping-taxable","13":"purchasable","14":"product-type-variable","15":"has-default-attributes"},"_links":{"self":[{"href":"https:\/\/wireless.md\/ro\/wp-json\/wp\/v2\/product\/11029","targetHints":{"allow":["GET"]}}],"collection":[{"href":"https:\/\/wireless.md\/ro\/wp-json\/wp\/v2\/product"}],"about":[{"href":"https:\/\/wireless.md\/ro\/wp-json\/wp\/v2\/types\/product"}],"replies":[{"embeddable":true,"href":"https:\/\/wireless.md\/ro\/wp-json\/wp\/v2\/comments?post=11029"}],"version-history":[{"count":3,"href":"https:\/\/wireless.md\/ro\/wp-json\/wp\/v2\/product\/11029\/revisions"}],"predecessor-version":[{"id":11442,"href":"https:\/\/wireless.md\/ro\/wp-json\/wp\/v2\/product\/11029\/revisions\/11442"}],"wp:featuredmedia":[{"embeddable":true,"href":"https:\/\/wireless.md\/ro\/wp-json\/wp\/v2\/media\/11039"}],"wp:attachment":[{"href":"https:\/\/wireless.md\/ro\/wp-json\/wp\/v2\/media?parent=11029"}],"wp:term":[{"taxonomy":"product_brand","embeddable":true,"href":"https:\/\/wireless.md\/ro\/wp-json\/wp\/v2\/product_brand?post=11029"},{"taxonomy":"product_cat","embeddable":true,"href":"https:\/\/wireless.md\/ro\/wp-json\/wp\/v2\/product_cat?post=11029"},{"taxonomy":"product_tag","embeddable":true,"href":"https:\/\/wireless.md\/ro\/wp-json\/wp\/v2\/product_tag?post=11029"}],"curies":[{"name":"wp","href":"https:\/\/api.w.org\/{rel}","templated":true}]}}