{"id":10965,"date":"2025-03-19T21:47:07","date_gmt":"2025-03-19T21:47:07","guid":{"rendered":"https:\/\/lightsteelblue-walrus-848742.hostingersite.com\/?post_type=product&#038;p=10965"},"modified":"2025-03-20T15:24:46","modified_gmt":"2025-03-20T15:24:46","slug":"pyro-s","status":"publish","type":"product","link":"https:\/\/wireless.md\/ro\/produs\/pyro-s\/","title":{"rendered":"Pyro S"},"content":{"rendered":"<p>Pyro S este o completare revolu\u021bionar\u0103 a gamei Hollyland Pyro \u0219i schimb\u0103 regulile jocului \u00een transmisia video wireless. Pyro S suport\u0103 HDMI \u0219i SDI I\/O \u0219i poate transmite c\u0103tre patru receptoare simultan cu o raz\u0103 de p\u00e2n\u0103 la 1300 de picioare (400 m) \u0219i o laten\u021b\u0103 minim\u0103 de numai 50 ms. Pyro S utilizeaz\u0103 tehnologia avansat\u0103 Auto Dual-Band Hopping (ADH) pentru a asigura o transmisie fiabil\u0103 \u0219i are moduri selectabile pentru nevoile dvs. reale de fotografiere. Corpul din aliaj de magneziu al Pyro S este mai u\u0219or \u0219i mai rezistent dec\u00e2t modelele tradi\u021bionale, ceea ce \u00eel face mai u\u0219or de transportat \u0219i utilizat. Este ideal pentru monitorizarea mai multor utilizatori \u00een scenarii de filmare dinamice, cum ar fi produc\u021bia de filme, streaming live \u0219i aplica\u021bii ENG\/EFP.<\/p>","protected":false},"excerpt":{"rendered":"<p>1 transmi\u021b\u0103tor \u0219i 4 receptoare (1TX \u0219i 1RX \u00een cutie)<br \/>\n400 m (1300 ft) raza de vizibilitate<br \/>\n0,06 s \u00eent\u00e2rziere sc\u0103zut\u0103<br \/>\nBand\u0103 dual\u0103 de 2,4 GHz \u0219i 5 GHz<br \/>\nSaltul automat de frecven\u021b\u0103<br \/>\nHDMI \u0219i SDI<br \/>\nMai multe op\u021biuni alimentare<br \/>\nStreaming UVC \u0219i RTMP<br \/>\nTransmisie 4K30<br \/>\nScoase din cutie<\/p>","protected":false},"featured_media":10966,"comment_status":"open","ping_status":"closed","template":"","meta":[],"product_brand":[129],"product_cat":[131],"product_tag":[],"class_list":{"0":"post-10965","1":"product","2":"type-product","3":"status-publish","4":"has-post-thumbnail","6":"product_brand-hollyland","7":"product_cat-video-solutions","9":"first","10":"onbackorder","11":"shipping-taxable","12":"purchasable","13":"product-type-variable"},"_links":{"self":[{"href":"https:\/\/wireless.md\/ro\/wp-json\/wp\/v2\/product\/10965","targetHints":{"allow":["GET"]}}],"collection":[{"href":"https:\/\/wireless.md\/ro\/wp-json\/wp\/v2\/product"}],"about":[{"href":"https:\/\/wireless.md\/ro\/wp-json\/wp\/v2\/types\/product"}],"replies":[{"embeddable":true,"href":"https:\/\/wireless.md\/ro\/wp-json\/wp\/v2\/comments?post=10965"}],"version-history":[{"count":1,"href":"https:\/\/wireless.md\/ro\/wp-json\/wp\/v2\/product\/10965\/revisions"}],"predecessor-version":[{"id":10979,"href":"https:\/\/wireless.md\/ro\/wp-json\/wp\/v2\/product\/10965\/revisions\/10979"}],"wp:featuredmedia":[{"embeddable":true,"href":"https:\/\/wireless.md\/ro\/wp-json\/wp\/v2\/media\/10966"}],"wp:attachment":[{"href":"https:\/\/wireless.md\/ro\/wp-json\/wp\/v2\/media?parent=10965"}],"wp:term":[{"taxonomy":"product_brand","embeddable":true,"href":"https:\/\/wireless.md\/ro\/wp-json\/wp\/v2\/product_brand?post=10965"},{"taxonomy":"product_cat","embeddable":true,"href":"https:\/\/wireless.md\/ro\/wp-json\/wp\/v2\/product_cat?post=10965"},{"taxonomy":"product_tag","embeddable":true,"href":"https:\/\/wireless.md\/ro\/wp-json\/wp\/v2\/product_tag?post=10965"}],"curies":[{"name":"wp","href":"https:\/\/api.w.org\/{rel}","templated":true}]}}