{"id":3,"date":"2025-02-14T13:56:47","date_gmt":"2025-02-14T13:56:47","guid":{"rendered":"https:\/\/lightsteelblue-walrus-848742.hostingersite.com\/?page_id=3"},"modified":"2025-03-22T16:15:50","modified_gmt":"2025-03-22T16:15:50","slug":"privacy-policy","status":"publish","type":"page","link":"https:\/\/wireless.md\/ro\/privacy-policy\/","title":{"rendered":"Politica de confiden\u021bialitate"},"content":{"rendered":"<div data-elementor-type=\"wp-page\" data-elementor-id=\"3\" class=\"elementor elementor-3\" data-elementor-post-type=\"page\">\n\t\t\t\t<div class=\"elementor-element elementor-element-1ec45c5 e-flex e-con-boxed e-con e-parent\" data-id=\"1ec45c5\" data-element_type=\"container\">\n\t\t\t\t\t<div class=\"e-con-inner\">\n\t\t\t\t<div class=\"elementor-element elementor-element-9e1364b wd-width-100 elementor-widget elementor-widget-wd_title\" data-id=\"9e1364b\" data-element_type=\"widget\" data-widget_type=\"wd_title.default\">\n\t\t\t\t<div class=\"elementor-widget-container\">\n\t\t\t\t\t\t\t<div class=\"title-wrapper set-mb-s reset-last-child wd-title-color-default wd-title-style-default wd-title-size-default text-center\">\n\n\t\t\t\n\t\t\t<div class=\"liner-continer\">\n\t\t\t\t<h4 class=\"woodmart-title-container title wd-fontsize-l\">Politica de confiden\u021bialitate<\/h4> \n\t\t\t\t\t\t\t<\/div>\n\n\t\t\t\t\t\t\t<div class=\"title-after_title set-cont-mb-s reset-last-child wd-fontsize-xs\">\n\t\t\t\t\t<p>C\u00e2nd naviga\u021bi pe site <a>WWW.WIRELESS.MD<\/a> ne furniza\u021bi 2 tipuri de informa\u021bii: informa\u021biile personale pe care le furniza\u021bi atunci c\u00e2nd efectua\u021bi achizi\u021bii (de exemplu, numele, prenumele, adresa, num\u0103rul de telefon etc.) \u0219i informa\u021bii despre utilizarea site-ului nostru, care sunt colectate automat de instrumentele noastre de analiz\u0103.<\/p>\t\t\t\t<\/div>\n\t\t\t\t\t<\/div>\n\t\t\t\t\t\t<\/div>\n\t\t\t\t<\/div>\n\t\t\t\t<div class=\"elementor-element elementor-element-866f3d0 wd-width-100 elementor-widget elementor-widget-wd_title\" data-id=\"866f3d0\" data-element_type=\"widget\" data-widget_type=\"wd_title.default\">\n\t\t\t\t<div class=\"elementor-widget-container\">\n\t\t\t\t\t\t\t<div class=\"title-wrapper set-mb-s reset-last-child wd-title-color-default wd-title-style-default wd-title-size-default text-left\">\n\n\t\t\t\n\t\t\t<div class=\"liner-continer\">\n\t\t\t\t<h4 class=\"woodmart-title-container title wd-fontsize-l\">Informa\u021bii personale<\/h4> \n\t\t\t\t\t\t\t<\/div>\n\n\t\t\t\t\t\t\t<div class=\"title-after_title set-cont-mb-s reset-last-child wd-fontsize-xs\">\n\t\t\t\t\t<p><a>WWW.WIRELESS.MD<\/a> nu va partaja informa\u021biile dvs. personale cu ter\u021be p\u0103r\u021bi. Toate informa\u021biile furnizate sunt p\u0103strate strict confiden\u021biale \u0219i nu vor fi v\u00e2ndute sau schimbate.<\/p>\t\t\t\t<\/div>\n\t\t\t\t\t<\/div>\n\t\t\t\t\t\t<\/div>\n\t\t\t\t<\/div>\n\t\t\t\t<div class=\"elementor-element elementor-element-deec44b wd-width-100 elementor-widget elementor-widget-wd_title\" data-id=\"deec44b\" data-element_type=\"widget\" data-widget_type=\"wd_title.default\">\n\t\t\t\t<div class=\"elementor-widget-container\">\n\t\t\t\t\t\t\t<div class=\"title-wrapper set-mb-s reset-last-child wd-title-color-default wd-title-style-default wd-title-size-default text-left\">\n\n\t\t\t\n\t\t\t<div class=\"liner-continer\">\n\t\t\t\t<h4 class=\"woodmart-title-container title wd-fontsize-l\">Informa\u021bii privind utilizarea site-ului web<\/h4> \n\t\t\t\t\t\t\t<\/div>\n\n\t\t\t\t\t\t\t<div class=\"title-after_title set-cont-mb-s reset-last-child wd-fontsize-xs\">\n\t\t\t\t\t<p>precum \u0219i multe alte site-uri comerciale, <a>WWW.WIRELESS.MD<\/a> utilizeaz\u0103 module cookie \u0219i jurnale web pentru a colecta informa\u021bii despre modul \u00een care utilizatorii interac\u021bioneaz\u0103 cu site-ul. Datele pot include data \u0219i ora vizitelor, paginile vizualizate, durata sesiunii \u0219i site-urile vizitate \u00eenainte \u0219i dup\u0103 magazinul nostru. Aceste date sunt colectate \u00eentr-o form\u0103 agregat\u0103 \u0219i nu sunt legate de un anumit utilizator.<\/p>\t\t\t\t<\/div>\n\t\t\t\t\t<\/div>\n\t\t\t\t\t\t<\/div>\n\t\t\t\t<\/div>\n\t\t\t\t<div class=\"elementor-element elementor-element-982016b wd-width-100 elementor-widget elementor-widget-wd_title\" data-id=\"982016b\" data-element_type=\"widget\" data-widget_type=\"wd_title.default\">\n\t\t\t\t<div class=\"elementor-widget-container\">\n\t\t\t\t\t\t\t<div class=\"title-wrapper set-mb-s reset-last-child wd-title-color-default wd-title-style-default wd-title-size-default text-left\">\n\n\t\t\t\n\t\t\t<div class=\"liner-continer\">\n\t\t\t\t<h4 class=\"woodmart-title-container title wd-fontsize-l\">Ce arat\u0103 cookie-urile?<\/h4> \n\t\t\t\t\t\t\t<\/div>\n\n\t\t\t\t\t\t\t<div class=\"title-after_title set-cont-mb-s reset-last-child wd-fontsize-xs\">\n\t\t\t\t\t<p>Cookie-urile sunt fi\u0219iere mici care sunt stocate pe dispozitivul dvs. atunci c\u00e2nd vizita\u021bi un site web. Acestea ajut\u0103 <a>WWW.WIRELESS.MD<\/a> s\u0103 re\u021bin\u0103 preferin\u021bele dvs. \u0219i s\u0103 v\u0103 faciliteze utilizarea \u00een continuare a site-ului. Dac\u0103 dori\u021bi s\u0103 dezactiva\u021bi modulele cookie, pute\u021bi face acest lucru \u00een set\u0103rile browserului dumneavoastr\u0103. Cu toate acestea, dezactivarea cookie-urilor poate afecta afi\u0219area \u0219i func\u021bionarea corect\u0103 a anumitor func\u021bii ale magazinului online.<\/p>\t\t\t\t<\/div>\n\t\t\t\t\t<\/div>\n\t\t\t\t\t\t<\/div>\n\t\t\t\t<\/div>\n\t\t\t\t<div class=\"elementor-element elementor-element-56c8f8c wd-width-100 elementor-widget elementor-widget-wd_title\" data-id=\"56c8f8c\" data-element_type=\"widget\" data-widget_type=\"wd_title.default\">\n\t\t\t\t<div class=\"elementor-widget-container\">\n\t\t\t\t\t\t\t<div class=\"title-wrapper set-mb-s reset-last-child wd-title-color-default wd-title-style-default wd-title-size-default text-left\">\n\n\t\t\t\n\t\t\t<div class=\"liner-continer\">\n\t\t\t\t<h4 class=\"woodmart-title-container title wd-fontsize-l\">Utilizarea informa\u021biilor de pe site<\/h4> \n\t\t\t\t\t\t\t<\/div>\n\n\t\t\t\t\t\t\t<div class=\"title-after_title set-cont-mb-s reset-last-child wd-fontsize-xs\">\n\t\t\t\t\t<p>Con\u021binutul site-ului <a>WWW.WIRELESS.MD<\/a> pot fi utilizate numai \u00een scopuri personale, informa\u021bionale \u0219i\/sau necomerciale. Nu pute\u021bi modifica, copia, publica, distribui sau utiliza niciun material de pe site f\u0103r\u0103 acordul scris al administra\u021biei site-ului <a>WWW.WIRELESS.MD<\/a>.<\/p>\t\t\t\t<\/div>\n\t\t\t\t\t<\/div>\n\t\t\t\t\t\t<\/div>\n\t\t\t\t<\/div>\n\t\t\t\t<div class=\"elementor-element elementor-element-b8d4019 wd-width-100 elementor-widget elementor-widget-wd_title\" data-id=\"b8d4019\" data-element_type=\"widget\" data-widget_type=\"wd_title.default\">\n\t\t\t\t<div class=\"elementor-widget-container\">\n\t\t\t\t\t\t\t<div class=\"title-wrapper set-mb-s reset-last-child wd-title-color-default wd-title-style-default wd-title-size-default text-left\">\n\n\t\t\t\n\t\t\t<div class=\"liner-continer\">\n\t\t\t\t<h4 class=\"woodmart-title-container title wd-fontsize-l\">acord<\/h4> \n\t\t\t\t\t\t\t<\/div>\n\n\t\t\t\t\t\t\t<div class=\"title-after_title set-cont-mb-s reset-last-child wd-fontsize-xs\">\n\t\t\t\t\t<p>Utilizarea site-ului <a>WWW.WIRELESS.MD<\/a>sunte\u021bi automat de acord cu termenii de colectare \u0219i utilizare a informa\u021biilor dvs. personale, astfel cum sunt descrise \u00een aceast\u0103 politic\u0103 de confiden\u021bialitate. Dac\u0103 modific\u0103m aceast\u0103 politic\u0103 de confiden\u021bialitate, vom posta versiunea actualizat\u0103 pe site-ul nostru. Dac\u0103 nu sunte\u021bi de acord cu modific\u0103rile, nu mai pute\u021bi utiliza site-ul.<\/p><p>Informa\u021bii despre companie: IDNO:1006600006870<br \/>Adresa fizic\u0103: bd. Rena\u0219terii Na\u021bionale, 7, Chi\u0219in\u0103u, MD2024<\/p>\t\t\t\t<\/div>\n\t\t\t\t\t<\/div>\n\t\t\t\t\t\t<\/div>\n\t\t\t\t<\/div>\n\t\t\t\t\t<\/div>\n\t\t\t\t<\/div>\n\t\t\t\t<\/div>","protected":false},"excerpt":{"rendered":"<p>\u041f\u043e\u043b\u0438\u0442\u0438\u043a\u0430 \u043a\u043e\u043d\u0444\u0438\u0434\u0435\u043d\u0446\u0438\u0430\u043b\u044c\u043d\u043e\u0441\u0442\u0438 \u041f\u0440\u0438 \u043f\u0440\u043e\u0441\u043c\u043e\u0442\u0440\u0435 \u0432\u0435\u0431-\u0441\u0430\u0439\u0442\u0430 WWW.WIRELESS.MD \u0432\u044b \u043f\u0440\u0435\u0434\u043e\u0441\u0442\u0430\u0432\u043b\u044f\u0435\u0442\u0435 \u043d\u0430\u043c 2 \u0442\u0438\u043f\u0430 \u0438\u043d\u0444\u043e\u0440\u043c\u0430\u0446\u0438\u0438: \u043b\u0438\u0447\u043d\u0443\u044e \u0438\u043d\u0444\u043e\u0440\u043c\u0430\u0446\u0438\u044e, \u043a\u043e\u0442\u043e\u0440\u0443\u044e \u0432\u044b \u043e\u0441\u0442\u0430\u0432\u043b\u044f\u0435\u0442\u0435 \u043f\u0440\u0438 \u0441\u043e\u0432\u0435\u0440\u0448\u0435\u043d\u0438\u0438 \u043f\u043e\u043a\u0443\u043f\u043e\u043a<\/p>","protected":false},"author":1,"featured_media":0,"parent":0,"menu_order":0,"comment_status":"closed","ping_status":"closed","template":"","meta":{"footnotes":""},"class_list":["post-3","page","type-page","status-publish","hentry"],"_links":{"self":[{"href":"https:\/\/wireless.md\/ro\/wp-json\/wp\/v2\/pages\/3","targetHints":{"allow":["GET"]}}],"collection":[{"href":"https:\/\/wireless.md\/ro\/wp-json\/wp\/v2\/pages"}],"about":[{"href":"https:\/\/wireless.md\/ro\/wp-json\/wp\/v2\/types\/page"}],"author":[{"embeddable":true,"href":"https:\/\/wireless.md\/ro\/wp-json\/wp\/v2\/users\/1"}],"replies":[{"embeddable":true,"href":"https:\/\/wireless.md\/ro\/wp-json\/wp\/v2\/comments?post=3"}],"version-history":[{"count":5,"href":"https:\/\/wireless.md\/ro\/wp-json\/wp\/v2\/pages\/3\/revisions"}],"predecessor-version":[{"id":11298,"href":"https:\/\/wireless.md\/ro\/wp-json\/wp\/v2\/pages\/3\/revisions\/11298"}],"wp:attachment":[{"href":"https:\/\/wireless.md\/ro\/wp-json\/wp\/v2\/media?parent=3"}],"curies":[{"name":"wp","href":"https:\/\/api.w.org\/{rel}","templated":true}]}}